{"id":222,"date":"2014-01-31T22:51:35","date_gmt":"2014-01-31T22:51:35","guid":{"rendered":"http:\/\/lcdglass.info\/?page_id=222"},"modified":"2014-03-22T17:19:45","modified_gmt":"2014-03-22T16:19:45","slug":"lcd-projection-glass","status":"publish","type":"page","link":"https:\/\/lcdglass.biz\/it\/products\/lcd-projection-glass\/","title":{"rendered":"Vetro LCD per proiezione"},"content":{"rendered":"<p>Applicazioni speciali per videoproiezione sono possibili con tutti i pannelli PRIVAGLASS in mescola proiettabile.<br \/>\nI pannelli LCD oscurabili SPECTRADOME PRIVAGLASS sono installabili anche su natanti ed imbarcazioni e possono assumere la funzione di schermo riflettente per proiezioni ad uso &#8220;home cinema&#8221;, oltre ad assolvere allo stesso tempo alla funzione principale per cui sono stati installati.<br \/>\nEssendo il funzionamento del sistema basato completamente sulle nanotecnologie, l&#8217;efficienza durante l&#8217;utilizzo \u00e8 massima sia per quanto riguarda il rapporto con l&#8217;ambiente (il sistema possiede propriet\u00e0 riflettenti ed isolanti per quanto riguarda i raggi infrarossi, cosa che gli permette di ottimizzare la temperatura ambientale contribuendo a mantenere i locali in cui \u00e8 installato proporzionalmente pi\u00f9 caldi d&#8217;inverno e pi\u00f9 freschi d&#8217;estate) sia per quanto riguarda l&#8217;efficienza tecnica in senso stretto.<br \/>\nQuanto il vetro oscurabile a cristalli liquidi si trova spento, le propriet\u00e0 dei cristalli liquidi ne permettono l&#8217;uso come superficie per proiezioni video.<div class=\"flagallerywraper\" style=\"text-align:right;\"><div class=\"flagallery phantom_skin\" id=\"FlaGallery_sc2_3\" style=\"width:560;margin-left: auto;\"><style type=\"text\/css\" class=\"flagallery_skin_style_import\">#FlaGallery_sc2_3 .flagPhantom_ThumbContainer {width:200px; height:180px;}#FlaGallery_sc2_3 .flagPhantom_MobileView .flagPhantom_ThumbContainer {width:150px; height:135px;}#FlaGallery_sc2_3 .flagPhantom_Container {margin-left:auto;margin-right:auto;}#FlaGallery_sc2_3 .flagPhantom_ThumbContainer {margin:8px 0 0 8px;}#FlaGallery_sc2_3 .flagPhantom_ThumbContainer {padding:2px;}#FlaGallery_sc2_3 .flagPhantom_LabelBottom .flagPhantom_ThumbContainer {padding-bottom:36px;}#FlaGallery_sc2_3 .flagPhantom_ThumbContainer,#FlaGallery_sc2_3 .flagPhantom_LabelBottom .flagPhantom_ThumbLabel {background-color:#ffffff;}#FlaGallery_sc2_3 .flagPhantom_ThumbContainer .flagPhantom_Thumb {opacity:0.9;}#FlaGallery_sc2_3 .flagPhantom_ThumbContainer:hover .flagPhantom_Thumb {opacity:1;}#FlaGallery_sc2_3 .flagPhantom_ThumbContainer {border:1px solid #cccccc;}#FlaGallery_sc2_3 .flagPhantom_ThumbContainer {box-shadow:0 0 5px -2px #cccccc;}#FlaGallery_sc2_3 .flagPhantom_ThumbLabel {color:#0b0b0b;}#FlaGallery_sc2_3 .flagPhantom_ThumbLabel a {color:#3695E7;}#FlaGallery_sc2_3 .flagPhantom_LabelInside .flagPhantom_ThumbLabel,#FlaGallery_sc2_3 .flagPhantom_LabelHover .flagPhantom_ThumbLabel {color:#ffffff;}#FlaGallery_sc2_3 .flagPhantom_LabelInside .flagPhantom_ThumbLabel a,#FlaGallery_sc2_3 .flagPhantom_LabelHover .flagPhantom_ThumbLabel a,#FlaGallery_sc2_3 .flagPhantom_LabelInside .flagPhantom_ThumbLabel a:hover,#FlaGallery_sc2_3 .flagPhantom_LabelHover .flagPhantom_ThumbLabel a:hover {color:#e7e179;}<\/style> <div class=\"flagPhantom_Container noLightbox\" style=\"opacity:0\"> <h3>LCD projection glass<\/h3><div class=\"flagPhantom_galleryDescription\"><p>LCD glass for multimedia projection <\/p><\/div> <div class=\"flagPhantom_thumbsWrapper flagPhantom_ThumbScale flagPhantom_LabelHover\"> <div class=\"flagPhantom_ThumbContainer flagPhantom_ThumbLoader\" data-id=\"7\" data-ratio=\"1.586402266289\" data-title=\"Interactive LCD projection\" data-views=\"1291\" data-likes=\"2\"> <a href=\"https:\/\/lcdglass.biz\/wp-content\/flagallery\/lcd-projection-glass\/webview\/dsc06989.jpg\" class=\"flagPhantom_Thumb\"><img decoding=\"async\" class=\"noLazy\" src=\"https:\/\/lcdglass.biz\/wp-content\/flagallery\/lcd-projection-glass\/thumbs\/thumbs_dsc06989.jpg\" data-src=\"https:\/\/lcdglass.biz\/wp-content\/flagallery\/lcd-projection-glass\/webview\/dsc06989.jpg\" alt=\"Interactive LCD projection\"\/><\/a> <div class=\"flagPhantom_ThumbLabel\"> <span class=\"flagPhantom_ThumbLabel_title\">Interactive LCD projection<\/span><\/div> <div style=\"display:none;\" class=\"flagPhantom_Details\"> <div class=\"flagPhantom_description\"> <div class=\"flagPhantom_title\">Interactive LCD projection<\/div> <div class=\"flagPhantom_text\"><p>Computer-assisted LCD projection<br \/>Projection LCD assist\u00e9e par ordinateur<br \/>Proiezione LCD interattiva<br \/>Proyecci\u00f3n LCD asistida por ordenador<\/p><\/div> <\/div> <\/div> <\/div> <div class=\"flagPhantom_ThumbContainer flagPhantom_ThumbLoader\" data-id=\"8\" data-ratio=\"1.3333333333333\" data-title=\"LCD projection\" data-views=\"1185\" data-likes=\"0\"> <a href=\"https:\/\/lcdglass.biz\/wp-content\/flagallery\/lcd-projection-glass\/webview\/multimedia.jpg\" class=\"flagPhantom_Thumb\"><img decoding=\"async\" class=\"noLazy\" src=\"https:\/\/lcdglass.biz\/wp-content\/flagallery\/lcd-projection-glass\/thumbs\/thumbs_multimedia.jpg\" data-src=\"https:\/\/lcdglass.biz\/wp-content\/flagallery\/lcd-projection-glass\/webview\/multimedia.jpg\" alt=\"LCD projection\"\/><\/a> <div class=\"flagPhantom_ThumbLabel\"> <span class=\"flagPhantom_ThumbLabel_title\">LCD projection<\/span><\/div> <div style=\"display:none;\" class=\"flagPhantom_Details\"> <div class=\"flagPhantom_description\"> <div class=\"flagPhantom_title\">LCD projection<\/div> <div class=\"flagPhantom_text\"><p>LCD projection at an exhibition<br \/>Projection LCD \u00e0 une exposition<br \/>Proiezione LCD per fiere e mostre<br \/>Proyecci\u00f3n LCD en una exposici\u00f3n<\/p><\/div> <\/div> <\/div> <\/div> <div class=\"flagPhantom_ThumbContainer flagPhantom_ThumbLoader\" data-id=\"9\" data-ratio=\"1.505376344086\" data-title=\"LCD projection\" data-views=\"1513\" data-likes=\"1\"> <a href=\"https:\/\/lcdglass.biz\/wp-content\/flagallery\/lcd-projection-glass\/webview\/power-on-with-projector.jpg\" class=\"flagPhantom_Thumb\"><img decoding=\"async\" class=\"noLazy\" src=\"https:\/\/lcdglass.biz\/wp-content\/flagallery\/lcd-projection-glass\/thumbs\/thumbs_power-on-with-projector.jpg\" data-src=\"https:\/\/lcdglass.biz\/wp-content\/flagallery\/lcd-projection-glass\/webview\/power-on-with-projector.jpg\" alt=\"LCD projection\"\/><\/a> <div class=\"flagPhantom_ThumbLabel\"> <span class=\"flagPhantom_ThumbLabel_title\">LCD projection<\/span><\/div> <div style=\"display:none;\" class=\"flagPhantom_Details\"> <div class=\"flagPhantom_description\"> <div class=\"flagPhantom_title\">LCD projection<\/div> <div class=\"flagPhantom_text\"><p>Opaque LCD glass with projected image<br \/>Verre LCD opaque avec image projet\u00e9e<br \/>Vetro LCD in stato opaco con immagine proiettata<br \/>LCD de cristal opaco con imagen proyectada<\/p><\/div> <\/div> <\/div> <\/div> <div class=\"flagPhantom_ThumbContainer flagPhantom_ThumbLoader\" data-id=\"10\" data-ratio=\"1.505376344086\" data-title=\"LCD projection \" data-views=\"1357\" data-likes=\"1\"> <a href=\"https:\/\/lcdglass.biz\/wp-content\/flagallery\/lcd-projection-glass\/webview\/power-on-with-screen.jpg\" class=\"flagPhantom_Thumb\"><img decoding=\"async\" class=\"noLazy\" src=\"https:\/\/lcdglass.biz\/wp-content\/flagallery\/lcd-projection-glass\/thumbs\/thumbs_power-on-with-screen.jpg\" data-src=\"https:\/\/lcdglass.biz\/wp-content\/flagallery\/lcd-projection-glass\/webview\/power-on-with-screen.jpg\" alt=\"LCD projection \"\/><\/a> <div class=\"flagPhantom_ThumbLabel\"> <span class=\"flagPhantom_ThumbLabel_title\">LCD projection <\/span><\/div> <div style=\"display:none;\" class=\"flagPhantom_Details\"> <div class=\"flagPhantom_description\"> <div class=\"flagPhantom_title\">LCD projection <\/div> <div class=\"flagPhantom_text\"><p>Transparent LCD glass revealing additional content<br \/>Verre transparent LCD r\u00e9v\u00e9lant contenu suppl\u00e9mentaire<br \/>Vetro LCD trasparente con contenuti addizionali sullo sfondo<br \/>Vidrio LCD transparente que revela el contenido adicional<\/p><\/div> <\/div> <\/div> <\/div> <\/div> <\/div> <script type=\"text\/javascript\"> jQuery(function(){ var settings = {\"maxheight\":\"0\",\"thumbCols\":\"0\",\"thumbRows\":\"0\",\"thumbsNavigation\":\"scroll\",\"bgColor\":\"#ffffff\",\"bgAlpha\":\"0\",\"thumbWidth\":\"200\",\"thumbHeight\":\"180\",\"thumbWidthMobile\":\"150\",\"thumbHeightMobile\":\"135\",\"thumbsSpacing\":\"8\",\"thumbsVerticalPadding\":\"4\",\"thumbsHorizontalPadding\":\"4\",\"thumbsAlign\":\"center\",\"thumbScale\":\"1\",\"thumbBG\":\"#ffffff\",\"thumbAlpha\":\"90\",\"thumbAlphaHover\":\"100\",\"thumbBorderSize\":\"1\",\"thumbBorderColor\":\"#cccccc\",\"thumbPadding\":\"2\",\"thumbsInfo\":\"label\",\"labelOnHover\":\"1\",\"labelTextColor\":\"#ffffff\",\"labelLinkColor\":\"#e7e179\",\"label8TextColor\":\"#0b0b0b\",\"label8LinkColor\":\"#3695E7\",\"tooltipTextColor\":\"#0b0b0b\",\"tooltipBgColor\":\"#ffffff\",\"tooltipStrokeColor\":\"#000000\",\"lightboxControlsColor\":\"#ffffff\",\"lightboxTitleColor\":\"#f3f3f3\",\"lightboxTextColor\":\"#f3f3f3\",\"lightboxBGColor\":\"#0b0b0b\",\"lightboxBGAlpha\":\"80\",\"socialShareEnabled\":\"1\",\"deepLinks\":\"1\",\"sidebarBGColor\":\"#ffffff\",\"lightbox800HideArrows\":\"0\",\"viewsEnabled\":\"1\",\"likesEnabled\":\"1\",\"thumb2link\":\"0\",\"show_title\":\"1\",\"initRPdelay\":\"200\",\"key\":\"\",\"name\":\"\",\"mfp_css\":\"\\r\\n#mfp_gm_sc2_3 .mfp-arrow-right:after,\\r\\n#mfp_gm_sc2_3 .mfp-arrow-right .mfp-a {border-left-color:#ffffff;}\\r\\n#mfp_gm_sc2_3 .mfp-arrow-left:after,\\r\\n#mfp_gm_sc2_3 .mfp-arrow-left .mfp-a {border-right-color:#ffffff;}\\r\\n#mfp_gm_sc2_3 .mfp-close,\\r\\n#mfp_gm_sc2_3 .mfp-likes,\\r\\n#mfp_gm_sc2_3 .mfp-share {color:#ffffff;}\\r\\n#mfp_gm_sc2_3 .mfp-preloader {background-color:#ffffff;}\\r\\n#mfp_gm_sc2_3 .flagPhantom_title,\\r\\n#mfp_gm_sc2_3 .mfp-counter {color:#f3f3f3;}\\r\\n#mfp_gm_sc2_3 .flagPhantom_text {color:#f3f3f3;}\\r\\n#mfp_gm_sc2_3_bg.mfp-bg {background-color:#0b0b0b;}\\r\\n#mfp_gm_sc2_3_bg.mfp-bg {opacity:0.8;}\\r\\n#mfp_gm_sc2_3_bg.mfp-zoom-in.mfp-bg {opacity:0}\\r\\n#mfp_gm_sc2_3_bg.mfp-zoom-in.mfp-ready.mfp-bg {opacity:0.8;}\\r\\n#mfp_gm_sc2_3_bg.mfp-zoom-in.mfp-removing.mfp-bg {opacity:0}\"}; jQuery('#FlaGallery_sc2_3').flagPhantom([settings]); }); <\/script><\/div><\/div><noscript id=\"noscript_FlaGallery_sc2_3\"><img class=\"skip-lazy no-lazyload noLazy\" data-lazy-src=\"\" src =\"https:\/\/lcdglass.biz\/wp-content\/flagallery\/lcd-projection-glass\/dsc06989.jpg\" alt=\"Interactive LCD projection\" \/><img class=\"skip-lazy no-lazyload noLazy\" data-lazy-src=\"\" src =\"https:\/\/lcdglass.biz\/wp-content\/flagallery\/lcd-projection-glass\/multimedia.jpg\" alt=\"LCD projection\" \/><img class=\"skip-lazy no-lazyload noLazy\" data-lazy-src=\"\" src =\"https:\/\/lcdglass.biz\/wp-content\/flagallery\/lcd-projection-glass\/power-on-with-projector.jpg\" alt=\"LCD projection\" \/><img class=\"skip-lazy no-lazyload noLazy\" data-lazy-src=\"\" src =\"https:\/\/lcdglass.biz\/wp-content\/flagallery\/lcd-projection-glass\/power-on-with-screen.jpg\" alt=\"LCD projection\" \/><\/noscript><\/p>","protected":false},"excerpt":{"rendered":"<p>Applicazioni speciali per videoproiezione sono possibili con tutti i pannelli PRIVAGLASS in mescola proiettabile. I pannelli LCD oscurabili SPECTRADOME PRIVAGLASS sono installabili anche su natanti ed imbarcazioni e possono assumere la funzione di schermo riflettente per proiezioni ad uso &#8220;home cinema&#8221;, oltre ad assolvere allo stesso tempo alla funzione principale \u2026<\/p>\n<p class=\"continue-reading-button\"> <a class=\"continue-reading-link\" href=\"https:\/\/lcdglass.biz\/it\/products\/lcd-projection-glass\/\">Continue reading<i class=\"crycon-right-dir\"><\/i><\/a><\/p>\n","protected":false},"author":2,"featured_media":0,"parent":129,"menu_order":0,"comment_status":"closed","ping_status":"open","template":"","meta":{"footnotes":""},"class_list":["post-222","page","type-page","status-publish","hentry"],"aioseo_notices":[],"_links":{"self":[{"href":"https:\/\/lcdglass.biz\/it\/wp-json\/wp\/v2\/pages\/222","targetHints":{"allow":["GET"]}}],"collection":[{"href":"https:\/\/lcdglass.biz\/it\/wp-json\/wp\/v2\/pages"}],"about":[{"href":"https:\/\/lcdglass.biz\/it\/wp-json\/wp\/v2\/types\/page"}],"author":[{"embeddable":true,"href":"https:\/\/lcdglass.biz\/it\/wp-json\/wp\/v2\/users\/2"}],"replies":[{"embeddable":true,"href":"https:\/\/lcdglass.biz\/it\/wp-json\/wp\/v2\/comments?post=222"}],"version-history":[{"count":5,"href":"https:\/\/lcdglass.biz\/it\/wp-json\/wp\/v2\/pages\/222\/revisions"}],"predecessor-version":[{"id":253,"href":"https:\/\/lcdglass.biz\/it\/wp-json\/wp\/v2\/pages\/222\/revisions\/253"}],"up":[{"embeddable":true,"href":"https:\/\/lcdglass.biz\/it\/wp-json\/wp\/v2\/pages\/129"}],"wp:attachment":[{"href":"https:\/\/lcdglass.biz\/it\/wp-json\/wp\/v2\/media?parent=222"}],"curies":[{"name":"wp","href":"https:\/\/api.w.org\/{rel}","templated":true}]}}