{"id":140,"date":"2014-01-25T23:10:49","date_gmt":"2014-01-25T23:10:49","guid":{"rendered":"http:\/\/lcdglass.info\/?page_id=140"},"modified":"2014-03-22T17:19:44","modified_gmt":"2014-03-22T16:19:44","slug":"f-a-q","status":"publish","type":"page","link":"https:\/\/lcdglass.biz\/it\/f-a-q\/","title":{"rendered":"Domande frequenti"},"content":{"rendered":"<p>&#8211; D.: quanto costa?<br \/>\n&#8211; R.: non si tratta di un prodotto economico. La spesa complessiva di tutti i costi (prodotto, accessori ed installazione\/posa in opera) del nostro sistema LCD supera abbondantemente i 1.200 Euro al metro quadrato. Tale spesa pu\u00f2 incrementare o diminuire in funzione di molteplici fattori, quali la superficie complessiva acquistata, le eventuali lavorazioni aggiuntive o accessori richiesti (telecomandi, controlli speciali), ecc.<\/p>\n<p>&#8211; D.: il risultato estetico \u00e8 garantito?<br \/>\n&#8211; R.: se vengono rispettate le indicazioni fornite dalla nostra divisione tecnica, la resa estetica ad installazione avvenuta si presenta tra le migliori possibili.<\/p>\n<p>&#8211; D.: la mia privacy \u00e8 garantita?<br \/>\n&#8211; R.: assolutamente si. Non risulta in alcun modo possibile vedere attraverso il vetro o la lastra LCD quanto gli stessi si trovano in stato opaco. In determinate circostanze di illuminazione e presenza di soggetti in prossimit\u00e0 delle vetrature trattate con LCD possono verificarsi fenomeni di proiezione di ombre sulla superficie LCD, ma anche in questo caso viene esclusa ogni possibilit\u00e0 di visualizzazione di ulteriori particolari.<\/p>\n<p>&#8211; D.: quali altri benefici posso ottenere, oltre a quelli estetici e di privacy?<br \/>\n&#8211; R.: il nostro sistema LCD si basa sull&#8217;utilizzo di nanotecnologie che permettono di ottimizzare l&#8217;uso del prodotto in tutti i sensi. Ad esempio, la mescola a cristalli liquidi utilizzata permette la reiezione sia alla radiazione infrarossa che a quella ultravioletta, ottenendo come risultato quello di porsi come prodotto ecologico, contribuendo a mantenere gli ambienti dove sono installate le lastre LCD tendenzialmente pi\u00f9 freschi in estate e pi\u00f9 caldi in inverno.<\/p>\n<p>&#8211; D.: chi si occupa dell&#8217;installazione?<br \/>\n&#8211; R.: siamo in grado di fornire &#8220;chiavi in mano&#8221; sia il prodotto che il servizo, garantendo ai nostri clienti la presenza di un UNICO interlocutore tecnicamente preparato e l&#8217;installazione pu\u00f2 essere richiesta direttamente a SPECTRADOME. Una competente squadra di installazione \u00e8 disponibile ed in grado di affrontare situazioni anche complesse, sia in caso di superfici vetrate fisse che mobili, ovvero in piano orizzontale o verticale, con vetri e serramenti gi\u00e0 in posa o da posare. Alternativamente, l&#8217;installazione pu\u00f2 essere richiesta ad uno dei nostri partners commerciali autorizzati: in questi casi, le condizioni ed i costi di fornitura possono essere soggetti a variazioni.<\/p>\n<p>&#8211; D.: l&#8217;installazione \u00e8 compresa nel prezzo al metro quadrato?<br \/>\n&#8211; R.: no. L&#8217;installazione \u00e8 il momento piu&#8217; delicato e critico nel processo di fornitura del sistema al cliente. Come tale, richiede personale estremamente competente e preparato, oltre ad una dotazione di mezzi tecnici ad uso esclusivo per l&#8217;installazione del sistema e alla verifica di una serie di condizioni presenti in loco al momento dell&#8217;installazione. Una tale ammontare di valore aggiunto non pu\u00f2 (e non deve) essere compreso nel prezzo del prodotto.<\/p>\n<p>&#8211; D.: sono possibili acquisti anche di piccole superfici?<br \/>\n&#8211; R.: si. La particolare tecnologia e lavorazione rendono possibili anche piccole o piccolissime superfici (fino ad alcuni decimetri quadrati), il cui prezzo viene riparametrato partendo dal costo per metro quadrato in rapporto alla superficie richiesta.<\/p>\n<p>&#8211; D.: il vetro \u00e8 fornito compreso nel prezzo?<br \/>\n&#8211; R.: dipende. Siamo in grado di servire quasi tutti i tipi di installazione: possiamo fornire lastre complete di vetro come pure applicare il cristallo liquido direttamente a vetri gi\u00e0 installati senza necessit\u00e0 di sostituirli.<\/p>\n<p>&#8211; D.: in caso di installazione su vetri gi\u00e0 esistenti quali tipi di superfici sono compatibili per l&#8217;installazione?<br \/>\n&#8211; R.: quasi tutte. A parte i vetri sabbiati o con superfici scabrose, l&#8217;installazione del sistema LCD PRIVAGLASS pu\u00f2 avvenire su tutti i tipi di vetri (compresi quelli antisfondamento o blindati).<\/p>\n<p>&#8211; D.: il sistema LCD PRIVAGLASS si danneggia facilmente?<br \/>\n&#8211; R.: dipende. Se annegato a vetro la resistenza risulta elevata e solo rompendo il vetro si ottiene un significativo danneggiamento LCD. Se installato su vetri gi\u00e0 esistenti, invece, il sistema risulta molto pi\u00f9 delicato ed andrebbero usate le stesse cautele che si usano su un monitor LCD per computer. In questi casi, urti, graffi, uso di solventi o detergenti aggressivi per la pulizia sono tutti da evitare per assicurare un prolungato uso nel tempo del sistema.<\/p>\n<p>&#8211; D.: quali tipi di lavorazioni o forme delle lastre LCD sono possibili?<br \/>\n&#8211; R.: quasi tutte. Grazie ad un competente staff tecnico, siamo in grado di fornire lavorazioni anche difficili delle lastre in forma quadrata, rettangolare, circolare, semicircolare e ad arco. Per tutte le lavorazioni complesse (in particolare modo quelle circolari, semicircolari, ecc.), \u00e8 necessario fornire disegni tecnici con le misure precise delle varie superfici LCD richieste.<\/p>\n<p>&#8211; D.: quali sono i costi di installazione da aggiungere al prezzo delle lastre LCD al metro quadrato?<br \/>\n&#8211; R.: i costi di installazione sono formati dalle voci relative alla manodopera oraria, agli oneri di trasferta presso il cliente, alle spese per il trasporto in sicurezza delle lastre, al rimborso spese di viaggio e soggiorno (specialmente in caso di clienti distanti dalla nostra sede o per installazioni complesse della durata di alcuni giorni). Mediamente, per lavori di una certa entit\u00e0 (superficie maggiore o uguale a 10 metri quadrati) i costi di installazione incidono per una percentuale variabile dal 25% al 45% del costo della superficie LCD acquistata.<\/p>\n<p>&#8211; D.: come faccio a richiedere un preventivo?<br \/>\n&#8211; R.: per formulare un preventivo sono necessarie diverse informazioni che ci permettano di comprendere esattamente come deve essere effettuata l&#8217;installazione. Fotografie, disegni tecnici, planimetrie, descrizione dettagliata del tipo di infissi ed eventualmente vetri da utilizzare per l&#8217;installazione, sono assolutamente necessari e possono essere inviati all&#8217;indirizzo email della nostra divisione tecnica, presente sul sito.<\/p>\n<p>&#8211; D.: perch\u00e9 sono necessarie cos\u00ec tante informazioni per formulare un preventivo?<br \/>\n&#8211; R.: essenzialmente per due motivi. Il primo motivo riguarda la complessit\u00e0 del processo di installazione, che ci impone di conoscere la situazione fin nei minimi dettagli, senza lasciare niente al caso. Il secondo motivo \u00e8 di natura squisitamente pratica e riguarda il fatto che le lastre LCD sono prodotte completamente su misura rispetto alla richiesta del singolo cliente e, una volta tagliate secondo le misure comunicate, non sono assolutamente modificabili una seconda volta.<\/p>\n<p>&#8211; D.: \u00e8 possibile utilizzare il vostro sistema LCD per oscurare completamente un ambiente?<br \/>\n&#8211; R.: no. Per quanto sia impossibile vedere attraverso le lastre LCD quando queste si trovano in stato opaco, le stesse mantengono un certo grado di permeabilita&#8217; alle onde luminose e, pertanto, non consentono di ottenere un oscuramento totale dell&#8217;ambiente interno. Anche lo stesso vetro elettrocromico, peraltro, non consente il buio totale nell&#8217;ambiente di installazione.<\/p>\n<p>&#8211; D.: \u00e8 possibile utilizzare il vostro sistema LCD per videoproiezione?<br \/>\n&#8211; R.: si, e la resa \u00e8 solitamente molto buona. Esistono tuttavia una serie di elementi che devono essere attentamente valutati prima di operare un&#8217;installazione definitiva, se il cliente ha interesse all&#8217;uso delle lastre LCD per fini di videoproiezione.<\/p>\n<p>&#8211; D.: \u00e8 possibile richiedere personalizzazioni particolari per quanto riguarda la parte elettrica del sistema?<br \/>\n&#8211; R.: si. Il nostro preparatissimo staff tecnico \u00e8 in grado di sfruttare il sistema PRIVAGLASS fino al massimo dei suoi limiti. Questo significa che sono possibili personalizzazioni particolari del sistema a partire dai comandi di accensione\/spegnimento, fino ad arrivare all&#8217;integrazione con sistemi domotici e controlli audiovisivi supervisionati da computer.<\/p>\n<p>&#8211; D.: \u00e8 possibile richiedere installazioni personalizzate su mobili o vetrinette?<br \/>\n&#8211; R.: solitamente si. La conferma definitiva, tuttavia, puo&#8217; essere data solo a seguito dell&#8217;analisi dei documenti e delle informazioni fornite dal cliente ai fini della formulazione del preventivo.<\/p>\n<p>&#8211; D.: \u00e8 possibile l&#8217;uso su autoveicoli?<br \/>\n&#8211; R.: per quanto teoricamente possibile, l&#8217;applicazione delle lastre LCD PRIVAGLASS su autoveicoli in sostituzione delle classiche pellicole oscuranti, presenta innumerevoli problemi di natura tecnica\/applicativa e non risulta consigliabile.<\/p>\n<p>&#8211; D.: \u00e8 possibile l&#8217;uso su natanti e imbarcazioni?<br \/>\n&#8211; R.: l&#8217;uso su natanti ed imbarcazioni presenta minori problemi tecnici rispetto a quello su autoveicoli e risulta possibile su conferma di fattibilit\u00e0 applicata al caso specifico da parte della nostra divisione tecnica (anche in questo caso la trasmissione di documenti informativi risulta assolutamente necessaria).<\/p>\n<p>&#8211; D.: in che modo posso confermare un ordine, se sono interessato?<br \/>\n&#8211; R.: solitamente, dopo averci trasmesso tutte le informazioni ed i dati tecnici richiesti ed aver ricevuto il nostro preventivo di spesa, il nostro cliente decide se confermare l&#8217;ordine di acquisto. In questo caso l&#8217;unica modalit\u00e0 di conferma ordine prevista \u00e8 tramite invio a mezzo fax del contratto di fornitura e servizi che dettaglia la quantit\u00e0 e qualit\u00e0 dei prodotti e servizi acquistati e le modalit\u00e0 di espletamento delle prestazioni.<\/p>\n<p>&#8211; D.: quali sono le forme di pagamento accettate?<br \/>\n&#8211; R.: la forma di pagamento accettata \u00e8 unicamente il bonifico bancario anticipato per l&#8217;intero importo dei costi oggettivamente quantificabili a preventivo. Essendo le lastre LCD completamente su misura, il pagamento per le stesse \u00e8 da intendersi anticipato per l&#8217;intero importo della fornitura.<\/p>\n<p>&#8211; D.: dopo aver firmato il contratto ed effettuato il pagamento ho cambiato idea e desidero recedere, posso farlo?<br \/>\n&#8211; R.: no. Il contratto \u00e8 vincolante ed i beni acquistati (lastre LCD) sono prodotte su esclusiva misura e specifiche del cliente. Ferme restando le garanzie sul prodotto a termini di legge, per transazioni commerciali aventi oggetto questo tipo di beni, il Codice Civile non prevede diritto di recesso.<\/p>","protected":false},"excerpt":{"rendered":"<p>&#8211; D.: quanto costa? &#8211; R.: non si tratta di un prodotto economico. La spesa complessiva di tutti i costi (prodotto, accessori ed installazione\/posa in opera) del nostro sistema LCD supera abbondantemente i 1.200 Euro al metro quadrato. Tale spesa pu\u00f2 incrementare o diminuire in funzione di molteplici fattori, quali \u2026<\/p>\n<p class=\"continue-reading-button\"> <a class=\"continue-reading-link\" href=\"https:\/\/lcdglass.biz\/it\/f-a-q\/\">Continue reading<i class=\"crycon-right-dir\"><\/i><\/a><\/p>\n","protected":false},"author":2,"featured_media":0,"parent":0,"menu_order":0,"comment_status":"closed","ping_status":"open","template":"","meta":{"footnotes":""},"class_list":["post-140","page","type-page","status-publish","hentry"],"aioseo_notices":[],"_links":{"self":[{"href":"https:\/\/lcdglass.biz\/it\/wp-json\/wp\/v2\/pages\/140","targetHints":{"allow":["GET"]}}],"collection":[{"href":"https:\/\/lcdglass.biz\/it\/wp-json\/wp\/v2\/pages"}],"about":[{"href":"https:\/\/lcdglass.biz\/it\/wp-json\/wp\/v2\/types\/page"}],"author":[{"embeddable":true,"href":"https:\/\/lcdglass.biz\/it\/wp-json\/wp\/v2\/users\/2"}],"replies":[{"embeddable":true,"href":"https:\/\/lcdglass.biz\/it\/wp-json\/wp\/v2\/comments?post=140"}],"version-history":[{"count":6,"href":"https:\/\/lcdglass.biz\/it\/wp-json\/wp\/v2\/pages\/140\/revisions"}],"predecessor-version":[{"id":173,"href":"https:\/\/lcdglass.biz\/it\/wp-json\/wp\/v2\/pages\/140\/revisions\/173"}],"wp:attachment":[{"href":"https:\/\/lcdglass.biz\/it\/wp-json\/wp\/v2\/media?parent=140"}],"curies":[{"name":"wp","href":"https:\/\/api.w.org\/{rel}","templated":true}]}}