{"id":135,"date":"2014-01-25T23:06:30","date_gmt":"2014-01-25T23:06:30","guid":{"rendered":"http:\/\/lcdglass.info\/?page_id=135"},"modified":"2014-03-22T17:19:45","modified_gmt":"2014-03-22T16:19:45","slug":"resellers","status":"publish","type":"page","link":"https:\/\/lcdglass.biz\/it\/resellers\/","title":{"rendered":"Rivenditori"},"content":{"rendered":"<p>Siamo costantemente alla ricerca di rivenditori e distributori esclusivi in <strong>tutto il mondo<\/strong>.<\/p>\n<p>Se sei un privato o un&#8217;azienda con una base minima di competenze tecniche di installazione di infissi e telai di porte\/finestre o vetri e sei interessato a diventare nostro distributore esclusivo o semplicemente rivendere il nostro vetro LCD PRIVAGLASS, ti preghiamo di contattarci immediatamente.<\/p>\n<p>Abbiamo reso la tecnologia del sistema SPECTRADOME PRIVAGLASS facilmente trasferibile e siamo attualmente in grado di fornire tutto ci\u00f2 che \u00e8 necessario per avviare un business estremamente redditizio, praticamente senza concorrenza nella tua zona.<\/p>\n<p>Che cosa abbiamo da offrire? Un sacco di cose:<\/p>\n<ul>\n<li>un prodotto hi-tech davvero unico il cui assemblaggio e funzionamento sono completamente basati sulle nanotecnologie;<\/li>\n<li>interessanti margini di profitto;<\/li>\n<li>possibilit\u00e0 di minimizzare gli investimenti;<\/li>\n<li>opportunit\u00e0 di rivendere una soluzione completa (prodotto + installazione) ai vostri clienti, incrementando cos\u00ec ancora di pi\u00f9 i profitti;<\/li>\n<li>tutta l&#8217;affidabilit\u00e0 e la sicurezza che solo qualit\u00e0 ed un sistema professionale possono offrire.<\/li>\n<\/ul>\n<p>Come posso diventare un affiliato \/ distributore ?<br \/>\nIn realt\u00e0 \u00e8 molto semplice : prima di tutto, decidere se siete interessati ad una semplice rivendita o alla distribuzione esclusiva. Mentre la semplice rivendita non comporta alcun impegno specifico diverso dalla conferma di un ordine di acquisto nei termini e condizioni del rivenditore, per il distributore esclusivo si ottiene un&#8217;area di esclusiva a fronte di un impegno che prevede la conferma di un ordine di acquisto sostanziale immediato ed il raggiungimento di un fatturato annuo minimo.<\/p>\n<p>In secondo luogo, non vi resta che contattarci per informarci circa la vostra scelta .<\/p>\n<p>Per entrambe le opzioni e con la sola esclusione dei costi di spedizione , non ci sono altri costi aggiuntivi o nascosti a carico del rivenditore\/distributore, con una produzione e fornitura dei pannelli di vetro LCD che avvengono direttamente a distributori e rivenditori, al momento di ricevimento dei loro ordini.<\/p>\n<p>Invitiamo tutte le aziende e gli individui interessati a finalizzare un accordo esclusivo di distribuzione o di rivendita per il sistema vetro a cristalli liquidi PRIVAGLASS a contattarci utilizzando uno dei seguenti riferimenti :<\/p>\n<p>telefono: +41 4450 87 068 ( Svizzera) o +39 051 051 69 89 ( Italia )<\/p>\n<p>fax: +39 06 233 123 54<\/p>\n<p>e-mail : si prega di utilizzare l&#8217;apposito modulo su &#8220;Contattaci&#8221; pagina<\/p>","protected":false},"excerpt":{"rendered":"<p>Siamo costantemente alla ricerca di rivenditori e distributori esclusivi in tutto il mondo. Se sei un privato o un&#8217;azienda con una base minima di competenze tecniche di installazione di infissi e telai di porte\/finestre o vetri e sei interessato a diventare nostro distributore esclusivo o semplicemente rivendere il nostro vetro \u2026<\/p>\n<p class=\"continue-reading-button\"> <a class=\"continue-reading-link\" href=\"https:\/\/lcdglass.biz\/it\/resellers\/\">Continue reading<i class=\"crycon-right-dir\"><\/i><\/a><\/p>\n","protected":false},"author":2,"featured_media":0,"parent":0,"menu_order":0,"comment_status":"closed","ping_status":"open","template":"","meta":{"footnotes":""},"class_list":["post-135","page","type-page","status-publish","hentry"],"aioseo_notices":[],"_links":{"self":[{"href":"https:\/\/lcdglass.biz\/it\/wp-json\/wp\/v2\/pages\/135","targetHints":{"allow":["GET"]}}],"collection":[{"href":"https:\/\/lcdglass.biz\/it\/wp-json\/wp\/v2\/pages"}],"about":[{"href":"https:\/\/lcdglass.biz\/it\/wp-json\/wp\/v2\/types\/page"}],"author":[{"embeddable":true,"href":"https:\/\/lcdglass.biz\/it\/wp-json\/wp\/v2\/users\/2"}],"replies":[{"embeddable":true,"href":"https:\/\/lcdglass.biz\/it\/wp-json\/wp\/v2\/comments?post=135"}],"version-history":[{"count":5,"href":"https:\/\/lcdglass.biz\/it\/wp-json\/wp\/v2\/pages\/135\/revisions"}],"predecessor-version":[{"id":163,"href":"https:\/\/lcdglass.biz\/it\/wp-json\/wp\/v2\/pages\/135\/revisions\/163"}],"wp:attachment":[{"href":"https:\/\/lcdglass.biz\/it\/wp-json\/wp\/v2\/media?parent=135"}],"curies":[{"name":"wp","href":"https:\/\/api.w.org\/{rel}","templated":true}]}}