{"id":127,"date":"2014-01-25T23:01:01","date_gmt":"2014-01-25T23:01:01","guid":{"rendered":"http:\/\/lcdglass.info\/?page_id=127"},"modified":"2016-09-21T17:24:51","modified_gmt":"2016-09-21T16:24:51","slug":"about-us","status":"publish","type":"page","link":"https:\/\/lcdglass.biz\/it\/about-us\/","title":{"rendered":"Azienda"},"content":{"rendered":"<p><a href=\"http:\/\/lcdglass.biz\/wp-content\/uploads\/2014\/01\/company.jpg\"><img loading=\"lazy\" decoding=\"async\" class=\"alignright wp-image-362\" src=\"http:\/\/lcdglass.info\/wp-content\/uploads\/2014\/01\/company-300x201.jpg\" alt=\"our company\" width=\"300\" height=\"201\" srcset=\"https:\/\/lcdglass.biz\/wp-content\/uploads\/2014\/01\/company-300x201.jpg 300w, https:\/\/lcdglass.biz\/wp-content\/uploads\/2014\/01\/company-223x150.jpg 223w, https:\/\/lcdglass.biz\/wp-content\/uploads\/2014\/01\/company-150x100.jpg 150w, https:\/\/lcdglass.biz\/wp-content\/uploads\/2014\/01\/company.jpg 500w\" sizes=\"auto, (max-width: 300px) 100vw, 300px\" \/><\/a>SPECTRADOME \u00e8 un\u2019azienda italo-svizzera specializzata nel settore della sorveglianza e difesa elettronica, consulenza e progettazione di sistemi elettronici: operiamo a livello internazionale e disponiamo di alcuni dei migliori ritrovati tecnologici del settore.<\/p>\n<p>Oltre ad una selezione estremamente completa, che si estende dai prodotti per la sorveglianza e sicurezza alle apparecchiature elettroniche pi\u00f9 costose, SPECTRADOME \u00e8 specializzata nella progettazione e manifattura di prodotti hi-tech di alta qualit\u00e0 e ad uso specifico: il sistema PRIVAGLASS (vetro LCD a cristalli liquidi) costituisce non solo uno dei nostri maggiori successi, ma soprattutto uno strumento perfetto per chiunque desideri tutelare la propria privacy e riservatezza con un tocco di stile.<\/p>\n<p>La nostra offerta prodotto \u00e8 unica al mondo e ci permette di offrire ben quattro diverse mescole LCD in abbinamento a qualsiasi tipo di vetro, dal normale &#8220;thermopane&#8221; al vetro antiproiettile. Grazie ad una competente divisione tecnica e ad un&#8217;abilissima ed esperta squadra di installazione, siamo in grado di installare i nostri vetri LCD a cristallo liquido in qualsiasi ambientazione, anche in caso di superfici vetrate <span id=\"result_box\" class=\"short_text\" lang=\"it\"><span class=\"hps alt-edited\">gi\u00e0 presenti e senza necessit<\/span><\/span>\u00e0 di sostituirle.<\/p>\n<p>All&#8217;interno della pagina \u201cprodotti\u201d abbiamo reso disponibile una descrizione dettagliata per ognuno dei nostri prodotti disponibili, che comprendono vetri LCD a cristallo liquido, vetri LED, vetri olografici, vetri multimediali e vetri &#8220;see-through&#8221; per la visione a senso unico.\u00a0 Nelle altre pagine di questo sito sono disponibili documenti video e fotografici oltre a documenti stampabili in formato PDF, resi disponibili per permettere una valutazione immediata delle prestazioni dei nostri vetri LCD PRIVAGLASS.<\/p>\n<p>Siamo a disposizione per qualsiasi chiarimento relativamente al nostro sistema con lastra vetro oscurabile LCD PRIVAGLASS, ai vetri LED ed a tutti gli altri nostri prodotti e sistemi, come pure per richieste relative ad affiliazione e rivendita.<\/p>\n<p>Ulteriori informazioni sono disponibili nelle sezioni \u201crivenditori\u201d e \u201ccome comprare\u201d del nostro sito.<\/p>","protected":false},"excerpt":{"rendered":"<p>SPECTRADOME \u00e8 un\u2019azienda italo-svizzera specializzata nel settore della sorveglianza e difesa elettronica, consulenza e progettazione di sistemi elettronici: operiamo a livello internazionale e disponiamo di alcuni dei migliori ritrovati tecnologici del settore. Oltre ad una selezione estremamente completa, che si estende dai prodotti per la sorveglianza e sicurezza alle apparecchiature \u2026<\/p>\n<p class=\"continue-reading-button\"> <a class=\"continue-reading-link\" href=\"https:\/\/lcdglass.biz\/it\/about-us\/\">Continue reading<i class=\"crycon-right-dir\"><\/i><\/a><\/p>\n","protected":false},"author":2,"featured_media":0,"parent":0,"menu_order":0,"comment_status":"closed","ping_status":"open","template":"","meta":{"footnotes":""},"class_list":["post-127","page","type-page","status-publish","hentry"],"aioseo_notices":[],"_links":{"self":[{"href":"https:\/\/lcdglass.biz\/it\/wp-json\/wp\/v2\/pages\/127","targetHints":{"allow":["GET"]}}],"collection":[{"href":"https:\/\/lcdglass.biz\/it\/wp-json\/wp\/v2\/pages"}],"about":[{"href":"https:\/\/lcdglass.biz\/it\/wp-json\/wp\/v2\/types\/page"}],"author":[{"embeddable":true,"href":"https:\/\/lcdglass.biz\/it\/wp-json\/wp\/v2\/users\/2"}],"replies":[{"embeddable":true,"href":"https:\/\/lcdglass.biz\/it\/wp-json\/wp\/v2\/comments?post=127"}],"version-history":[{"count":8,"href":"https:\/\/lcdglass.biz\/it\/wp-json\/wp\/v2\/pages\/127\/revisions"}],"predecessor-version":[{"id":439,"href":"https:\/\/lcdglass.biz\/it\/wp-json\/wp\/v2\/pages\/127\/revisions\/439"}],"wp:attachment":[{"href":"https:\/\/lcdglass.biz\/it\/wp-json\/wp\/v2\/media?parent=127"}],"curies":[{"name":"wp","href":"https:\/\/api.w.org\/{rel}","templated":true}]}}