{"id":391,"date":"2014-03-14T00:18:41","date_gmt":"2014-03-13T23:18:41","guid":{"rendered":"http:\/\/lcdglass.info\/?page_id=391"},"modified":"2014-03-22T17:19:44","modified_gmt":"2014-03-22T16:19:44","slug":"dynamic-led-glass","status":"publish","type":"page","link":"https:\/\/lcdglass.biz\/fr\/products\/dynamic-led-glass\/","title":{"rendered":"Verre LED dynamique"},"content":{"rendered":"<p>Le verre LED dynamique est un produit r\u00e9volutionnaire qui peut servir deux fonctions importantes au m\u00eame temps: il peut \u00eatre utilis\u00e9 comme un meuble ou mur de s\u00e9paration et agir comme un outil de publicit\u00e9 tr\u00e8s attractive en m\u00eame temps.<br \/>\nEn effet, gr\u00e2ce \u00e0 sa technologie unique, le verre LED dynamique est programmable et peut afficher des messages, des images ou des logos.<br \/>\nLe logo de votre entreprise, une image de points monochromes ou des messages jusqu&rsquo;\u00e0 250 caract\u00e8res peuvent \u00eatre programm\u00e9s pour appara\u00eetre dans une s\u00e9quence dynamique sur la surface du verre LED, peu importe comment grand ou petit il sera.<br \/>\nNotre verre LED dynamique peut transformer soit une petite fen\u00eatre ou toute la fa\u00e7ade d&rsquo;un b\u00e2timent dans un espace publicitaire futuriste: en effet, les applications potentielles sont nombreuses et de grand effet esth\u00e9tique.<\/p>\n<p><a href=\"http:\/\/lcdglass.info\/wp-content\/uploads\/2014\/03\/Combination-is-available-Polydigit.jpg\"><img loading=\"lazy\" decoding=\"async\" class=\"aligncenter size-medium wp-image-393\" alt=\"Combination is available - Polydigit\" src=\"http:\/\/lcdglass.info\/wp-content\/uploads\/2014\/03\/Combination-is-available-Polydigit-300x168.jpg\" width=\"300\" height=\"168\" srcset=\"https:\/\/lcdglass.biz\/wp-content\/uploads\/2014\/03\/Combination-is-available-Polydigit-300x168.jpg 300w, https:\/\/lcdglass.biz\/wp-content\/uploads\/2014\/03\/Combination-is-available-Polydigit-250x140.jpg 250w, https:\/\/lcdglass.biz\/wp-content\/uploads\/2014\/03\/Combination-is-available-Polydigit-150x84.jpg 150w, https:\/\/lcdglass.biz\/wp-content\/uploads\/2014\/03\/Combination-is-available-Polydigit.jpg 458w\" sizes=\"auto, (max-width: 300px) 100vw, 300px\" \/><\/a><\/p>","protected":false},"excerpt":{"rendered":"<p>Le verre LED dynamique est un produit r\u00e9volutionnaire qui peut servir deux fonctions importantes au m\u00eame temps: il peut \u00eatre utilis\u00e9 comme un meuble ou mur de s\u00e9paration et agir comme un outil de publicit\u00e9 tr\u00e8s attractive en m\u00eame temps. En effet, gr\u00e2ce \u00e0 sa technologie unique, le verre LED \u2026<\/p>\n<p class=\"continue-reading-button\"> <a class=\"continue-reading-link\" href=\"https:\/\/lcdglass.biz\/fr\/products\/dynamic-led-glass\/\">Continue reading<i class=\"crycon-right-dir\"><\/i><\/a><\/p>\n","protected":false},"author":2,"featured_media":0,"parent":129,"menu_order":0,"comment_status":"closed","ping_status":"open","template":"","meta":{"footnotes":""},"class_list":["post-391","page","type-page","status-publish","hentry"],"aioseo_notices":[],"_links":{"self":[{"href":"https:\/\/lcdglass.biz\/fr\/wp-json\/wp\/v2\/pages\/391","targetHints":{"allow":["GET"]}}],"collection":[{"href":"https:\/\/lcdglass.biz\/fr\/wp-json\/wp\/v2\/pages"}],"about":[{"href":"https:\/\/lcdglass.biz\/fr\/wp-json\/wp\/v2\/types\/page"}],"author":[{"embeddable":true,"href":"https:\/\/lcdglass.biz\/fr\/wp-json\/wp\/v2\/users\/2"}],"replies":[{"embeddable":true,"href":"https:\/\/lcdglass.biz\/fr\/wp-json\/wp\/v2\/comments?post=391"}],"version-history":[{"count":3,"href":"https:\/\/lcdglass.biz\/fr\/wp-json\/wp\/v2\/pages\/391\/revisions"}],"predecessor-version":[{"id":395,"href":"https:\/\/lcdglass.biz\/fr\/wp-json\/wp\/v2\/pages\/391\/revisions\/395"}],"up":[{"embeddable":true,"href":"https:\/\/lcdglass.biz\/fr\/wp-json\/wp\/v2\/pages\/129"}],"wp:attachment":[{"href":"https:\/\/lcdglass.biz\/fr\/wp-json\/wp\/v2\/media?parent=391"}],"curies":[{"name":"wp","href":"https:\/\/api.w.org\/{rel}","templated":true}]}}