{"id":384,"date":"2014-03-13T21:10:59","date_gmt":"2014-03-13T20:10:59","guid":{"rendered":"http:\/\/lcdglass.info\/?page_id=384"},"modified":"2014-03-22T17:19:45","modified_gmt":"2014-03-22T16:19:45","slug":"lcd-switchable-windows","status":"publish","type":"page","link":"https:\/\/lcdglass.biz\/fr\/products\/lcd-switchable-windows\/","title":{"rendered":"Fen\u00eatres LCD \u00e0 cristaux liquides"},"content":{"rendered":"<p>R\u00e9servez votre fen\u00eatre LCD personnalis\u00e9e chez nous!<a href=\"http:\/\/lcdglass.info\/wp-content\/uploads\/2014\/03\/LCDwindowoff.jpg\"><img loading=\"lazy\" decoding=\"async\" class=\"alignright size-medium wp-image-387\" alt=\"LCDwindowoff\" src=\"http:\/\/lcdglass.info\/wp-content\/uploads\/2014\/03\/LCDwindowoff-167x300.jpg\" width=\"167\" height=\"300\" srcset=\"https:\/\/lcdglass.biz\/wp-content\/uploads\/2014\/03\/LCDwindowoff-167x300.jpg 167w, https:\/\/lcdglass.biz\/wp-content\/uploads\/2014\/03\/LCDwindowoff-334x600.jpg 334w, https:\/\/lcdglass.biz\/wp-content\/uploads\/2014\/03\/LCDwindowoff-83x150.jpg 83w, https:\/\/lcdglass.biz\/wp-content\/uploads\/2014\/03\/LCDwindowoff.jpg 421w\" sizes=\"auto, (max-width: 167px) 100vw, 167px\" \/><\/a><\/p>\n<p>Vous pouvez facilement remplacer les vitres ordinaires dans vos fen\u00eatres avec notre verre LCD en enlevant simplement vos vitres normales du cadre de la fen\u00eatre et les remplacer avec nos verres LCD pour transformer votre fen\u00eatre dans une fen\u00eatre LCD commutable tr\u00e8s \u00e9l\u00e9gante.<br \/>\nApr\u00e8s avoir rappel\u00e9 la taille exacte du verre mont\u00e9 actuellement dans le cadre de votre fen\u00eatre, dites-nous la taille et commandez vos propres fen\u00eatres LCD: ils seront embarqu\u00e9s directement \u00e0 votre porte et en plus des instructions d&rsquo;installation que nous envoyons, tout ce dont vous aurez besoin sera l&rsquo;aide d&rsquo;un \u00e9lectricien qualifi\u00e9 e d&rsquo;un installateur de portes et fen\u00eatres dans votre r\u00e9gion.<a href=\"http:\/\/lcdglass.info\/wp-content\/uploads\/2014\/03\/LCDwindowon.jpg\"><img loading=\"lazy\" decoding=\"async\" class=\"alignright size-medium wp-image-388\" alt=\"LCDwindowon\" src=\"http:\/\/lcdglass.info\/wp-content\/uploads\/2014\/03\/LCDwindowon-160x300.jpg\" width=\"160\" height=\"300\" srcset=\"https:\/\/lcdglass.biz\/wp-content\/uploads\/2014\/03\/LCDwindowon-160x300.jpg 160w, https:\/\/lcdglass.biz\/wp-content\/uploads\/2014\/03\/LCDwindowon-320x600.jpg 320w, https:\/\/lcdglass.biz\/wp-content\/uploads\/2014\/03\/LCDwindowon-80x150.jpg 80w, https:\/\/lcdglass.biz\/wp-content\/uploads\/2014\/03\/LCDwindowon.jpg 410w\" sizes=\"auto, (max-width: 160px) 100vw, 160px\" \/><\/a><\/p>\n<p>Une installation de bricolage est \u00e9galement possible si vous poss\u00e9dez les comp\u00e9tences n\u00e9cessaires.<\/p>\n<p>La transformation de la fen\u00eatre normale \u00e0 fen\u00eatre LCD commutable est particuli\u00e8rement recommand\u00e9e en cas d&rsquo;exposition \u00e9lev\u00e9e et constante de vos fen\u00eatres au soleil: gr\u00e2ce aux propri\u00e9t\u00e9s du cristal liquide, en fait, les rayons UV sont sont r\u00e9fl\u00e9chis presque compl\u00e8tement, ce qui contribue \u00e0 \u00e9viter que la temp\u00e9rature interne de la chambre s&rsquo;\u00e9l\u00e8ve.<\/p>\n<p>La configuration standard pour nos fen\u00eatres LCD est en verre double avec isolant thermo-acoustique scell\u00e9, 25mm d&rsquo;\u00e9paisseur: personnalisations suppl\u00e9mentaires concernant le type de verre, \u00e9paisseur, m\u00e9lange de cristaux liquides et commandes d&rsquo;activation sont tous disponibles sur demande.<\/p>","protected":false},"excerpt":{"rendered":"<p>R\u00e9servez votre fen\u00eatre LCD personnalis\u00e9e chez nous! Vous pouvez facilement remplacer les vitres ordinaires dans vos fen\u00eatres avec notre verre LCD en enlevant simplement vos vitres normales du cadre de la fen\u00eatre et les remplacer avec nos verres LCD pour transformer votre fen\u00eatre dans une fen\u00eatre LCD commutable tr\u00e8s \u00e9l\u00e9gante. \u2026<\/p>\n<p class=\"continue-reading-button\"> <a class=\"continue-reading-link\" href=\"https:\/\/lcdglass.biz\/fr\/products\/lcd-switchable-windows\/\">Continue reading<i class=\"crycon-right-dir\"><\/i><\/a><\/p>\n","protected":false},"author":2,"featured_media":0,"parent":129,"menu_order":0,"comment_status":"closed","ping_status":"open","template":"","meta":{"footnotes":""},"class_list":["post-384","page","type-page","status-publish","hentry"],"aioseo_notices":[],"_links":{"self":[{"href":"https:\/\/lcdglass.biz\/fr\/wp-json\/wp\/v2\/pages\/384","targetHints":{"allow":["GET"]}}],"collection":[{"href":"https:\/\/lcdglass.biz\/fr\/wp-json\/wp\/v2\/pages"}],"about":[{"href":"https:\/\/lcdglass.biz\/fr\/wp-json\/wp\/v2\/types\/page"}],"author":[{"embeddable":true,"href":"https:\/\/lcdglass.biz\/fr\/wp-json\/wp\/v2\/users\/2"}],"replies":[{"embeddable":true,"href":"https:\/\/lcdglass.biz\/fr\/wp-json\/wp\/v2\/comments?post=384"}],"version-history":[{"count":3,"href":"https:\/\/lcdglass.biz\/fr\/wp-json\/wp\/v2\/pages\/384\/revisions"}],"predecessor-version":[{"id":390,"href":"https:\/\/lcdglass.biz\/fr\/wp-json\/wp\/v2\/pages\/384\/revisions\/390"}],"up":[{"embeddable":true,"href":"https:\/\/lcdglass.biz\/fr\/wp-json\/wp\/v2\/pages\/129"}],"wp:attachment":[{"href":"https:\/\/lcdglass.biz\/fr\/wp-json\/wp\/v2\/media?parent=384"}],"curies":[{"name":"wp","href":"https:\/\/api.w.org\/{rel}","templated":true}]}}