{"id":296,"date":"2014-03-02T00:50:35","date_gmt":"2014-03-01T23:50:35","guid":{"rendered":"http:\/\/lcdglass.info\/?page_id=296"},"modified":"2014-03-22T17:19:44","modified_gmt":"2014-03-22T16:19:44","slug":"our-professionals","status":"publish","type":"page","link":"https:\/\/lcdglass.biz\/fr\/our-professionals\/","title":{"rendered":"Nos professionnels"},"content":{"rendered":"<p>Un produit d&rsquo;excellence ne peut pas exister sans que derri\u00e8re cela, il ya des hommes d&rsquo;excellence.<br \/>\nCes hommes d&rsquo;excellence sont nos professionnels: avec une \u00e9quipe de conception technique et une \u00e9quipe d&rsquo;installation qui sont uniques dans l&rsquo;industrie, nous sommes en mesure de fournir \u00e0 tous nos clients la meilleure esth\u00e9tique et l&rsquo;installation la plus fiable pour leurs produits PRIVAGLASS.<\/p>\n<p>SPECTRADOME est probablement l&rsquo;une des rares entreprises dans le monde (et certainement la seule en Italie) \u00e0 proposer des syst\u00e8mes de verre \u00e0 cristaux liquides enti\u00e8rement personnalis\u00e9s agissant comme un fournisseur unique au client final pour la consultation et l&rsquo;\u00e9tude de faisabilit\u00e9, l&rsquo;offre de produits, la livraison et l&rsquo;installation.<div class=\"flagallerywraper\" style=\"text-align:right;\"><div class=\"flagallery phantom_skin\" id=\"FlaGallery_sc3_8\" style=\"width:568;margin-left: auto;\"><style type=\"text\/css\" class=\"flagallery_skin_style_import\">#FlaGallery_sc3_8 .flagPhantom_ThumbContainer {width:200px; height:180px;}#FlaGallery_sc3_8 .flagPhantom_MobileView .flagPhantom_ThumbContainer {width:150px; height:135px;}#FlaGallery_sc3_8 .flagPhantom_Container {margin-left:auto;margin-right:auto;}#FlaGallery_sc3_8 .flagPhantom_ThumbContainer {margin:8px 0 0 8px;}#FlaGallery_sc3_8 .flagPhantom_ThumbContainer {padding:2px;}#FlaGallery_sc3_8 .flagPhantom_LabelBottom .flagPhantom_ThumbContainer {padding-bottom:36px;}#FlaGallery_sc3_8 .flagPhantom_ThumbContainer,#FlaGallery_sc3_8 .flagPhantom_LabelBottom .flagPhantom_ThumbLabel {background-color:#ffffff;}#FlaGallery_sc3_8 .flagPhantom_ThumbContainer .flagPhantom_Thumb {opacity:0.9;}#FlaGallery_sc3_8 .flagPhantom_ThumbContainer:hover .flagPhantom_Thumb {opacity:1;}#FlaGallery_sc3_8 .flagPhantom_ThumbContainer {border:1px solid #cccccc;}#FlaGallery_sc3_8 .flagPhantom_ThumbContainer {box-shadow:0 0 5px -2px #cccccc;}#FlaGallery_sc3_8 .flagPhantom_ThumbLabel {color:#0b0b0b;}#FlaGallery_sc3_8 .flagPhantom_ThumbLabel a {color:#3695E7;}#FlaGallery_sc3_8 .flagPhantom_LabelInside .flagPhantom_ThumbLabel,#FlaGallery_sc3_8 .flagPhantom_LabelHover .flagPhantom_ThumbLabel {color:#ffffff;}#FlaGallery_sc3_8 .flagPhantom_LabelInside .flagPhantom_ThumbLabel a,#FlaGallery_sc3_8 .flagPhantom_LabelHover .flagPhantom_ThumbLabel a,#FlaGallery_sc3_8 .flagPhantom_LabelInside .flagPhantom_ThumbLabel a:hover,#FlaGallery_sc3_8 .flagPhantom_LabelHover .flagPhantom_ThumbLabel a:hover {color:#e7e179;}<\/style> <div class=\"flagPhantom_Container noLightbox\" style=\"opacity:0\"> <h3>Our professionals<\/h3><div class=\"flagPhantom_galleryDescription\"><p>Our professionals in action<\/p><\/div> <div class=\"flagPhantom_thumbsWrapper flagPhantom_ThumbScale flagPhantom_LabelHover\"> <div class=\"flagPhantom_ThumbContainer flagPhantom_ThumbLoader\" data-id=\"71\" data-ratio=\"1.3340563991323\" data-title=\"Our professionals\" data-views=\"309\" data-likes=\"0\"> <a href=\"https:\/\/lcdglass.biz\/wp-content\/flagallery\/our-professionals\/webview\/mosca1.jpg\" class=\"flagPhantom_Thumb\"><img decoding=\"async\" class=\"noLazy\" src=\"https:\/\/lcdglass.biz\/wp-content\/flagallery\/our-professionals\/thumbs\/thumbs_mosca1.jpg\" data-src=\"https:\/\/lcdglass.biz\/wp-content\/flagallery\/our-professionals\/webview\/mosca1.jpg\" alt=\"Our professionals\"\/><\/a> <div class=\"flagPhantom_ThumbLabel\"> <span class=\"flagPhantom_ThumbLabel_title\">Our professionals<\/span><\/div> <div style=\"display:none;\" class=\"flagPhantom_Details\"> <div class=\"flagPhantom_description\"> <div class=\"flagPhantom_title\">Our professionals<\/div> <div class=\"flagPhantom_text\"><p>Our installation crew at work<br \/>Notre \u00e9quipe d'installation au travail<br \/>La nostra squadra di installazione al lavoro<br \/>Nuestro equipo de instalaci\u00f3n en el trabajo<\/p><\/div> <\/div> <\/div> <\/div> <div class=\"flagPhantom_ThumbContainer flagPhantom_ThumbLoader\" data-id=\"72\" data-ratio=\"1\" data-title=\"Our professionals\" data-views=\"298\" data-likes=\"0\"> <a href=\"https:\/\/lcdglass.biz\/wp-content\/flagallery\/our-professionals\/webview\/mosca2.jpg\" class=\"flagPhantom_Thumb\"><img decoding=\"async\" class=\"noLazy\" src=\"https:\/\/lcdglass.biz\/wp-content\/flagallery\/our-professionals\/thumbs\/thumbs_mosca2.jpg\" data-src=\"https:\/\/lcdglass.biz\/wp-content\/flagallery\/our-professionals\/webview\/mosca2.jpg\" alt=\"Our professionals\"\/><\/a> <div class=\"flagPhantom_ThumbLabel\"> <span class=\"flagPhantom_ThumbLabel_title\">Our professionals<\/span><\/div> <div style=\"display:none;\" class=\"flagPhantom_Details\"> <div class=\"flagPhantom_description\"> <div class=\"flagPhantom_title\">Our professionals<\/div> <div class=\"flagPhantom_text\"><p>Our installation crew at work<br \/>Notre \u00e9quipe d'installation au travail<br \/>La nostra squadra di installazione al lavoro<br \/>Nuestro equipo de instalaci\u00f3n en el trabajo<\/p><\/div> <\/div> <\/div> <\/div> <div class=\"flagPhantom_ThumbContainer flagPhantom_ThumbLoader\" data-id=\"73\" data-ratio=\"1\" data-title=\"Our professionals\" data-views=\"254\" data-likes=\"0\"> <a href=\"https:\/\/lcdglass.biz\/wp-content\/flagallery\/our-professionals\/webview\/mosca3.jpg\" class=\"flagPhantom_Thumb\"><img decoding=\"async\" class=\"noLazy\" src=\"https:\/\/lcdglass.biz\/wp-content\/flagallery\/our-professionals\/thumbs\/thumbs_mosca3.jpg\" data-src=\"https:\/\/lcdglass.biz\/wp-content\/flagallery\/our-professionals\/webview\/mosca3.jpg\" alt=\"Our professionals\"\/><\/a> <div class=\"flagPhantom_ThumbLabel\"> <span class=\"flagPhantom_ThumbLabel_title\">Our professionals<\/span><\/div> <div style=\"display:none;\" class=\"flagPhantom_Details\"> <div class=\"flagPhantom_description\"> <div class=\"flagPhantom_title\">Our professionals<\/div> <div class=\"flagPhantom_text\"><p>Our installation crew at work<br \/>Notre \u00e9quipe d'installation au travail<br \/>La nostra squadra di installazione al lavoro<br \/>Nuestro equipo de instalaci\u00f3n en el trabajo<\/p><\/div> <\/div> <\/div> <\/div> <div class=\"flagPhantom_ThumbContainer flagPhantom_ThumbLoader\" data-id=\"74\" data-ratio=\"1.3340563991323\" data-title=\"Our professionals\" data-views=\"250\" data-likes=\"0\"> <a href=\"https:\/\/lcdglass.biz\/wp-content\/flagallery\/our-professionals\/webview\/mosca4.jpg\" class=\"flagPhantom_Thumb\"><img decoding=\"async\" class=\"noLazy\" src=\"https:\/\/lcdglass.biz\/wp-content\/flagallery\/our-professionals\/thumbs\/thumbs_mosca4.jpg\" data-src=\"https:\/\/lcdglass.biz\/wp-content\/flagallery\/our-professionals\/webview\/mosca4.jpg\" alt=\"Our professionals\"\/><\/a> <div class=\"flagPhantom_ThumbLabel\"> <span class=\"flagPhantom_ThumbLabel_title\">Our professionals<\/span><\/div> <div style=\"display:none;\" class=\"flagPhantom_Details\"> <div class=\"flagPhantom_description\"> <div class=\"flagPhantom_title\">Our professionals<\/div> <div class=\"flagPhantom_text\"><p>Our installation crew at work<br \/>Notre \u00e9quipe d'installation au travail<br \/>La nostra squadra di installazione al lavoro<br \/>Nuestro equipo de instalaci\u00f3n en el trabajo<\/p><\/div> <\/div> <\/div> <\/div> <div class=\"flagPhantom_ThumbContainer flagPhantom_ThumbLoader\" data-id=\"75\" data-ratio=\"1.5375375375375\" data-title=\"Our professionals\" data-views=\"245\" data-likes=\"0\"> <a href=\"https:\/\/lcdglass.biz\/wp-content\/flagallery\/our-professionals\/webview\/squadra.jpg\" class=\"flagPhantom_Thumb\"><img decoding=\"async\" class=\"noLazy\" src=\"https:\/\/lcdglass.biz\/wp-content\/flagallery\/our-professionals\/thumbs\/thumbs_squadra.jpg\" data-src=\"https:\/\/lcdglass.biz\/wp-content\/flagallery\/our-professionals\/webview\/squadra.jpg\" alt=\"Our professionals\"\/><\/a> <div class=\"flagPhantom_ThumbLabel\"> <span class=\"flagPhantom_ThumbLabel_title\">Our professionals<\/span><\/div> <div style=\"display:none;\" class=\"flagPhantom_Details\"> <div class=\"flagPhantom_description\"> <div class=\"flagPhantom_title\">Our professionals<\/div> <div class=\"flagPhantom_text\"><p>Our installation crew at work<br \/>Notre \u00e9quipe d'installation au travail<br \/>La nostra squadra di installazione al lavoro<br \/>Nuestro equipo de instalaci\u00f3n en el trabajo<\/p><\/div> <\/div> <\/div> <\/div> <div class=\"flagPhantom_ThumbContainer flagPhantom_ThumbLoader\" data-id=\"76\" data-ratio=\"1.3333333333333\" data-title=\"Our professionals\" data-views=\"255\" data-likes=\"0\"> <a href=\"https:\/\/lcdglass.biz\/wp-content\/flagallery\/our-professionals\/webview\/squadra2.jpg\" class=\"flagPhantom_Thumb\"><img decoding=\"async\" class=\"noLazy\" src=\"https:\/\/lcdglass.biz\/wp-content\/flagallery\/our-professionals\/thumbs\/thumbs_squadra2.jpg\" data-src=\"https:\/\/lcdglass.biz\/wp-content\/flagallery\/our-professionals\/webview\/squadra2.jpg\" alt=\"Our professionals\"\/><\/a> <div class=\"flagPhantom_ThumbLabel\"> <span class=\"flagPhantom_ThumbLabel_title\">Our professionals<\/span><\/div> <div style=\"display:none;\" class=\"flagPhantom_Details\"> <div class=\"flagPhantom_description\"> <div class=\"flagPhantom_title\">Our professionals<\/div> <div class=\"flagPhantom_text\"><p>Our installation crew at work<br \/>Notre \u00e9quipe d'installation au travail<br \/>La nostra squadra di installazione al lavoro<br \/>Nuestro equipo de instalaci\u00f3n en el trabajo<\/p><\/div> <\/div> <\/div> <\/div> <\/div> <\/div> <script type=\"text\/javascript\"> jQuery(function(){ var settings = {\"maxheight\":\"0\",\"thumbCols\":\"0\",\"thumbRows\":\"0\",\"thumbsNavigation\":\"scroll\",\"bgColor\":\"#ffffff\",\"bgAlpha\":\"0\",\"thumbWidth\":\"200\",\"thumbHeight\":\"180\",\"thumbWidthMobile\":\"150\",\"thumbHeightMobile\":\"135\",\"thumbsSpacing\":\"8\",\"thumbsVerticalPadding\":\"4\",\"thumbsHorizontalPadding\":\"4\",\"thumbsAlign\":\"center\",\"thumbScale\":\"1\",\"thumbBG\":\"#ffffff\",\"thumbAlpha\":\"90\",\"thumbAlphaHover\":\"100\",\"thumbBorderSize\":\"1\",\"thumbBorderColor\":\"#cccccc\",\"thumbPadding\":\"2\",\"thumbsInfo\":\"label\",\"labelOnHover\":\"1\",\"labelTextColor\":\"#ffffff\",\"labelLinkColor\":\"#e7e179\",\"label8TextColor\":\"#0b0b0b\",\"label8LinkColor\":\"#3695E7\",\"tooltipTextColor\":\"#0b0b0b\",\"tooltipBgColor\":\"#ffffff\",\"tooltipStrokeColor\":\"#000000\",\"lightboxControlsColor\":\"#ffffff\",\"lightboxTitleColor\":\"#f3f3f3\",\"lightboxTextColor\":\"#f3f3f3\",\"lightboxBGColor\":\"#0b0b0b\",\"lightboxBGAlpha\":\"80\",\"socialShareEnabled\":\"1\",\"deepLinks\":\"1\",\"sidebarBGColor\":\"#ffffff\",\"lightbox800HideArrows\":\"0\",\"viewsEnabled\":\"1\",\"likesEnabled\":\"1\",\"thumb2link\":\"0\",\"show_title\":\"1\",\"initRPdelay\":\"200\",\"key\":\"\",\"name\":\"\",\"mfp_css\":\"\\r\\n#mfp_gm_sc3_8 .mfp-arrow-right:after,\\r\\n#mfp_gm_sc3_8 .mfp-arrow-right .mfp-a {border-left-color:#ffffff;}\\r\\n#mfp_gm_sc3_8 .mfp-arrow-left:after,\\r\\n#mfp_gm_sc3_8 .mfp-arrow-left .mfp-a {border-right-color:#ffffff;}\\r\\n#mfp_gm_sc3_8 .mfp-close,\\r\\n#mfp_gm_sc3_8 .mfp-likes,\\r\\n#mfp_gm_sc3_8 .mfp-share {color:#ffffff;}\\r\\n#mfp_gm_sc3_8 .mfp-preloader {background-color:#ffffff;}\\r\\n#mfp_gm_sc3_8 .flagPhantom_title,\\r\\n#mfp_gm_sc3_8 .mfp-counter {color:#f3f3f3;}\\r\\n#mfp_gm_sc3_8 .flagPhantom_text {color:#f3f3f3;}\\r\\n#mfp_gm_sc3_8_bg.mfp-bg {background-color:#0b0b0b;}\\r\\n#mfp_gm_sc3_8_bg.mfp-bg {opacity:0.8;}\\r\\n#mfp_gm_sc3_8_bg.mfp-zoom-in.mfp-bg {opacity:0}\\r\\n#mfp_gm_sc3_8_bg.mfp-zoom-in.mfp-ready.mfp-bg {opacity:0.8;}\\r\\n#mfp_gm_sc3_8_bg.mfp-zoom-in.mfp-removing.mfp-bg {opacity:0}\"}; jQuery('#FlaGallery_sc3_8').flagPhantom([settings]); }); <\/script><\/div><\/div><noscript id=\"noscript_FlaGallery_sc3_8\"><img class=\"skip-lazy no-lazyload noLazy\" data-lazy-src=\"\" src =\"https:\/\/lcdglass.biz\/wp-content\/flagallery\/our-professionals\/mosca1.jpg\" alt=\"Our professionals\" \/><img class=\"skip-lazy no-lazyload noLazy\" data-lazy-src=\"\" src =\"https:\/\/lcdglass.biz\/wp-content\/flagallery\/our-professionals\/mosca2.jpg\" alt=\"Our professionals\" \/><img class=\"skip-lazy no-lazyload noLazy\" data-lazy-src=\"\" src =\"https:\/\/lcdglass.biz\/wp-content\/flagallery\/our-professionals\/mosca3.jpg\" alt=\"Our professionals\" \/><img class=\"skip-lazy no-lazyload noLazy\" data-lazy-src=\"\" src =\"https:\/\/lcdglass.biz\/wp-content\/flagallery\/our-professionals\/mosca4.jpg\" alt=\"Our professionals\" \/><img class=\"skip-lazy no-lazyload noLazy\" data-lazy-src=\"\" src =\"https:\/\/lcdglass.biz\/wp-content\/flagallery\/our-professionals\/squadra.jpg\" alt=\"Our professionals\" \/><img class=\"skip-lazy no-lazyload noLazy\" data-lazy-src=\"\" src =\"https:\/\/lcdglass.biz\/wp-content\/flagallery\/our-professionals\/squadra2.jpg\" alt=\"Our professionals\" \/><\/noscript><\/p>","protected":false},"excerpt":{"rendered":"<p>Un produit d&rsquo;excellence ne peut pas exister sans que derri\u00e8re cela, il ya des hommes d&rsquo;excellence. Ces hommes d&rsquo;excellence sont nos professionnels: avec une \u00e9quipe de conception technique et une \u00e9quipe d&rsquo;installation qui sont uniques dans l&rsquo;industrie, nous sommes en mesure de fournir \u00e0 tous nos clients la meilleure esth\u00e9tique \u2026<\/p>\n<p class=\"continue-reading-button\"> <a class=\"continue-reading-link\" href=\"https:\/\/lcdglass.biz\/fr\/our-professionals\/\">Continue reading<i class=\"crycon-right-dir\"><\/i><\/a><\/p>\n","protected":false},"author":2,"featured_media":0,"parent":0,"menu_order":0,"comment_status":"closed","ping_status":"open","template":"","meta":{"footnotes":""},"class_list":["post-296","page","type-page","status-publish","hentry"],"aioseo_notices":[],"_links":{"self":[{"href":"https:\/\/lcdglass.biz\/fr\/wp-json\/wp\/v2\/pages\/296","targetHints":{"allow":["GET"]}}],"collection":[{"href":"https:\/\/lcdglass.biz\/fr\/wp-json\/wp\/v2\/pages"}],"about":[{"href":"https:\/\/lcdglass.biz\/fr\/wp-json\/wp\/v2\/types\/page"}],"author":[{"embeddable":true,"href":"https:\/\/lcdglass.biz\/fr\/wp-json\/wp\/v2\/users\/2"}],"replies":[{"embeddable":true,"href":"https:\/\/lcdglass.biz\/fr\/wp-json\/wp\/v2\/comments?post=296"}],"version-history":[{"count":3,"href":"https:\/\/lcdglass.biz\/fr\/wp-json\/wp\/v2\/pages\/296\/revisions"}],"predecessor-version":[{"id":337,"href":"https:\/\/lcdglass.biz\/fr\/wp-json\/wp\/v2\/pages\/296\/revisions\/337"}],"wp:attachment":[{"href":"https:\/\/lcdglass.biz\/fr\/wp-json\/wp\/v2\/media?parent=296"}],"curies":[{"name":"wp","href":"https:\/\/api.w.org\/{rel}","templated":true}]}}