{"id":26,"date":"2008-09-11T19:24:01","date_gmt":"2008-09-12T00:24:01","guid":{"rendered":"http:\/\/dev.danphilibin.com\/wordpress\/?page_id=43"},"modified":"2018-12-15T14:12:58","modified_gmt":"2018-12-15T13:12:58","slug":"news","status":"publish","type":"page","link":"https:\/\/lcdglass.biz\/fr\/news\/","title":{"rendered":"Nouvelles"},"content":{"rendered":"<p>Nouvelles li\u00e9es \u00e0 notre s\u00e9lection de produits en verre \u00e0 cristaux liquides<\/p>\n<ul>\n<li><span class=\"tlid-translation translation\"><span title=\"\"><strong>2018 &#8211; MURS TV avec mix LCD du type DG<\/strong>: nous pouvons fournir \u00e0 nos clients un mur de verre LCD enti\u00e8rement personnalis\u00e9 pour diviser les pi\u00e8ces et faire dispara\u00eetre votre t\u00e9l\u00e9viseur ou autre appareil multim\u00e9dia.<\/span> <span class=\"\" title=\"\">Veuillez visionner notre vid\u00e9o de d\u00e9monstration \u00ab\u00a0TV wall\u00a0\u00bb <a href=\"http:\/\/lcdglass.biz\/fr\/gallery\/\">ICI<\/a>.<\/span><\/span><\/li>\n<\/ul>\n<p><\/p>","protected":false},"excerpt":{"rendered":"<p>Nouvelles li\u00e9es \u00e0 notre s\u00e9lection de produits en verre \u00e0 cristaux liquides 2018 &#8211; MURS TV avec mix LCD du type DG: nous pouvons fournir \u00e0 nos clients un mur de verre LCD enti\u00e8rement personnalis\u00e9 pour diviser les pi\u00e8ces et faire dispara\u00eetre votre t\u00e9l\u00e9viseur ou autre appareil multim\u00e9dia. Veuillez visionner \u2026<\/p>\n<p class=\"continue-reading-button\"> <a class=\"continue-reading-link\" href=\"https:\/\/lcdglass.biz\/fr\/news\/\">Continue reading<i class=\"crycon-right-dir\"><\/i><\/a><\/p>\n","protected":false},"author":2,"featured_media":0,"parent":0,"menu_order":0,"comment_status":"closed","ping_status":"open","template":"","meta":{"footnotes":""},"class_list":["post-26","page","type-page","status-publish","hentry"],"aioseo_notices":[],"_links":{"self":[{"href":"https:\/\/lcdglass.biz\/fr\/wp-json\/wp\/v2\/pages\/26","targetHints":{"allow":["GET"]}}],"collection":[{"href":"https:\/\/lcdglass.biz\/fr\/wp-json\/wp\/v2\/pages"}],"about":[{"href":"https:\/\/lcdglass.biz\/fr\/wp-json\/wp\/v2\/types\/page"}],"author":[{"embeddable":true,"href":"https:\/\/lcdglass.biz\/fr\/wp-json\/wp\/v2\/users\/2"}],"replies":[{"embeddable":true,"href":"https:\/\/lcdglass.biz\/fr\/wp-json\/wp\/v2\/comments?post=26"}],"version-history":[{"count":15,"href":"https:\/\/lcdglass.biz\/fr\/wp-json\/wp\/v2\/pages\/26\/revisions"}],"predecessor-version":[{"id":489,"href":"https:\/\/lcdglass.biz\/fr\/wp-json\/wp\/v2\/pages\/26\/revisions\/489"}],"wp:attachment":[{"href":"https:\/\/lcdglass.biz\/fr\/wp-json\/wp\/v2\/media?parent=26"}],"curies":[{"name":"wp","href":"https:\/\/api.w.org\/{rel}","templated":true}]}}