{"id":24,"date":"2008-09-11T19:22:18","date_gmt":"2008-09-12T00:22:18","guid":{"rendered":"http:\/\/dev.danphilibin.com\/wordpress\/?page_id=41"},"modified":"2019-12-04T12:40:41","modified_gmt":"2019-12-04T11:40:41","slug":"contact-us","status":"publish","type":"page","link":"https:\/\/lcdglass.biz\/fr\/contact-us\/","title":{"rendered":"Contactez-nous"},"content":{"rendered":"<p>        <script type=\"text\/javascript\">\n         function cp_contactformtoemail_pform_doValidate_3(form)\n         {\n            document.cp_contactformtoemail_pform_3.cp_ref_page.value = document.location;\n            $dexQuery = jQuery.noConflict();            if (document.cp_contactformtoemail_pform_3.hdcaptcha_cp_contactformtoemail_post.value == '') { setTimeout( \"cp_contactformtoemail_cerror_3()\", 100); return false; }\n            var result = $dexQuery.ajax({ type: \"GET\", url: \"\/fr?ps=_3&cp_contactformtoemail_pform_process=2&cp_contactformtoemail_id=3&inAdmin=1&ps=_3&hdcaptcha_cp_contactformtoemail_post=\"+document.cp_contactformtoemail_pform_3.hdcaptcha_cp_contactformtoemail_post.value, async: false }).responseText;\n            if (result.indexOf(\"captchafailed\") != -1) {\n                $dexQuery(\"#captchaimg_3\").attr('src', $dexQuery(\"#captchaimg_3\").attr('src')+'&'+Math.floor((Math.random() * 99999) + 1));\n                setTimeout( \"cp_contactformtoemail_cerror_3()\", 100);\n                return false;\n            } else             {\n                var cpefb_error = 0;\n                $dexQuery(\"#cp_contactformtoemail_pform_3\").find(\".cpefb_error\").each(function(index){\n                    if ($dexQuery(this).css(\"display\")!=\"none\")\n                        cpefb_error++;\n                    });\n                if (cpefb_error) return false;\n                if (document.cp_contactformtoemail_pform_3.cp_contactformtoemail_pform_status.value != '0')\n                           return false;\n                document.getElementById(\"refpage_3\").value = document.location;\n                cfte_blink(\".pbSubmit\");\n                document.cp_contactformtoemail_pform_3.cp_contactformtoemail_pform_status.value = '2';document.cp_contactformtoemail_pform_3.cp_contactformtoemail_pform_status.value = '1';\n                       $dexQuery.ajax({\n                         type: \"POST\",\n                         url: '',\n                         data: $dexQuery(\"#cp_contactformtoemail_pform_3\").serialize(),\n                         success: function(data)\n                         {\n                             document.cp_contactformtoemail_pform_3.cp_contactformtoemail_pform_status.value = '0';\n                                                              document.getElementById('cp_contactformtoemail_pform_3').innerHTML ='<a id=\"cftejump\"><\/a>Merci de nous contacter, votre message \u00e0 \u00e9t\u00e9 envoy\u00e9! Nous r\u00e9pondrons d\u00e8s que possible.';\n                                 var tag = $dexQuery(\"#cftejump\");\n                                 $dexQuery('html,body').animate({scrollTop: tag.offset().top-60},'fast');\n                                                        }\n                       });\n                       return false;\n                                }\n         }\n         function cfte_blink(selector){\n                 try {\n                     $dexQuery = jQuery.noConflict();\n                     $dexQuery(selector).fadeOut(700, function(){\n                         $dexQuery(this).fadeIn(700, function(){\n                             try {\n                                 if (document.cp_contactformtoemail_pform_3.cp_contactformtoemail_pform_status.value != '0')\n                                     cfte_blink(this);\n                             } catch (e) {}\n                         });\n                     });\n                 } catch (e) {}\n         }\n         function cp_contactformtoemail_cerror_3(){$dexQuery = jQuery.noConflict();$dexQuery(\"#hdcaptcha_error_3\").css('top',$dexQuery(\"#hdcaptcha_cp_contactformtoemail_post_3\").outerHeight());$dexQuery(\"#hdcaptcha_error_3\").css(\"display\",\"inline\");}\n        <\/script>\n        <div id=\"cftedialog\" style=\"display:none;\">Merci de nous contacter, votre message \u00e0 \u00e9t\u00e9 envoy\u00e9! Nous r\u00e9pondrons d\u00e8s que possible.<\/div>\n        <form class=\"cpp_form no-prefetch\" name=\"cp_contactformtoemail_pform_3\" id=\"cp_contactformtoemail_pform_3\" action=\"\/fr\/contact-us\/?ahbnocache=261977\" method=\"post\" enctype=\"multipart\/form-data\" onsubmit=\"return cp_contactformtoemail_pform_doValidate_3(this);\"><input type=\"hidden\" name=\"cp_pform_psequence\" value=\"_3\" \/><input type=\"hidden\" name=\"cp_contactformtoemail_pform_process\" value=\"1\" \/><input type=\"hidden\" name=\"cp_contactformtoemail_id\" value=\"3\" \/><input type=\"hidden\" name=\"cp_ref_page\" value=\"\" \/><input type=\"hidden\" name=\"form_structure_3\" id=\"form_structure_3\" size=\"180\" value=\"[[{&quot;name&quot;:&quot;email&quot;,&quot;index&quot;:0,&quot;title&quot;:&quot;E-Mail&quot;,&quot;ftype&quot;:&quot;femail&quot;,&quot;userhelp&quot;:&quot;&quot;,&quot;csslayout&quot;:&quot;&quot;,&quot;required&quot;:true,&quot;predefined&quot;:&quot;&quot;,&quot;size&quot;:&quot;medium&quot;,&quot;shortlabel&quot;:&quot;&quot;,&quot;userhelpTooltip&quot;:&quot;&quot;,&quot;predefinedClick&quot;:false,&quot;equalTo&quot;:&quot;&quot;},{&quot;name&quot;:&quot;subject&quot;,&quot;index&quot;:1,&quot;title&quot;:&quot;Subjet&quot;,&quot;required&quot;:true,&quot;ftype&quot;:&quot;ftext&quot;,&quot;userhelp&quot;:&quot;&quot;,&quot;csslayout&quot;:&quot;&quot;,&quot;predefined&quot;:&quot;&quot;,&quot;size&quot;:&quot;medium&quot;,&quot;shortlabel&quot;:&quot;&quot;,&quot;userhelpTooltip&quot;:&quot;&quot;,&quot;predefinedClick&quot;:false,&quot;minlength&quot;:&quot;&quot;,&quot;maxlength&quot;:&quot;&quot;,&quot;equalTo&quot;:&quot;&quot;},{&quot;name&quot;:&quot;message&quot;,&quot;index&quot;:2,&quot;size&quot;:&quot;large&quot;,&quot;required&quot;:true,&quot;title&quot;:&quot;Message&quot;,&quot;ftype&quot;:&quot;ftextarea&quot;,&quot;userhelp&quot;:&quot;&quot;,&quot;csslayout&quot;:&quot;&quot;,&quot;predefined&quot;:&quot;&quot;,&quot;shortlabel&quot;:&quot;&quot;,&quot;userhelpTooltip&quot;:&quot;&quot;,&quot;predefinedClick&quot;:false,&quot;minlength&quot;:&quot;&quot;,&quot;maxlength&quot;:&quot;&quot;},{&quot;name&quot;:&quot;fieldname1&quot;,&quot;index&quot;:3,&quot;title&quot;:&quot;En nous envoyant votre demande, vous acceptez par la pr\\u00e9sente nos termes et conditions et vous nous autorisez \\u00e0 utiliser vos donn\\u00e9es. &quot;,&quot;shortlabel&quot;:&quot;&quot;,&quot;ftype&quot;:&quot;facceptance&quot;,&quot;userhelp&quot;:&quot;&quot;,&quot;userhelpTooltip&quot;:&quot;&quot;,&quot;csslayout&quot;:&quot;&quot;,&quot;value&quot;:&quot;I accept&quot;,&quot;required&quot;:true,&quot;url&quot;:&quot;&quot;,&quot;message&quot;:&quot;&quot;},{&quot;name&quot;:&quot;fieldname2&quot;,&quot;index&quot;:4,&quot;title&quot;:&quot;Votre nom &quot;,&quot;shortlabel&quot;:&quot;&quot;,&quot;ftype&quot;:&quot;ftext&quot;,&quot;userhelp&quot;:&quot;&quot;,&quot;userhelpTooltip&quot;:&quot;&quot;,&quot;csslayout&quot;:&quot;&quot;,&quot;predefined&quot;:&quot;&quot;,&quot;predefinedClick&quot;:false,&quot;required&quot;:false,&quot;size&quot;:&quot;medium&quot;,&quot;minlength&quot;:&quot;&quot;,&quot;maxlength&quot;:&quot;&quot;,&quot;equalTo&quot;:&quot;&quot;}],[{&quot;title&quot;:&quot;Contactez nous&quot;,&quot;description&quot;:&quot;Pour nous contacter ou nous poser des questions, veuillez utiliser le formulaire ci-dessous.&quot;,&quot;formlayout&quot;:&quot;top_aligned&quot;}]]\" \/><input type=\"hidden\" name=\"refpage_3\" id=\"refpage_3\" value=\"\"><input type=\"hidden\" name=\"cp_contactformtoemail_pform_status\" value=\"0\" \/><input name=\"anonce\" type=\"hidden\" value=\"cf5359a35a\"\/><input name=\"cftehp\" id=\"cftehp_3\" type=\"hidden\" value=\"1\"\/>\r\n<div id=\"fbuilder\">    \r\n    <div id=\"fbuilder_3\">\r\n        <div id=\"formheader_3\"><\/div>\r\n        <div id=\"fieldlist_3\"><\/div>\r\n    <\/div>\r\n<\/div>    \r\n<div style=\"display:none\">\r\n<input name=\"cftecontrolmessage\" type=\"text\" value=\"\"\/> \r\n<div id=\"cpcaptchalayer_3\" class=\"cpcaptchalayer\">\r\n  Code de s\u00e9curit\u00e9:<br \/>\r\n  <img decoding=\"async\" src=\"\/fr?cp_contactformtoemail_captcha=captcha&ps=_3&inAdmin=1&width=170&height=65&letter_count=5&min_size=25&max_size=30&noise=190&noiselength=4&bcolor=ffffff&border=000000&font=font-1.ttf\"  id=\"captchaimg_3\" alt=\"security code\" border=\"0\" class=\"skip-lazy\"  \/>\r\n  <br \/>Merci d&#039;entrer le code de s\u00e9curit\u00e9:<br \/>\r\n  <div class=\"dfield\"><input type=\"text\" size=\"20\" name=\"hdcaptcha_cp_contactformtoemail_post\" id=\"hdcaptcha_cp_contactformtoemail_post_3\" value=\"\" \/>\r\n  <div class=\"cpefb_error message\" id=\"hdcaptcha_error_3\" generated=\"true\" style=\"display:none;position: absolute; left: 0px; top: 25px;\">Veuillez entrer un code de captcha valide.<\/div>\r\n  <\/div><br \/>  \r\n<\/div>\r\n<\/div>\r\n<div id=\"cp_subbtn_3\" class=\"cp_subbtn\">Submit<\/div>\r\n<\/form>\r\n<script>\r\ntry{document.getElementById(\"cftehp_3\").value=\"25\";}catch(e){}\r\n<\/script>\r\n<\/p>\n<p>Pour nous contacter au t\u00e9l\u00e9phone: (+39) 051 &#8211; 051 69 89<\/p>","protected":false},"excerpt":{"rendered":"<p>Pour nous contacter au t\u00e9l\u00e9phone: (+39) 051 &#8211; 051 69 89<\/p>\n<p class=\"continue-reading-button\"> <a class=\"continue-reading-link\" href=\"https:\/\/lcdglass.biz\/fr\/contact-us\/\">Continue reading<i class=\"crycon-right-dir\"><\/i><\/a><\/p>\n","protected":false},"author":2,"featured_media":0,"parent":0,"menu_order":0,"comment_status":"closed","ping_status":"closed","template":"","meta":{"footnotes":""},"class_list":["post-24","page","type-page","status-publish","hentry"],"aioseo_notices":[],"_links":{"self":[{"href":"https:\/\/lcdglass.biz\/fr\/wp-json\/wp\/v2\/pages\/24","targetHints":{"allow":["GET"]}}],"collection":[{"href":"https:\/\/lcdglass.biz\/fr\/wp-json\/wp\/v2\/pages"}],"about":[{"href":"https:\/\/lcdglass.biz\/fr\/wp-json\/wp\/v2\/types\/page"}],"author":[{"embeddable":true,"href":"https:\/\/lcdglass.biz\/fr\/wp-json\/wp\/v2\/users\/2"}],"replies":[{"embeddable":true,"href":"https:\/\/lcdglass.biz\/fr\/wp-json\/wp\/v2\/comments?post=24"}],"version-history":[{"count":10,"href":"https:\/\/lcdglass.biz\/fr\/wp-json\/wp\/v2\/pages\/24\/revisions"}],"predecessor-version":[{"id":517,"href":"https:\/\/lcdglass.biz\/fr\/wp-json\/wp\/v2\/pages\/24\/revisions\/517"}],"wp:attachment":[{"href":"https:\/\/lcdglass.biz\/fr\/wp-json\/wp\/v2\/media?parent=24"}],"curies":[{"name":"wp","href":"https:\/\/api.w.org\/{rel}","templated":true}]}}