{"id":232,"date":"2014-01-31T23:10:43","date_gmt":"2014-01-31T23:10:43","guid":{"rendered":"http:\/\/lcdglass.info\/?page_id=232"},"modified":"2014-03-22T17:19:45","modified_gmt":"2014-03-22T16:19:45","slug":"lcd-artistic-windows","status":"publish","type":"page","link":"https:\/\/lcdglass.biz\/fr\/products\/lcd-artistic-windows\/","title":{"rendered":"Fen\u00eatres artistiques LCD"},"content":{"rendered":"<p>Nos fen\u00eatres artistiques LCD sont probablement le produit PRIVAGLASS le plus prestigieux disponible dans notre s\u00e9lection.<br \/>\nIl s&rsquo;agit d&rsquo;un syst\u00e8me complet, constitu\u00e9 de fen\u00eatres en verre LCD PRIVAGLASS encadr\u00e9es en artisanat artistique selon toutes les mesures, m\u00e9lange LCD, combinaison de couleurs et de forme de sp\u00e9cifi\u00e9es par le client.<br \/>\nLes fen\u00eatres artistiques LCD sont utilis\u00e9es non seulement \u00e0 la place des fen\u00eatres classiques dans les maisons de r\u00e9sidences de qualit\u00e9 et de luxe, mais ils peuvent aussi \u00eatre assembl\u00e9es dans le format \u00ab\u00a0maxi\u00a0\u00bb ou demi-murs, tels que des murs ou des cloisons dans les environnements int\u00e9rieurs, de sorte que vous pouvez obtenir l&rsquo;int\u00e9gration du cristal liquide dans un cadre vraiment incomparable.<div class=\"flagallerywraper\" style=\"text-align:right;\"><div class=\"flagallery phantom_skin\" id=\"FlaGallery_sc3_1\" style=\"width:380;margin-left: auto;\"><style type=\"text\/css\" class=\"flagallery_skin_style_import\">#FlaGallery_sc3_1 .flagPhantom_ThumbContainer {width:200px; height:180px;}#FlaGallery_sc3_1 .flagPhantom_MobileView .flagPhantom_ThumbContainer {width:150px; height:135px;}#FlaGallery_sc3_1 .flagPhantom_Container {margin-left:auto;margin-right:auto;}#FlaGallery_sc3_1 .flagPhantom_ThumbContainer {margin:8px 0 0 8px;}#FlaGallery_sc3_1 .flagPhantom_ThumbContainer {padding:2px;}#FlaGallery_sc3_1 .flagPhantom_LabelBottom .flagPhantom_ThumbContainer {padding-bottom:36px;}#FlaGallery_sc3_1 .flagPhantom_ThumbContainer,#FlaGallery_sc3_1 .flagPhantom_LabelBottom .flagPhantom_ThumbLabel {background-color:#ffffff;}#FlaGallery_sc3_1 .flagPhantom_ThumbContainer .flagPhantom_Thumb {opacity:0.9;}#FlaGallery_sc3_1 .flagPhantom_ThumbContainer:hover .flagPhantom_Thumb {opacity:1;}#FlaGallery_sc3_1 .flagPhantom_ThumbContainer {border:1px solid #cccccc;}#FlaGallery_sc3_1 .flagPhantom_ThumbContainer {box-shadow:0 0 5px -2px #cccccc;}#FlaGallery_sc3_1 .flagPhantom_ThumbLabel {color:#0b0b0b;}#FlaGallery_sc3_1 .flagPhantom_ThumbLabel a {color:#3695E7;}#FlaGallery_sc3_1 .flagPhantom_LabelInside .flagPhantom_ThumbLabel,#FlaGallery_sc3_1 .flagPhantom_LabelHover .flagPhantom_ThumbLabel {color:#ffffff;}#FlaGallery_sc3_1 .flagPhantom_LabelInside .flagPhantom_ThumbLabel a,#FlaGallery_sc3_1 .flagPhantom_LabelHover .flagPhantom_ThumbLabel a,#FlaGallery_sc3_1 .flagPhantom_LabelInside .flagPhantom_ThumbLabel a:hover,#FlaGallery_sc3_1 .flagPhantom_LabelHover .flagPhantom_ThumbLabel a:hover {color:#e7e179;}<\/style> <div class=\"flagPhantom_Container noLightbox\" style=\"opacity:0\"> <h3>Artistic windows<\/h3><div class=\"flagPhantom_galleryDescription\"><p>Artistic windows with LCD glass <\/p><\/div> <div class=\"flagPhantom_thumbsWrapper flagPhantom_ThumbScale flagPhantom_LabelHover\"> <div class=\"flagPhantom_ThumbContainer flagPhantom_ThumbLoader\" data-id=\"1\" data-ratio=\"1\" data-title=\"Artistic window OFF\" data-views=\"1154\" data-likes=\"1\"> <a href=\"https:\/\/lcdglass.biz\/wp-content\/flagallery\/finestre-artistiche\/webview\/ok1off.jpg\" class=\"flagPhantom_Thumb\"><img decoding=\"async\" class=\"noLazy\" src=\"https:\/\/lcdglass.biz\/wp-content\/flagallery\/finestre-artistiche\/thumbs\/thumbs_ok1off.jpg\" data-src=\"https:\/\/lcdglass.biz\/wp-content\/flagallery\/finestre-artistiche\/webview\/ok1off.jpg\" alt=\"Artistic window OFF\"\/><\/a> <div class=\"flagPhantom_ThumbLabel\"> <span class=\"flagPhantom_ThumbLabel_title\">Artistic window OFF<\/span><\/div> <div style=\"display:none;\" class=\"flagPhantom_Details\"> <div class=\"flagPhantom_description\"> <div class=\"flagPhantom_title\">Artistic window OFF<\/div> <div class=\"flagPhantom_text\"><p>Artistic window with LCD glass turned off<br \/>Fen\u00eatre artistique avec verre LCD \u00e9teint<br \/>Finestra artistica con vetro LCD spento<br \/>Ventana art\u00edstica con el vidrio LCD apagado<\/p><\/div> <\/div> <\/div> <\/div> <div class=\"flagPhantom_ThumbContainer flagPhantom_ThumbLoader\" data-id=\"2\" data-ratio=\"1\" data-title=\"Artistic window ON\" data-views=\"1063\" data-likes=\"0\"> <a href=\"https:\/\/lcdglass.biz\/wp-content\/flagallery\/finestre-artistiche\/webview\/ok2on.jpg\" class=\"flagPhantom_Thumb\"><img decoding=\"async\" class=\"noLazy\" src=\"https:\/\/lcdglass.biz\/wp-content\/flagallery\/finestre-artistiche\/thumbs\/thumbs_ok2on.jpg\" data-src=\"https:\/\/lcdglass.biz\/wp-content\/flagallery\/finestre-artistiche\/webview\/ok2on.jpg\" alt=\"Artistic window ON\"\/><\/a> <div class=\"flagPhantom_ThumbLabel\"> <span class=\"flagPhantom_ThumbLabel_title\">Artistic window ON<\/span><\/div> <div style=\"display:none;\" class=\"flagPhantom_Details\"> <div class=\"flagPhantom_description\"> <div class=\"flagPhantom_title\">Artistic window ON<\/div> <div class=\"flagPhantom_text\"><p>Artistic window with LCD glass turned on<br \/>Fen\u00eatre artistique avec verre LCD allum\u00e9<br \/>Finestra artistica con vetro LCD acceso<br \/>Ventana art\u00edstica con el vidrio LCD encendido<\/p><\/div> <\/div> <\/div> <\/div> <div class=\"flagPhantom_ThumbContainer flagPhantom_ThumbLoader\" data-id=\"3\" data-ratio=\"1\" data-title=\"Artistic window \" data-views=\"915\" data-likes=\"0\"> <a href=\"https:\/\/lcdglass.biz\/wp-content\/flagallery\/finestre-artistiche\/webview\/ok3.jpg\" class=\"flagPhantom_Thumb\"><img decoding=\"async\" class=\"noLazy\" src=\"https:\/\/lcdglass.biz\/wp-content\/flagallery\/finestre-artistiche\/thumbs\/thumbs_ok3.jpg\" data-src=\"https:\/\/lcdglass.biz\/wp-content\/flagallery\/finestre-artistiche\/webview\/ok3.jpg\" alt=\"Artistic window \"\/><\/a> <div class=\"flagPhantom_ThumbLabel\"> <span class=\"flagPhantom_ThumbLabel_title\">Artistic window <\/span><\/div> <div style=\"display:none;\" class=\"flagPhantom_Details\"> <div class=\"flagPhantom_description\"> <div class=\"flagPhantom_title\">Artistic window <\/div> <div class=\"flagPhantom_text\"><p>Artistic window<br \/>Fen\u00eatre artistique<br \/>Finestra artistica<br \/>Ventana art\u00edstica <\/p><\/div> <\/div> <\/div> <\/div> <\/div> <\/div> <script type=\"text\/javascript\"> jQuery(function(){ var settings = {\"maxheight\":\"0\",\"thumbCols\":\"0\",\"thumbRows\":\"0\",\"thumbsNavigation\":\"scroll\",\"bgColor\":\"#ffffff\",\"bgAlpha\":\"0\",\"thumbWidth\":\"200\",\"thumbHeight\":\"180\",\"thumbWidthMobile\":\"150\",\"thumbHeightMobile\":\"135\",\"thumbsSpacing\":\"8\",\"thumbsVerticalPadding\":\"4\",\"thumbsHorizontalPadding\":\"4\",\"thumbsAlign\":\"center\",\"thumbScale\":\"1\",\"thumbBG\":\"#ffffff\",\"thumbAlpha\":\"90\",\"thumbAlphaHover\":\"100\",\"thumbBorderSize\":\"1\",\"thumbBorderColor\":\"#cccccc\",\"thumbPadding\":\"2\",\"thumbsInfo\":\"label\",\"labelOnHover\":\"1\",\"labelTextColor\":\"#ffffff\",\"labelLinkColor\":\"#e7e179\",\"label8TextColor\":\"#0b0b0b\",\"label8LinkColor\":\"#3695E7\",\"tooltipTextColor\":\"#0b0b0b\",\"tooltipBgColor\":\"#ffffff\",\"tooltipStrokeColor\":\"#000000\",\"lightboxControlsColor\":\"#ffffff\",\"lightboxTitleColor\":\"#f3f3f3\",\"lightboxTextColor\":\"#f3f3f3\",\"lightboxBGColor\":\"#0b0b0b\",\"lightboxBGAlpha\":\"80\",\"socialShareEnabled\":\"1\",\"deepLinks\":\"1\",\"sidebarBGColor\":\"#ffffff\",\"lightbox800HideArrows\":\"0\",\"viewsEnabled\":\"1\",\"likesEnabled\":\"1\",\"thumb2link\":\"0\",\"show_title\":\"1\",\"initRPdelay\":\"200\",\"key\":\"\",\"name\":\"\",\"mfp_css\":\"\\r\\n#mfp_gm_sc3_1 .mfp-arrow-right:after,\\r\\n#mfp_gm_sc3_1 .mfp-arrow-right .mfp-a {border-left-color:#ffffff;}\\r\\n#mfp_gm_sc3_1 .mfp-arrow-left:after,\\r\\n#mfp_gm_sc3_1 .mfp-arrow-left .mfp-a {border-right-color:#ffffff;}\\r\\n#mfp_gm_sc3_1 .mfp-close,\\r\\n#mfp_gm_sc3_1 .mfp-likes,\\r\\n#mfp_gm_sc3_1 .mfp-share {color:#ffffff;}\\r\\n#mfp_gm_sc3_1 .mfp-preloader {background-color:#ffffff;}\\r\\n#mfp_gm_sc3_1 .flagPhantom_title,\\r\\n#mfp_gm_sc3_1 .mfp-counter {color:#f3f3f3;}\\r\\n#mfp_gm_sc3_1 .flagPhantom_text {color:#f3f3f3;}\\r\\n#mfp_gm_sc3_1_bg.mfp-bg {background-color:#0b0b0b;}\\r\\n#mfp_gm_sc3_1_bg.mfp-bg {opacity:0.8;}\\r\\n#mfp_gm_sc3_1_bg.mfp-zoom-in.mfp-bg {opacity:0}\\r\\n#mfp_gm_sc3_1_bg.mfp-zoom-in.mfp-ready.mfp-bg {opacity:0.8;}\\r\\n#mfp_gm_sc3_1_bg.mfp-zoom-in.mfp-removing.mfp-bg {opacity:0}\"}; jQuery('#FlaGallery_sc3_1').flagPhantom([settings]); }); <\/script><\/div><\/div><noscript id=\"noscript_FlaGallery_sc3_1\"><img class=\"skip-lazy no-lazyload noLazy\" data-lazy-src=\"\" src =\"https:\/\/lcdglass.biz\/wp-content\/flagallery\/finestre-artistiche\/ok1off.jpg\" alt=\"Artistic window OFF\" \/><img class=\"skip-lazy no-lazyload noLazy\" data-lazy-src=\"\" src =\"https:\/\/lcdglass.biz\/wp-content\/flagallery\/finestre-artistiche\/ok2on.jpg\" alt=\"Artistic window ON\" \/><img class=\"skip-lazy no-lazyload noLazy\" data-lazy-src=\"\" src =\"https:\/\/lcdglass.biz\/wp-content\/flagallery\/finestre-artistiche\/ok3.jpg\" alt=\"Artistic window\" \/><\/noscript><\/p>","protected":false},"excerpt":{"rendered":"<p>Nos fen\u00eatres artistiques LCD sont probablement le produit PRIVAGLASS le plus prestigieux disponible dans notre s\u00e9lection. Il s&rsquo;agit d&rsquo;un syst\u00e8me complet, constitu\u00e9 de fen\u00eatres en verre LCD PRIVAGLASS encadr\u00e9es en artisanat artistique selon toutes les mesures, m\u00e9lange LCD, combinaison de couleurs et de forme de sp\u00e9cifi\u00e9es par le client. Les \u2026<\/p>\n<p class=\"continue-reading-button\"> <a class=\"continue-reading-link\" href=\"https:\/\/lcdglass.biz\/fr\/products\/lcd-artistic-windows\/\">Continue reading<i class=\"crycon-right-dir\"><\/i><\/a><\/p>\n","protected":false},"author":2,"featured_media":0,"parent":129,"menu_order":0,"comment_status":"closed","ping_status":"open","template":"","meta":{"footnotes":""},"class_list":["post-232","page","type-page","status-publish","hentry"],"aioseo_notices":[],"_links":{"self":[{"href":"https:\/\/lcdglass.biz\/fr\/wp-json\/wp\/v2\/pages\/232","targetHints":{"allow":["GET"]}}],"collection":[{"href":"https:\/\/lcdglass.biz\/fr\/wp-json\/wp\/v2\/pages"}],"about":[{"href":"https:\/\/lcdglass.biz\/fr\/wp-json\/wp\/v2\/types\/page"}],"author":[{"embeddable":true,"href":"https:\/\/lcdglass.biz\/fr\/wp-json\/wp\/v2\/users\/2"}],"replies":[{"embeddable":true,"href":"https:\/\/lcdglass.biz\/fr\/wp-json\/wp\/v2\/comments?post=232"}],"version-history":[{"count":12,"href":"https:\/\/lcdglass.biz\/fr\/wp-json\/wp\/v2\/pages\/232\/revisions"}],"predecessor-version":[{"id":277,"href":"https:\/\/lcdglass.biz\/fr\/wp-json\/wp\/v2\/pages\/232\/revisions\/277"}],"up":[{"embeddable":true,"href":"https:\/\/lcdglass.biz\/fr\/wp-json\/wp\/v2\/pages\/129"}],"wp:attachment":[{"href":"https:\/\/lcdglass.biz\/fr\/wp-json\/wp\/v2\/media?parent=232"}],"curies":[{"name":"wp","href":"https:\/\/api.w.org\/{rel}","templated":true}]}}