{"id":228,"date":"2014-01-31T23:02:41","date_gmt":"2014-01-31T23:02:41","guid":{"rendered":"http:\/\/lcdglass.info\/?page_id=228"},"modified":"2014-03-22T17:19:44","modified_gmt":"2014-03-22T16:19:44","slug":"holographic-glass","status":"publish","type":"page","link":"https:\/\/lcdglass.biz\/fr\/products\/holographic-glass\/","title":{"rendered":"Verre holographique"},"content":{"rendered":"<p>Le nouveau verre holographique de SPECTRADOME repr\u00e9sente une autre nouveaut\u00e9 int\u00e9ressante qui on peut utiliser comme pi\u00e8ce de mobilier pour les maisons priv\u00e9es, les boutiques ou si\u00e8ges commerciaux, entreprises, casinos, h\u00f4tels ainsi que des bureaux ou des lieux de prestige repr\u00e9sentatives.<br \/>\nLe verre holographique peut \u00eatre aussi utilis\u00e9 comme un mur de s\u00e9paration ou bien comme un \u00e9l\u00e9ment d\u00e9coratif \u00e0 l&rsquo;int\u00e9rieur et \u00e0 l&rsquo;ext\u00e9rieur des b\u00e2timents.<br \/>\nEn particulier, lorsqu&rsquo;il est utilis\u00e9 pour la d\u00e9coration ext\u00e9rieure des b\u00e2timents dans une grande surface, les panneaux de verre holographiques permettent la cr\u00e9ation d&rsquo;effets de lumi\u00e8re vraiment sensationnels.<div class=\"flagallerywraper\" style=\"text-align:right;\"><div class=\"flagallery phantom_skin\" id=\"FlaGallery_sc3_5\" style=\"width:420;margin-left: auto;\"><style type=\"text\/css\" class=\"flagallery_skin_style_import\">#FlaGallery_sc3_5 .flagPhantom_ThumbContainer {width:200px; height:180px;}#FlaGallery_sc3_5 .flagPhantom_MobileView .flagPhantom_ThumbContainer {width:150px; height:135px;}#FlaGallery_sc3_5 .flagPhantom_Container {margin-left:auto;margin-right:auto;}#FlaGallery_sc3_5 .flagPhantom_ThumbContainer {margin:8px 0 0 8px;}#FlaGallery_sc3_5 .flagPhantom_ThumbContainer {padding:2px;}#FlaGallery_sc3_5 .flagPhantom_LabelBottom .flagPhantom_ThumbContainer {padding-bottom:36px;}#FlaGallery_sc3_5 .flagPhantom_ThumbContainer,#FlaGallery_sc3_5 .flagPhantom_LabelBottom .flagPhantom_ThumbLabel {background-color:#ffffff;}#FlaGallery_sc3_5 .flagPhantom_ThumbContainer .flagPhantom_Thumb {opacity:0.9;}#FlaGallery_sc3_5 .flagPhantom_ThumbContainer:hover .flagPhantom_Thumb {opacity:1;}#FlaGallery_sc3_5 .flagPhantom_ThumbContainer {border:1px solid #cccccc;}#FlaGallery_sc3_5 .flagPhantom_ThumbContainer {box-shadow:0 0 5px -2px #cccccc;}#FlaGallery_sc3_5 .flagPhantom_ThumbLabel {color:#0b0b0b;}#FlaGallery_sc3_5 .flagPhantom_ThumbLabel a {color:#3695E7;}#FlaGallery_sc3_5 .flagPhantom_LabelInside .flagPhantom_ThumbLabel,#FlaGallery_sc3_5 .flagPhantom_LabelHover .flagPhantom_ThumbLabel {color:#ffffff;}#FlaGallery_sc3_5 .flagPhantom_LabelInside .flagPhantom_ThumbLabel a,#FlaGallery_sc3_5 .flagPhantom_LabelHover .flagPhantom_ThumbLabel a,#FlaGallery_sc3_5 .flagPhantom_LabelInside .flagPhantom_ThumbLabel a:hover,#FlaGallery_sc3_5 .flagPhantom_LabelHover .flagPhantom_ThumbLabel a:hover {color:#e7e179;}<\/style> <div class=\"flagPhantom_Container noLightbox\" style=\"opacity:0\"> <h3>Holographic glass<\/h3><div class=\"flagPhantom_galleryDescription\"><p>Holographic glass for interior and exterior design<\/p><\/div> <div class=\"flagPhantom_thumbsWrapper flagPhantom_ThumbScale flagPhantom_LabelHover\"> <div class=\"flagPhantom_ThumbContainer flagPhantom_ThumbLoader\" data-id=\"23\" data-ratio=\"1.0852713178295\" data-title=\"Holographic glass\" data-views=\"671\" data-likes=\"0\"> <a href=\"https:\/\/lcdglass.biz\/wp-content\/flagallery\/holographic-glass\/webview\/1-sf.jpg\" class=\"flagPhantom_Thumb\"><img decoding=\"async\" class=\"noLazy\" src=\"https:\/\/lcdglass.biz\/wp-content\/flagallery\/holographic-glass\/thumbs\/thumbs_1-sf.jpg\" data-src=\"https:\/\/lcdglass.biz\/wp-content\/flagallery\/holographic-glass\/webview\/1-sf.jpg\" alt=\"Holographic glass\"\/><\/a> <div class=\"flagPhantom_ThumbLabel\"> <span class=\"flagPhantom_ThumbLabel_title\">Holographic glass<\/span><\/div> <div style=\"display:none;\" class=\"flagPhantom_Details\"> <div class=\"flagPhantom_description\"> <div class=\"flagPhantom_title\">Holographic glass<\/div> <div class=\"flagPhantom_text\"><p>Holographic glass interior design application<br \/>Arredamento d'interni con vetro olografico<br \/>Verre holographique dans une d\u00e9coration int\u00e9rieure<br \/>Vidrio hologr\u00e1fico en la decoraci\u00f3n de interiores<\/p><\/div> <\/div> <\/div> <\/div> <div class=\"flagPhantom_ThumbContainer flagPhantom_ThumbLoader\" data-id=\"24\" data-ratio=\"1\" data-title=\"Holographic glass\" data-views=\"646\" data-likes=\"0\"> <a href=\"https:\/\/lcdglass.biz\/wp-content\/flagallery\/holographic-glass\/webview\/building-door.jpg\" class=\"flagPhantom_Thumb\"><img decoding=\"async\" class=\"noLazy\" src=\"https:\/\/lcdglass.biz\/wp-content\/flagallery\/holographic-glass\/thumbs\/thumbs_building-door.jpg\" data-src=\"https:\/\/lcdglass.biz\/wp-content\/flagallery\/holographic-glass\/webview\/building-door.jpg\" alt=\"Holographic glass\"\/><\/a> <div class=\"flagPhantom_ThumbLabel\"> <span class=\"flagPhantom_ThumbLabel_title\">Holographic glass<\/span><\/div> <div style=\"display:none;\" class=\"flagPhantom_Details\"> <div class=\"flagPhantom_description\"> <div class=\"flagPhantom_title\">Holographic glass<\/div> <div class=\"flagPhantom_text\"><p>View from outside the building<br \/>Vue de l'ext\u00e9rieur du b\u00e2timent<br \/>Vista da esterno edificio<br \/>Vista desde el exterior del edificio<\/p><\/div> <\/div> <\/div> <\/div> <div class=\"flagPhantom_ThumbContainer flagPhantom_ThumbLoader\" data-id=\"25\" data-ratio=\"1.5190217391304\" data-title=\"Holographic glass\" data-views=\"565\" data-likes=\"0\"> <a href=\"https:\/\/lcdglass.biz\/wp-content\/flagallery\/holographic-glass\/webview\/cimg1500.jpg\" class=\"flagPhantom_Thumb\"><img decoding=\"async\" class=\"noLazy\" src=\"https:\/\/lcdglass.biz\/wp-content\/flagallery\/holographic-glass\/thumbs\/thumbs_cimg1500.jpg\" data-src=\"https:\/\/lcdglass.biz\/wp-content\/flagallery\/holographic-glass\/webview\/cimg1500.jpg\" alt=\"Holographic glass\"\/><\/a> <div class=\"flagPhantom_ThumbLabel\"> <span class=\"flagPhantom_ThumbLabel_title\">Holographic glass<\/span><\/div> <div style=\"display:none;\" class=\"flagPhantom_Details\"> <div class=\"flagPhantom_description\"> <div class=\"flagPhantom_title\">Holographic glass<\/div> <div class=\"flagPhantom_text\"><p>Holographic glass interior design application<br \/>Arredamento d'interni con vetro olografico<br \/>Verre holographique dans une d\u00e9coration int\u00e9rieure<br \/>Vidrio hologr\u00e1fico en la decoraci\u00f3n de interiores<\/p><\/div> <\/div> <\/div> <\/div> <div class=\"flagPhantom_ThumbContainer flagPhantom_ThumbLoader\" data-id=\"26\" data-ratio=\"1.5135135135135\" data-title=\"Holographic glass\" data-views=\"541\" data-likes=\"0\"> <a href=\"https:\/\/lcdglass.biz\/wp-content\/flagallery\/holographic-glass\/webview\/cimg1512.jpg\" class=\"flagPhantom_Thumb\"><img decoding=\"async\" class=\"noLazy\" src=\"https:\/\/lcdglass.biz\/wp-content\/flagallery\/holographic-glass\/thumbs\/thumbs_cimg1512.jpg\" data-src=\"https:\/\/lcdglass.biz\/wp-content\/flagallery\/holographic-glass\/webview\/cimg1512.jpg\" alt=\"Holographic glass\"\/><\/a> <div class=\"flagPhantom_ThumbLabel\"> <span class=\"flagPhantom_ThumbLabel_title\">Holographic glass<\/span><\/div> <div style=\"display:none;\" class=\"flagPhantom_Details\"> <div class=\"flagPhantom_description\"> <div class=\"flagPhantom_title\">Holographic glass<\/div> <div class=\"flagPhantom_text\"><p>Holographic glass interior design application<br \/>Arredamento d'interni con vetro olografico<br \/>Verre holographique dans une d\u00e9coration int\u00e9rieure<br \/>Vidrio hologr\u00e1fico en la decoraci\u00f3n de interiores<\/p><\/div> <\/div> <\/div> <\/div> <div class=\"flagPhantom_ThumbContainer flagPhantom_ThumbLoader\" data-id=\"27\" data-ratio=\"1.009009009009\" data-title=\"Holographic glass\" data-views=\"523\" data-likes=\"0\"> <a href=\"https:\/\/lcdglass.biz\/wp-content\/flagallery\/holographic-glass\/webview\/decoration-1.jpg\" class=\"flagPhantom_Thumb\"><img decoding=\"async\" class=\"noLazy\" src=\"https:\/\/lcdglass.biz\/wp-content\/flagallery\/holographic-glass\/thumbs\/thumbs_decoration-1.jpg\" data-src=\"https:\/\/lcdglass.biz\/wp-content\/flagallery\/holographic-glass\/webview\/decoration-1.jpg\" alt=\"Holographic glass\"\/><\/a> <div class=\"flagPhantom_ThumbLabel\"> <span class=\"flagPhantom_ThumbLabel_title\">Holographic glass<\/span><\/div> <div style=\"display:none;\" class=\"flagPhantom_Details\"> <div class=\"flagPhantom_description\"> <div class=\"flagPhantom_title\">Holographic glass<\/div> <div class=\"flagPhantom_text\"><p>Holographic glass interior design application<br \/>Arredamento d'interni con vetro olografico<br \/>Verre holographique dans une d\u00e9coration int\u00e9rieure<br \/>Vidrio hologr\u00e1fico en la decoraci\u00f3n de interiores<\/p><\/div> <\/div> <\/div> <\/div> <div class=\"flagPhantom_ThumbContainer flagPhantom_ThumbLoader\" data-id=\"28\" data-ratio=\"1\" data-title=\"Holographic glass\" data-views=\"453\" data-likes=\"0\"> <a href=\"https:\/\/lcdglass.biz\/wp-content\/flagallery\/holographic-glass\/webview\/display.jpg\" class=\"flagPhantom_Thumb\"><img decoding=\"async\" class=\"noLazy\" src=\"https:\/\/lcdglass.biz\/wp-content\/flagallery\/holographic-glass\/thumbs\/thumbs_display.jpg\" data-src=\"https:\/\/lcdglass.biz\/wp-content\/flagallery\/holographic-glass\/webview\/display.jpg\" alt=\"Holographic glass\"\/><\/a> <div class=\"flagPhantom_ThumbLabel\"> <span class=\"flagPhantom_ThumbLabel_title\">Holographic glass<\/span><\/div> <div style=\"display:none;\" class=\"flagPhantom_Details\"> <div class=\"flagPhantom_description\"> <div class=\"flagPhantom_title\">Holographic glass<\/div> <div class=\"flagPhantom_text\"><p>Holographic glass interior design application<br \/>Arredamento d'interni con vetro olografico<br \/>Verre holographique dans une d\u00e9coration int\u00e9rieure<br \/>Vidrio hologr\u00e1fico en la decoraci\u00f3n de interiores<\/p><\/div> <\/div> <\/div> <\/div> <div class=\"flagPhantom_ThumbContainer flagPhantom_ThumbLoader\" data-id=\"29\" data-ratio=\"1\" data-title=\"Holographic glass\" data-views=\"436\" data-likes=\"0\"> <a href=\"https:\/\/lcdglass.biz\/wp-content\/flagallery\/holographic-glass\/webview\/dsc06129.jpg\" class=\"flagPhantom_Thumb\"><img decoding=\"async\" class=\"noLazy\" src=\"https:\/\/lcdglass.biz\/wp-content\/flagallery\/holographic-glass\/thumbs\/thumbs_dsc06129.jpg\" data-src=\"https:\/\/lcdglass.biz\/wp-content\/flagallery\/holographic-glass\/webview\/dsc06129.jpg\" alt=\"Holographic glass\"\/><\/a> <div class=\"flagPhantom_ThumbLabel\"> <span class=\"flagPhantom_ThumbLabel_title\">Holographic glass<\/span><\/div> <div style=\"display:none;\" class=\"flagPhantom_Details\"> <div class=\"flagPhantom_description\"> <div class=\"flagPhantom_title\">Holographic glass<\/div> <div class=\"flagPhantom_text\"><p>Holographic glass interior design application<br \/>Arredamento d'interni con vetro olografico<br \/>Verre holographique dans une d\u00e9coration int\u00e9rieure<br \/>Vidrio hologr\u00e1fico en la decoraci\u00f3n de interiores<\/p><\/div> <\/div> <\/div> <\/div> <div class=\"flagPhantom_ThumbContainer flagPhantom_ThumbLoader\" data-id=\"30\" data-ratio=\"1\" data-title=\"Holographic glass\" data-views=\"408\" data-likes=\"0\"> <a href=\"https:\/\/lcdglass.biz\/wp-content\/flagallery\/holographic-glass\/webview\/dsc06144.jpg\" class=\"flagPhantom_Thumb\"><img decoding=\"async\" class=\"noLazy\" src=\"https:\/\/lcdglass.biz\/wp-content\/flagallery\/holographic-glass\/thumbs\/thumbs_dsc06144.jpg\" data-src=\"https:\/\/lcdglass.biz\/wp-content\/flagallery\/holographic-glass\/webview\/dsc06144.jpg\" alt=\"Holographic glass\"\/><\/a> <div class=\"flagPhantom_ThumbLabel\"> <span class=\"flagPhantom_ThumbLabel_title\">Holographic glass<\/span><\/div> <div style=\"display:none;\" class=\"flagPhantom_Details\"> <div class=\"flagPhantom_description\"> <div class=\"flagPhantom_title\">Holographic glass<\/div> <div class=\"flagPhantom_text\"><p>Holographic glass interior design application<br \/>Arredamento d'interni con vetro olografico<br \/>Verre holographique dans une d\u00e9coration int\u00e9rieure<br \/>Vidrio hologr\u00e1fico en la decoraci\u00f3n de interiores<\/p><\/div> <\/div> <\/div> <\/div> <div class=\"flagPhantom_ThumbContainer flagPhantom_ThumbLoader\" data-id=\"31\" data-ratio=\"1.505376344086\" data-title=\"Holographic glass\" data-views=\"354\" data-likes=\"0\"> <a href=\"https:\/\/lcdglass.biz\/wp-content\/flagallery\/holographic-glass\/webview\/dsc06147.jpg\" class=\"flagPhantom_Thumb\"><img decoding=\"async\" class=\"noLazy\" src=\"https:\/\/lcdglass.biz\/wp-content\/flagallery\/holographic-glass\/thumbs\/thumbs_dsc06147.jpg\" data-src=\"https:\/\/lcdglass.biz\/wp-content\/flagallery\/holographic-glass\/webview\/dsc06147.jpg\" alt=\"Holographic glass\"\/><\/a> <div class=\"flagPhantom_ThumbLabel\"> <span class=\"flagPhantom_ThumbLabel_title\">Holographic glass<\/span><\/div> <div style=\"display:none;\" class=\"flagPhantom_Details\"> <div class=\"flagPhantom_description\"> <div class=\"flagPhantom_title\">Holographic glass<\/div> <div class=\"flagPhantom_text\"><p>Holographic glass interior design application<br \/>Arredamento d'interni con vetro olografico<br \/>Verre holographique dans une d\u00e9coration int\u00e9rieure<br \/>Vidrio hologr\u00e1fico en la decoraci\u00f3n de interiores<\/p><\/div> <\/div> <\/div> <\/div> <div class=\"flagPhantom_ThumbContainer flagPhantom_ThumbLoader\" data-id=\"32\" data-ratio=\"1.5013404825737\" data-title=\"Holographic glass\" data-views=\"330\" data-likes=\"0\"> <a href=\"https:\/\/lcdglass.biz\/wp-content\/flagallery\/holographic-glass\/webview\/dsc06152.jpg\" class=\"flagPhantom_Thumb\"><img decoding=\"async\" class=\"noLazy\" src=\"https:\/\/lcdglass.biz\/wp-content\/flagallery\/holographic-glass\/thumbs\/thumbs_dsc06152.jpg\" data-src=\"https:\/\/lcdglass.biz\/wp-content\/flagallery\/holographic-glass\/webview\/dsc06152.jpg\" alt=\"Holographic glass\"\/><\/a> <div class=\"flagPhantom_ThumbLabel\"> <span class=\"flagPhantom_ThumbLabel_title\">Holographic glass<\/span><\/div> <div style=\"display:none;\" class=\"flagPhantom_Details\"> <div class=\"flagPhantom_description\"> <div class=\"flagPhantom_title\">Holographic glass<\/div> <div class=\"flagPhantom_text\"><p>Holographic glass interior design application<br \/>Arredamento d'interni con vetro olografico<br \/>Verre holographique dans une d\u00e9coration int\u00e9rieure<br \/>Vidrio hologr\u00e1fico en la decoraci\u00f3n de interiores<\/p><\/div> <\/div> <\/div> <\/div> <div class=\"flagPhantom_ThumbContainer flagPhantom_ThumbLoader\" data-id=\"33\" data-ratio=\"1\" data-title=\"Holographic glass\" data-views=\"379\" data-likes=\"0\"> <a href=\"https:\/\/lcdglass.biz\/wp-content\/flagallery\/holographic-glass\/webview\/imgp9601.jpg\" class=\"flagPhantom_Thumb\"><img decoding=\"async\" class=\"noLazy\" src=\"https:\/\/lcdglass.biz\/wp-content\/flagallery\/holographic-glass\/thumbs\/thumbs_imgp9601.jpg\" data-src=\"https:\/\/lcdglass.biz\/wp-content\/flagallery\/holographic-glass\/webview\/imgp9601.jpg\" alt=\"Holographic glass\"\/><\/a> <div class=\"flagPhantom_ThumbLabel\"> <span class=\"flagPhantom_ThumbLabel_title\">Holographic glass<\/span><\/div> <div style=\"display:none;\" class=\"flagPhantom_Details\"> <div class=\"flagPhantom_description\"> <div class=\"flagPhantom_title\">Holographic glass<\/div> <div class=\"flagPhantom_text\"><p>Holographic glass interior design application<br \/>Arredamento d'interni con vetro olografico<br \/>Verre holographique dans une d\u00e9coration int\u00e9rieure<br \/>Vidrio hologr\u00e1fico en la decoraci\u00f3n de interiores<\/p><\/div> <\/div> <\/div> <\/div> <\/div> <\/div> <script type=\"text\/javascript\"> jQuery(function(){ var settings = {\"maxheight\":\"0\",\"thumbCols\":\"0\",\"thumbRows\":\"0\",\"thumbsNavigation\":\"scroll\",\"bgColor\":\"#ffffff\",\"bgAlpha\":\"0\",\"thumbWidth\":\"200\",\"thumbHeight\":\"180\",\"thumbWidthMobile\":\"150\",\"thumbHeightMobile\":\"135\",\"thumbsSpacing\":\"8\",\"thumbsVerticalPadding\":\"4\",\"thumbsHorizontalPadding\":\"4\",\"thumbsAlign\":\"center\",\"thumbScale\":\"1\",\"thumbBG\":\"#ffffff\",\"thumbAlpha\":\"90\",\"thumbAlphaHover\":\"100\",\"thumbBorderSize\":\"1\",\"thumbBorderColor\":\"#cccccc\",\"thumbPadding\":\"2\",\"thumbsInfo\":\"label\",\"labelOnHover\":\"1\",\"labelTextColor\":\"#ffffff\",\"labelLinkColor\":\"#e7e179\",\"label8TextColor\":\"#0b0b0b\",\"label8LinkColor\":\"#3695E7\",\"tooltipTextColor\":\"#0b0b0b\",\"tooltipBgColor\":\"#ffffff\",\"tooltipStrokeColor\":\"#000000\",\"lightboxControlsColor\":\"#ffffff\",\"lightboxTitleColor\":\"#f3f3f3\",\"lightboxTextColor\":\"#f3f3f3\",\"lightboxBGColor\":\"#0b0b0b\",\"lightboxBGAlpha\":\"80\",\"socialShareEnabled\":\"1\",\"deepLinks\":\"1\",\"sidebarBGColor\":\"#ffffff\",\"lightbox800HideArrows\":\"0\",\"viewsEnabled\":\"1\",\"likesEnabled\":\"1\",\"thumb2link\":\"0\",\"show_title\":\"1\",\"initRPdelay\":\"200\",\"key\":\"\",\"name\":\"\",\"mfp_css\":\"\\r\\n#mfp_gm_sc3_5 .mfp-arrow-right:after,\\r\\n#mfp_gm_sc3_5 .mfp-arrow-right .mfp-a {border-left-color:#ffffff;}\\r\\n#mfp_gm_sc3_5 .mfp-arrow-left:after,\\r\\n#mfp_gm_sc3_5 .mfp-arrow-left .mfp-a {border-right-color:#ffffff;}\\r\\n#mfp_gm_sc3_5 .mfp-close,\\r\\n#mfp_gm_sc3_5 .mfp-likes,\\r\\n#mfp_gm_sc3_5 .mfp-share {color:#ffffff;}\\r\\n#mfp_gm_sc3_5 .mfp-preloader {background-color:#ffffff;}\\r\\n#mfp_gm_sc3_5 .flagPhantom_title,\\r\\n#mfp_gm_sc3_5 .mfp-counter {color:#f3f3f3;}\\r\\n#mfp_gm_sc3_5 .flagPhantom_text {color:#f3f3f3;}\\r\\n#mfp_gm_sc3_5_bg.mfp-bg {background-color:#0b0b0b;}\\r\\n#mfp_gm_sc3_5_bg.mfp-bg {opacity:0.8;}\\r\\n#mfp_gm_sc3_5_bg.mfp-zoom-in.mfp-bg {opacity:0}\\r\\n#mfp_gm_sc3_5_bg.mfp-zoom-in.mfp-ready.mfp-bg {opacity:0.8;}\\r\\n#mfp_gm_sc3_5_bg.mfp-zoom-in.mfp-removing.mfp-bg {opacity:0}\"}; jQuery('#FlaGallery_sc3_5').flagPhantom([settings]); }); <\/script><\/div><\/div><noscript id=\"noscript_FlaGallery_sc3_5\"><img class=\"skip-lazy no-lazyload noLazy\" data-lazy-src=\"\" src =\"https:\/\/lcdglass.biz\/wp-content\/flagallery\/holographic-glass\/1-sf.jpg\" alt=\"Holographic glass\" \/><img class=\"skip-lazy no-lazyload noLazy\" data-lazy-src=\"\" src =\"https:\/\/lcdglass.biz\/wp-content\/flagallery\/holographic-glass\/building-door.jpg\" alt=\"Holographic glass\" \/><img class=\"skip-lazy no-lazyload noLazy\" data-lazy-src=\"\" src =\"https:\/\/lcdglass.biz\/wp-content\/flagallery\/holographic-glass\/cimg1500.jpg\" alt=\"Holographic glass\" \/><img class=\"skip-lazy no-lazyload noLazy\" data-lazy-src=\"\" src =\"https:\/\/lcdglass.biz\/wp-content\/flagallery\/holographic-glass\/cimg1512.jpg\" alt=\"Holographic glass\" \/><img class=\"skip-lazy no-lazyload noLazy\" data-lazy-src=\"\" src =\"https:\/\/lcdglass.biz\/wp-content\/flagallery\/holographic-glass\/decoration-1.jpg\" alt=\"Holographic glass\" \/><img class=\"skip-lazy no-lazyload noLazy\" data-lazy-src=\"\" src =\"https:\/\/lcdglass.biz\/wp-content\/flagallery\/holographic-glass\/display.jpg\" alt=\"Holographic glass\" \/><img class=\"skip-lazy no-lazyload noLazy\" data-lazy-src=\"\" src =\"https:\/\/lcdglass.biz\/wp-content\/flagallery\/holographic-glass\/dsc06129.jpg\" alt=\"Holographic glass\" \/><img class=\"skip-lazy no-lazyload noLazy\" data-lazy-src=\"\" src =\"https:\/\/lcdglass.biz\/wp-content\/flagallery\/holographic-glass\/dsc06144.jpg\" alt=\"Holographic glass\" \/><img class=\"skip-lazy no-lazyload noLazy\" data-lazy-src=\"\" src =\"https:\/\/lcdglass.biz\/wp-content\/flagallery\/holographic-glass\/dsc06147.jpg\" alt=\"Holographic glass\" \/><img class=\"skip-lazy no-lazyload noLazy\" data-lazy-src=\"\" src =\"https:\/\/lcdglass.biz\/wp-content\/flagallery\/holographic-glass\/dsc06152.jpg\" alt=\"Holographic glass\" \/><img class=\"skip-lazy no-lazyload noLazy\" data-lazy-src=\"\" src =\"https:\/\/lcdglass.biz\/wp-content\/flagallery\/holographic-glass\/imgp9601.jpg\" alt=\"Holographic glass\" \/><\/noscript><\/p>","protected":false},"excerpt":{"rendered":"<p>Le nouveau verre holographique de SPECTRADOME repr\u00e9sente une autre nouveaut\u00e9 int\u00e9ressante qui on peut utiliser comme pi\u00e8ce de mobilier pour les maisons priv\u00e9es, les boutiques ou si\u00e8ges commerciaux, entreprises, casinos, h\u00f4tels ainsi que des bureaux ou des lieux de prestige repr\u00e9sentatives. Le verre holographique peut \u00eatre aussi utilis\u00e9 comme un \u2026<\/p>\n<p class=\"continue-reading-button\"> <a class=\"continue-reading-link\" href=\"https:\/\/lcdglass.biz\/fr\/products\/holographic-glass\/\">Continue reading<i class=\"crycon-right-dir\"><\/i><\/a><\/p>\n","protected":false},"author":2,"featured_media":0,"parent":129,"menu_order":0,"comment_status":"closed","ping_status":"open","template":"","meta":{"footnotes":""},"class_list":["post-228","page","type-page","status-publish","hentry"],"aioseo_notices":[],"_links":{"self":[{"href":"https:\/\/lcdglass.biz\/fr\/wp-json\/wp\/v2\/pages\/228","targetHints":{"allow":["GET"]}}],"collection":[{"href":"https:\/\/lcdglass.biz\/fr\/wp-json\/wp\/v2\/pages"}],"about":[{"href":"https:\/\/lcdglass.biz\/fr\/wp-json\/wp\/v2\/types\/page"}],"author":[{"embeddable":true,"href":"https:\/\/lcdglass.biz\/fr\/wp-json\/wp\/v2\/users\/2"}],"replies":[{"embeddable":true,"href":"https:\/\/lcdglass.biz\/fr\/wp-json\/wp\/v2\/comments?post=228"}],"version-history":[{"count":3,"href":"https:\/\/lcdglass.biz\/fr\/wp-json\/wp\/v2\/pages\/228\/revisions"}],"predecessor-version":[{"id":282,"href":"https:\/\/lcdglass.biz\/fr\/wp-json\/wp\/v2\/pages\/228\/revisions\/282"}],"up":[{"embeddable":true,"href":"https:\/\/lcdglass.biz\/fr\/wp-json\/wp\/v2\/pages\/129"}],"wp:attachment":[{"href":"https:\/\/lcdglass.biz\/fr\/wp-json\/wp\/v2\/media?parent=228"}],"curies":[{"name":"wp","href":"https:\/\/api.w.org\/{rel}","templated":true}]}}