{"id":226,"date":"2014-01-31T22:59:36","date_gmt":"2014-01-31T22:59:36","guid":{"rendered":"http:\/\/lcdglass.info\/?page_id=226"},"modified":"2014-03-22T17:19:45","modified_gmt":"2014-03-22T16:19:45","slug":"touchscreen-lcd-glass","status":"publish","type":"page","link":"https:\/\/lcdglass.biz\/fr\/products\/touchscreen-lcd-glass\/","title":{"rendered":"Verre LCD tactile"},"content":{"rendered":"<p>Les fen\u00eatres avec \u00e9cran tactile LCD PRIVAGLASS repr\u00e9sentent notre derni\u00e8re version du verre LCD pour les applications multim\u00e9dia et ils sont en fait trois produits en un.<br \/>\nInstall\u00e9 comme une fen\u00eatre LCD \u00e0 l&rsquo;int\u00e9rieur de n&rsquo;importe quelle ambiance et dans le but de diviser deux chambres ou des environnements diff\u00e9rents, en m\u00eame temps, ils peuvent servir de syst\u00e8me de projection LCD et multim\u00e9dia pour la maison: le syst\u00e8me multim\u00e9dia est contr\u00f4l\u00e9 par ordinateur et r\u00e9agit quand la surface du verre est touch\u00e9, en permettant par exemple de naviguer sur Internet avec juste la m\u00eame fen\u00eatre sur laquelle vous \u00e9tiez en train de voir un film il y a quelques minutes.<br \/>\nPuis, d\u00e8s que vous voulez voir ce qui se passe dans la chambre voisine, il vous suffit de d\u00e9sactiver le syst\u00e8me de projection et de basculer un interrupteur&#8230;<div class=\"flagallerywraper\" style=\"text-align:right;\"><div class=\"flagallery phantom_skin\" id=\"FlaGallery_sc3_2\" style=\"width:560;margin-left: auto;\"><style type=\"text\/css\" class=\"flagallery_skin_style_import\">#FlaGallery_sc3_2 .flagPhantom_ThumbContainer {width:200px; height:180px;}#FlaGallery_sc3_2 .flagPhantom_MobileView .flagPhantom_ThumbContainer {width:150px; height:135px;}#FlaGallery_sc3_2 .flagPhantom_Container {margin-left:auto;margin-right:auto;}#FlaGallery_sc3_2 .flagPhantom_ThumbContainer {margin:8px 0 0 8px;}#FlaGallery_sc3_2 .flagPhantom_ThumbContainer {padding:2px;}#FlaGallery_sc3_2 .flagPhantom_LabelBottom .flagPhantom_ThumbContainer {padding-bottom:36px;}#FlaGallery_sc3_2 .flagPhantom_ThumbContainer,#FlaGallery_sc3_2 .flagPhantom_LabelBottom .flagPhantom_ThumbLabel {background-color:#ffffff;}#FlaGallery_sc3_2 .flagPhantom_ThumbContainer .flagPhantom_Thumb {opacity:0.9;}#FlaGallery_sc3_2 .flagPhantom_ThumbContainer:hover .flagPhantom_Thumb {opacity:1;}#FlaGallery_sc3_2 .flagPhantom_ThumbContainer {border:1px solid #cccccc;}#FlaGallery_sc3_2 .flagPhantom_ThumbContainer {box-shadow:0 0 5px -2px #cccccc;}#FlaGallery_sc3_2 .flagPhantom_ThumbLabel {color:#0b0b0b;}#FlaGallery_sc3_2 .flagPhantom_ThumbLabel a {color:#3695E7;}#FlaGallery_sc3_2 .flagPhantom_LabelInside .flagPhantom_ThumbLabel,#FlaGallery_sc3_2 .flagPhantom_LabelHover .flagPhantom_ThumbLabel {color:#ffffff;}#FlaGallery_sc3_2 .flagPhantom_LabelInside .flagPhantom_ThumbLabel a,#FlaGallery_sc3_2 .flagPhantom_LabelHover .flagPhantom_ThumbLabel a,#FlaGallery_sc3_2 .flagPhantom_LabelInside .flagPhantom_ThumbLabel a:hover,#FlaGallery_sc3_2 .flagPhantom_LabelHover .flagPhantom_ThumbLabel a:hover {color:#e7e179;}<\/style> <div class=\"flagPhantom_Container noLightbox\" style=\"opacity:0\"> <h3>LCD touchscreen glass<\/h3><div class=\"flagPhantom_galleryDescription\"><p>LCD panel with touchscreen and video display properties<\/p><\/div> <div class=\"flagPhantom_thumbsWrapper flagPhantom_ThumbScale flagPhantom_LabelHover\"> <div class=\"flagPhantom_ThumbContainer flagPhantom_ThumbLoader\" data-id=\"4\" data-ratio=\"1.5013404825737\" data-title=\"Touchscreen LCD \" data-views=\"527\" data-likes=\"0\"> <a href=\"https:\/\/lcdglass.biz\/wp-content\/flagallery\/vetro-lcd-touchscreen\/webview\/touchpc1.jpg\" class=\"flagPhantom_Thumb\"><img decoding=\"async\" class=\"noLazy\" src=\"https:\/\/lcdglass.biz\/wp-content\/flagallery\/vetro-lcd-touchscreen\/thumbs\/thumbs_touchpc1.jpg\" data-src=\"https:\/\/lcdglass.biz\/wp-content\/flagallery\/vetro-lcd-touchscreen\/webview\/touchpc1.jpg\" alt=\"Touchscreen LCD \"\/><\/a> <div class=\"flagPhantom_ThumbLabel\"> <span class=\"flagPhantom_ThumbLabel_title\">Touchscreen LCD <\/span><\/div> <div style=\"display:none;\" class=\"flagPhantom_Details\"> <div class=\"flagPhantom_description\"> <div class=\"flagPhantom_title\">Touchscreen LCD <\/div> <div class=\"flagPhantom_text\"><p>Touchscreen LCD with computer-assisted operation<br \/>\u00c9cran tactile LCD op\u00e9ration assist\u00e9e par ordinateur<br \/>Schermo LCD touchscreen a controllo computerizzato<br \/>LCD de pantalla t\u00e1ctil con la operaci\u00f3n asistida por ordenador<\/p><\/div> <\/div> <\/div> <\/div> <div class=\"flagPhantom_ThumbContainer flagPhantom_ThumbLoader\" data-id=\"6\" data-ratio=\"1.5013404825737\" data-title=\"Touchscreen LCD \" data-views=\"595\" data-likes=\"0\"> <a href=\"https:\/\/lcdglass.biz\/wp-content\/flagallery\/vetro-lcd-touchscreen\/webview\/touchpc2.jpg\" class=\"flagPhantom_Thumb\"><img decoding=\"async\" class=\"noLazy\" src=\"https:\/\/lcdglass.biz\/wp-content\/flagallery\/vetro-lcd-touchscreen\/thumbs\/thumbs_touchpc2.jpg\" data-src=\"https:\/\/lcdglass.biz\/wp-content\/flagallery\/vetro-lcd-touchscreen\/webview\/touchpc2.jpg\" alt=\"Touchscreen LCD \"\/><\/a> <div class=\"flagPhantom_ThumbLabel\"> <span class=\"flagPhantom_ThumbLabel_title\">Touchscreen LCD <\/span><\/div> <div style=\"display:none;\" class=\"flagPhantom_Details\"> <div class=\"flagPhantom_description\"> <div class=\"flagPhantom_title\">Touchscreen LCD <\/div> <div class=\"flagPhantom_text\"><p>Touchscreen LCD with computer-assisted operation<br \/>\u00c9cran tactile LCD op\u00e9ration assist\u00e9e par ordinateur<br \/>Schermo LCD touchscreen a controllo computerizzato<br \/>LCD de pantalla t\u00e1ctil con la operaci\u00f3n asistida por ordenador<\/p><\/div> <\/div> <\/div> <\/div> <\/div> <\/div> <script type=\"text\/javascript\"> jQuery(function(){ var settings = {\"maxheight\":\"0\",\"thumbCols\":\"0\",\"thumbRows\":\"0\",\"thumbsNavigation\":\"scroll\",\"bgColor\":\"#ffffff\",\"bgAlpha\":\"0\",\"thumbWidth\":\"200\",\"thumbHeight\":\"180\",\"thumbWidthMobile\":\"150\",\"thumbHeightMobile\":\"135\",\"thumbsSpacing\":\"8\",\"thumbsVerticalPadding\":\"4\",\"thumbsHorizontalPadding\":\"4\",\"thumbsAlign\":\"center\",\"thumbScale\":\"1\",\"thumbBG\":\"#ffffff\",\"thumbAlpha\":\"90\",\"thumbAlphaHover\":\"100\",\"thumbBorderSize\":\"1\",\"thumbBorderColor\":\"#cccccc\",\"thumbPadding\":\"2\",\"thumbsInfo\":\"label\",\"labelOnHover\":\"1\",\"labelTextColor\":\"#ffffff\",\"labelLinkColor\":\"#e7e179\",\"label8TextColor\":\"#0b0b0b\",\"label8LinkColor\":\"#3695E7\",\"tooltipTextColor\":\"#0b0b0b\",\"tooltipBgColor\":\"#ffffff\",\"tooltipStrokeColor\":\"#000000\",\"lightboxControlsColor\":\"#ffffff\",\"lightboxTitleColor\":\"#f3f3f3\",\"lightboxTextColor\":\"#f3f3f3\",\"lightboxBGColor\":\"#0b0b0b\",\"lightboxBGAlpha\":\"80\",\"socialShareEnabled\":\"1\",\"deepLinks\":\"1\",\"sidebarBGColor\":\"#ffffff\",\"lightbox800HideArrows\":\"0\",\"viewsEnabled\":\"1\",\"likesEnabled\":\"1\",\"thumb2link\":\"0\",\"show_title\":\"1\",\"initRPdelay\":\"200\",\"key\":\"\",\"name\":\"\",\"mfp_css\":\"\\r\\n#mfp_gm_sc3_2 .mfp-arrow-right:after,\\r\\n#mfp_gm_sc3_2 .mfp-arrow-right .mfp-a {border-left-color:#ffffff;}\\r\\n#mfp_gm_sc3_2 .mfp-arrow-left:after,\\r\\n#mfp_gm_sc3_2 .mfp-arrow-left .mfp-a {border-right-color:#ffffff;}\\r\\n#mfp_gm_sc3_2 .mfp-close,\\r\\n#mfp_gm_sc3_2 .mfp-likes,\\r\\n#mfp_gm_sc3_2 .mfp-share {color:#ffffff;}\\r\\n#mfp_gm_sc3_2 .mfp-preloader {background-color:#ffffff;}\\r\\n#mfp_gm_sc3_2 .flagPhantom_title,\\r\\n#mfp_gm_sc3_2 .mfp-counter {color:#f3f3f3;}\\r\\n#mfp_gm_sc3_2 .flagPhantom_text {color:#f3f3f3;}\\r\\n#mfp_gm_sc3_2_bg.mfp-bg {background-color:#0b0b0b;}\\r\\n#mfp_gm_sc3_2_bg.mfp-bg {opacity:0.8;}\\r\\n#mfp_gm_sc3_2_bg.mfp-zoom-in.mfp-bg {opacity:0}\\r\\n#mfp_gm_sc3_2_bg.mfp-zoom-in.mfp-ready.mfp-bg {opacity:0.8;}\\r\\n#mfp_gm_sc3_2_bg.mfp-zoom-in.mfp-removing.mfp-bg {opacity:0}\"}; jQuery('#FlaGallery_sc3_2').flagPhantom([settings]); }); <\/script><\/div><\/div><noscript id=\"noscript_FlaGallery_sc3_2\"><img class=\"skip-lazy no-lazyload noLazy\" data-lazy-src=\"\" src =\"https:\/\/lcdglass.biz\/wp-content\/flagallery\/vetro-lcd-touchscreen\/touchpc1.jpg\" alt=\"Touchscreen LCD\" \/><img class=\"skip-lazy no-lazyload noLazy\" data-lazy-src=\"\" src =\"https:\/\/lcdglass.biz\/wp-content\/flagallery\/vetro-lcd-touchscreen\/touchpc2.jpg\" alt=\"Touchscreen LCD\" \/><\/noscript><\/p>","protected":false},"excerpt":{"rendered":"<p>Les fen\u00eatres avec \u00e9cran tactile LCD PRIVAGLASS repr\u00e9sentent notre derni\u00e8re version du verre LCD pour les applications multim\u00e9dia et ils sont en fait trois produits en un. Install\u00e9 comme une fen\u00eatre LCD \u00e0 l&rsquo;int\u00e9rieur de n&rsquo;importe quelle ambiance et dans le but de diviser deux chambres ou des environnements diff\u00e9rents, \u2026<\/p>\n<p class=\"continue-reading-button\"> <a class=\"continue-reading-link\" href=\"https:\/\/lcdglass.biz\/fr\/products\/touchscreen-lcd-glass\/\">Continue reading<i class=\"crycon-right-dir\"><\/i><\/a><\/p>\n","protected":false},"author":2,"featured_media":0,"parent":129,"menu_order":0,"comment_status":"closed","ping_status":"open","template":"","meta":{"footnotes":""},"class_list":["post-226","page","type-page","status-publish","hentry"],"aioseo_notices":[],"_links":{"self":[{"href":"https:\/\/lcdglass.biz\/fr\/wp-json\/wp\/v2\/pages\/226","targetHints":{"allow":["GET"]}}],"collection":[{"href":"https:\/\/lcdglass.biz\/fr\/wp-json\/wp\/v2\/pages"}],"about":[{"href":"https:\/\/lcdglass.biz\/fr\/wp-json\/wp\/v2\/types\/page"}],"author":[{"embeddable":true,"href":"https:\/\/lcdglass.biz\/fr\/wp-json\/wp\/v2\/users\/2"}],"replies":[{"embeddable":true,"href":"https:\/\/lcdglass.biz\/fr\/wp-json\/wp\/v2\/comments?post=226"}],"version-history":[{"count":3,"href":"https:\/\/lcdglass.biz\/fr\/wp-json\/wp\/v2\/pages\/226\/revisions"}],"predecessor-version":[{"id":278,"href":"https:\/\/lcdglass.biz\/fr\/wp-json\/wp\/v2\/pages\/226\/revisions\/278"}],"up":[{"embeddable":true,"href":"https:\/\/lcdglass.biz\/fr\/wp-json\/wp\/v2\/pages\/129"}],"wp:attachment":[{"href":"https:\/\/lcdglass.biz\/fr\/wp-json\/wp\/v2\/media?parent=226"}],"curies":[{"name":"wp","href":"https:\/\/api.w.org\/{rel}","templated":true}]}}