{"id":140,"date":"2014-01-25T23:10:49","date_gmt":"2014-01-25T23:10:49","guid":{"rendered":"http:\/\/lcdglass.info\/?page_id=140"},"modified":"2014-03-22T17:19:44","modified_gmt":"2014-03-22T16:19:44","slug":"f-a-q","status":"publish","type":"page","link":"https:\/\/lcdglass.biz\/fr\/f-a-q\/","title":{"rendered":"Questions les plus fr\u00e9quentes"},"content":{"rendered":"<p>&#8211; Q: Combien \u00e7a co\u00fbte?<br \/>\n&#8211; A: ce n&rsquo;est pas un produit pas cher . Le total des d\u00e9penses de tous les co\u00fbts ( produits , accessoires et l&rsquo;installation) de notre syst\u00e8me LCD est bien plus de 1200 euros le m\u00e8tre carr\u00e9. Cela peut augmanter ou une diminuer en fonction de plusieurs facteurs, tels que la surface totale LCD achet\u00e9e, aucun travail suppl\u00e9mentaire demand\u00e9 ou accessoires ( t\u00e9l\u00e9commandes, commandes sp\u00e9ciales , etc.)<\/p>\n<p>&#8211; Q : le r\u00e9sultat esth\u00e9tique est-il garanti?<br \/>\n&#8211; R. : Si vous suivez les conseils donn\u00e9s par notre division technique, l&rsquo;esth\u00e9tique apr\u00e8s l&rsquo;installation est la meilleure possible.<\/p>\n<p>&#8211; Q : est-ce qu&rsquo;on peut voir \u00e0 travers un verre LCD?<br \/>\n&#8211; A: absolument pas. En aucune fa\u00e7on il est possible de voir \u00e0 travers la plaque de verre ou l&rsquo;\u00e9cran LCD comme m\u00eame sont \u00e0 l&rsquo;\u00e9tat opaque. Dans certaines circonstances, l&rsquo;\u00e9clairage et la pr\u00e9sence de personnes \u00e0 proximit\u00e9 du vitrage LCD peuvent se produire en projection d&rsquo;ombres sur la surface LCD, mais m\u00eame dans ce cas on exclut toute possibilit\u00e9 d&rsquo;affichage de plus amples d\u00e9tails.<\/p>\n<p>&#8211; Q : Quels sont les autres avantages que je peux obtenir, en plus de l&rsquo;esth\u00e9tique et d&rsquo;une plus grande protection de ma vie priv\u00e9e ?<br \/>\n&#8211; A: Notre syst\u00e8me est bas\u00e9 sur l&rsquo; utilisation de la nanotechnologie LCD qui permette d&rsquo;optimiser l&rsquo;utilisation du produit dans tous les sens. Par exemple, le compos\u00e9 de cristal liquide utilis\u00e9 permet le rejet \u00e0 la fois du rayonnement infrarouge et ultraviolet, en obtenant comme r\u00e9sultat qu&rsquo;on peut fournir un produit \u00e9cologique, aidant \u00e0 maintenir les environnements o\u00f9 les plaques \u00e0 cristaux liquides sont install\u00e9es, plus frais en \u00e9t\u00e9 et plus chaudes en hiver.<\/p>\n<p>&#8211; Q : Qui va s&rsquo;occuper de l&rsquo;installation?<br \/>\n&#8211; A: Nous offrons les verres LCD et leur installation \u00a0\u00bb cl\u00e9s en main \u00ab\u00a0, en fournissant \u00e0 nos clients la pr\u00e9sence d&rsquo;un partenaire unique et techniquement pr\u00e9par\u00e9. Une \u00e9quipe d&rsquo;installation comp\u00e9tente et capables de faire face aux situations complexes soit l&rsquo;installation dans le plan horizontal ou vertical, avec des fen\u00eatres et des portes d\u00e9j\u00e0 dans la pose ou \u00e0 \u00e9tablir. Sinon, l&rsquo;installation peut \u00eatre exig\u00e9e pour l&rsquo;un de nos partenaires commerciaux autoris\u00e9s: dans ces cas, les conditions et les co\u00fbts d&rsquo;approvisionnement peuvent \u00eatre sujets \u00e0 changement.<\/p>\n<p>&#8211; D.: Est-ce que vous offrez l&rsquo;installation inclus dans le prix au m\u00e8tre carr\u00e9?<br \/>\n&#8211; R\u00e9ponse: non. L&rsquo;installation est la phase la plus sensible et critique dans le proc\u00e9dure de livraison du syst\u00e8me au client. En tant que tel, on n\u00e9cessite de techniciens hautement qualifi\u00e9s et comp\u00e9tents, ainsi que d&rsquo;une allocation des ressources techniques \u00e0 l&rsquo;usage exclusif du syst\u00e8me pour l&rsquo;installation et l&rsquo;essai d&rsquo;un certain nombre de conditions sur place lors de l&rsquo;installation. Un tel montant ne peut pas ( et ne doit pas ) \u00eatre inclus dans le prix du produit.<\/p>\n<p>&#8211; D.: Est-ce qu&rsquo;on peut actheter m\u00eame des petites surfaces LCD?<br \/>\n&#8211; R\u00e9ponse: oui. Notre technologie particuli\u00e8re permet la fabrication des verres LCD jusqu&rsquo;\u00e0 quelques d\u00e9cim\u00e8tres carr\u00e9s.<\/p>\n<p>&#8211; D : le verre est fourni inclus dans le prix?<br \/>\n&#8211; R. Cela d\u00e9pend. Nous pouvons servir presque tous les types d&rsquo;installation: nous pouvons fournir tous les feuilles de verre ainsi qu&rsquo;installer directement les cristaux liquides sur verres d\u00e9j\u00e0 install\u00e9s sans avoir besoin de les remplacer.<\/p>\n<p>&#8211; Q : En cas d&rsquo;installation sur des surfaces de verre existantes, quels types de verre sont-ils compatibles avec l&rsquo;installation ?<br \/>\n&#8211; A. : presque tous. Avec l&rsquo;exception du verre sabl\u00e9 ou avec des surfaces rugueuses , l&rsquo;installation du syst\u00e8me LCD PRIVAGLASS peut se produire sur tous les types de verres (y compris ceux incassables ou blind\u00e9s).<\/p>\n<p>&#8211; Q : est-ce qu&rsquo;on peut facilement endommager le syst\u00e8me LCD PRIVAGLASS?<br \/>\n&#8211; R. Cela d\u00e9pend. Si on a noy\u00e9 les cristaux liquides dans un verre, la r\u00e9sistance du verre est \u00e9lev\u00e9 et la seule fa\u00e7on d&rsquo;endommager les cristaux liquide est de casser le verre. Si les cristaux liquides sont install\u00e9s sur les fen\u00eatres existantes, cependant, le syst\u00e8me est beaucoup plus d\u00e9licate et on doit utiliser les m\u00eames pr\u00e9cautions que vous utilisez sur un \u00e9cran d&rsquo;ordinateur LCD. Dans ces cas , les bosses, rayures , l&rsquo;utilisation de solvants ou de d\u00e9tergents agressifs pour le nettoyage sont tous \u00e0 \u00e9viter pour assurer une longue utilisation du syst\u00e8me dans le temps.<\/p>\n<p>&#8211; Q : Quel genre de formes LCD sont possibles ?<br \/>\n&#8211; A. : Gr\u00e2ce \u00e0 une \u00e9quipe technique comp\u00e9tente, nous pouvons fournir des panneaux LCD en forme carr\u00e9e, rectangulaire, circulaire, semi-circulaire et vo\u00fbt\u00e9e. Pour tous les processus complexes (en particulier ceux circulaires, semi-circulaires, etc .), vous devez nous fournir des dessins techniques avec des mesures pr\u00e9cises des diverses applications que vous intendez avoir avec les surfaces LCD.<\/p>\n<p>&#8211; Q : quels sont les co\u00fbts de l&rsquo;installation \u00e0 ajouter au prix de panneaux LCD au m\u00e8tre carr\u00e9?<br \/>\n&#8211; A: les co\u00fbts d&rsquo;installation sont constitu\u00e9s d&rsquo;\u00e9l\u00e9ments li\u00e9s au temps de travail, les frais de transfert, les frais pour la s\u00e9curit\u00e9 du transport des feuilles, le remboursement des frais de voyage et s\u00e9jour (en particulier dans le cas des clients loin de la notre si\u00e8ge social ou des installations complexes d&rsquo;une dur\u00e9e de quelques jours). En moyenne, pour le travail d&rsquo;une certaine dimension (surface LCD sp\u00e9cifique sup\u00e9rieure ou \u00e9gale \u00e0 10 m\u00e8tres carr\u00e9s) les co\u00fbts d&rsquo;installation repr\u00e9sentent un pourcentage variant de 25 % \u00e0 45% du co\u00fbt de la surface \u00e0 cristaux liquides achet\u00e9.<\/p>\n<p>&#8211; Q : Comment puis-je demander un devis?<br \/>\n&#8211; A: pour produire un devis on n\u00e9cessite de plusieurs informations qui nous permettra de comprendre exactement comment on doit effectuer l&rsquo;installation. Photographies, dessins techniques plans, description d\u00e9taill\u00e9e du type d&rsquo;appareils et, \u00e9ventuellement, verre \u00e0 utiliser pour l&rsquo;installation, sont absolument n\u00e9cessaires et peuvent \u00eatre envoy\u00e9s \u00e0 l&rsquo;adresse e-mail de notre division technique, sur le site.<\/p>\n<p>&#8211; Q : Pourquoi tant de nombreuses informations n\u00e9cessaires pour faire une estimation?<br \/>\n&#8211; A. : essentiellement pour deux raisons. La premi\u00e8re raison tient \u00e0 la complexit\u00e9 du processus d&rsquo;installation, ce qui nous oblige \u00e0 conna\u00eetre la situation dans le moindre d\u00e9tail, ne laissant rien au hasard. La deuxi\u00e8me raison est d&rsquo;ordre purement pratique et se rapporte au fait que les panneaux LCD sont fabriqu\u00e9s enti\u00e8rement personnalis\u00e9s par rapport \u00e0 la demande de chaque client et , une fois coup\u00e9es selon les mesures d\u00e9crites, ils ne peuvent \u00eatre en aucune fa\u00e7on chang\u00e9s une seconde fois.<\/p>\n<p>&#8211; D : Est-ce qu&rsquo;on peut utiliser votre syst\u00e8me \u00e0 cristaux liquides afin d&rsquo;obtenir un environnement compl\u00e8tement obscur?<br \/>\n&#8211; R\u00e9ponse : non. Comme il est impossible de voir \u00e0 travers les verres \u00e0 cristaux liquides lorsque ceux-ci sont \u00e0 l&rsquo;\u00e9tat opaque, les m\u00eames conservent un certain degr\u00e9 de perm\u00e9abilit\u00e9 \u00e0 la lumi\u00e8re et, par cons\u00e9quent, ils ne permettent pas d&rsquo;obtenir un assombrissement total de l&rsquo;environnement interne. Le m\u00eame verre \u00e9lectrochromique, cependant, ne permet pas l&rsquo; obscurit\u00e9 totale dans l&rsquo;installation.<\/p>\n<p>&#8211; Q : est-il possible d&rsquo;utiliser votre syst\u00e8me comme un syst\u00e8me de projection LCD ?<br \/>\n&#8211; R: Oui , et les les r\u00e9sultats sont g\u00e9n\u00e9ralement tr\u00e8s bons. Cependant, il y a un certain nombre d&rsquo;\u00e9l\u00e9ments qui doivent \u00eatre consid\u00e9r\u00e9s avant la fin de l&rsquo;installation, si le client a un int\u00e9r\u00eat dans l&rsquo;utilisation des panneaux LCD \u00e0 des fins de projection.<\/p>\n<p>&#8211; D : est-ce qu&rsquo;on peut vous demander des d\u00e9tails de personnalisation concernant la partie \u00e9lectrique du syst\u00e8me?<br \/>\n&#8211; R\u00e9ponse: oui. Notre personnel technique qualifi\u00e9 est en mesure d&rsquo;exploiter le syst\u00e8me PRIVAGLASS jusqu&rsquo;au maximum de ses limites. Cela signifie que les personnalisations sont possibles en ce qui concerne les d\u00e9tails du type de commande de marche\/arr\u00eat, l&rsquo;int\u00e9gration avec des syst\u00e8mes et des contr\u00f4les domotiques audiovisuels encadr\u00e9s par ordinateur.<\/p>\n<p>&#8211; D : est-ce qu&rsquo;on peut vous demander des installations personnalis\u00e9es sur meubles ou d&rsquo;armoires?<br \/>\n&#8211; A: oui. La confirmation finale , cependant, peut seulement \u00eatre accord\u00e9e \u00e0 l&rsquo;analyse des documents et informations fournis par le client aux fins de l&rsquo;\u00e9laboration du budget.<\/p>\n<p>&#8211; Q : est-il possible d&rsquo;utiliser vos panneaux LCD sur les voitures?<br \/>\n&#8211; A. : bien que th\u00e9oriquement possible, l&rsquo;application des panneaux aux cristaux liquides sur les v\u00e9hicules \u00e0 moteur \u00e0 la place des films classiques rideaux, pose de nombreux probl\u00e8mes et n&rsquo;est pas recommand\u00e9e.<\/p>\n<p>&#8211; Q : est-il possible d&rsquo;utiliser vos panneaux LCD sur des bateaux et des navires?<br \/>\n&#8211; R. : l&rsquo;utilisation sur des bateaux et yachts pr\u00e9sente moins de probl\u00e8mes techniques que sur les v\u00e9hicules \u00e0 moteur. Notre division technique vous donnera une confirmation de la faisabilit\u00e9 appliqu\u00e9e au cas particulier (dans ce cas \u00e9galement la transmission de documents d&rsquo;information est absolument n\u00e9cessaire).<\/p>\n<p>&#8211; Q : Comment puis-je confirmer une commande , si je suis int\u00e9ress\u00e9?<br \/>\n&#8211; A: habituellement, apr\u00e8s avoir fourni toutes les informations et donn\u00e9es techniques demand\u00e9es et avoir re\u00e7u notre estimation, notre client d\u00e9cide de confirmer le bon de commande. Dans ce cas, la seule fa\u00e7on de commander devrait \u00eatre confirm\u00e9 par l&rsquo;envoi par fax du contrat de fourniture et de services qui d\u00e9taillent la quantit\u00e9 et la qualit\u00e9 des produits et services achet\u00e9s et les modalit\u00e9s de r\u00e9alisation de la performance.<\/p>\n<p>&#8211; Q : Quelles formes de paiement acceptez-vous?<br \/>\n&#8211; A: le seul moyen de paiement accept\u00e9 est le virement bancaire pour le montant total des co\u00fbts de l&rsquo;estimation objectivement quantifiables: \u00e9tant donn\u00e9 que les panneaux LCD sont enti\u00e8rement personnalis\u00e9s, le paiement doit \u00eatre entendu \u00e0 l&rsquo;avance pour le montant total de l&rsquo;offre.<\/p>\n<p>&#8211; Q : apr\u00e8s la signature du contrat et le paiement j&rsquo;ai chang\u00e9 d&rsquo;avis et souhaite me retirer, puis-je le faire?<br \/>\n&#8211; R\u00e9ponse : non. Le contrat est ex\u00e9cutoire et les biens achet\u00e9s sont produites exclusivement sur mesure et selon les sp\u00e9cifications du client. Sans pr\u00e9judice des garanties sur le produit en termes de la loi, les transactions commerciales de ce type ne sont pas retraitables.<\/p>","protected":false},"excerpt":{"rendered":"<p>&#8211; Q: Combien \u00e7a co\u00fbte? &#8211; A: ce n&rsquo;est pas un produit pas cher . Le total des d\u00e9penses de tous les co\u00fbts ( produits , accessoires et l&rsquo;installation) de notre syst\u00e8me LCD est bien plus de 1200 euros le m\u00e8tre carr\u00e9. Cela peut augmanter ou une diminuer en fonction \u2026<\/p>\n<p class=\"continue-reading-button\"> <a class=\"continue-reading-link\" href=\"https:\/\/lcdglass.biz\/fr\/f-a-q\/\">Continue reading<i class=\"crycon-right-dir\"><\/i><\/a><\/p>\n","protected":false},"author":2,"featured_media":0,"parent":0,"menu_order":0,"comment_status":"closed","ping_status":"open","template":"","meta":{"footnotes":""},"class_list":["post-140","page","type-page","status-publish","hentry"],"aioseo_notices":[],"_links":{"self":[{"href":"https:\/\/lcdglass.biz\/fr\/wp-json\/wp\/v2\/pages\/140","targetHints":{"allow":["GET"]}}],"collection":[{"href":"https:\/\/lcdglass.biz\/fr\/wp-json\/wp\/v2\/pages"}],"about":[{"href":"https:\/\/lcdglass.biz\/fr\/wp-json\/wp\/v2\/types\/page"}],"author":[{"embeddable":true,"href":"https:\/\/lcdglass.biz\/fr\/wp-json\/wp\/v2\/users\/2"}],"replies":[{"embeddable":true,"href":"https:\/\/lcdglass.biz\/fr\/wp-json\/wp\/v2\/comments?post=140"}],"version-history":[{"count":6,"href":"https:\/\/lcdglass.biz\/fr\/wp-json\/wp\/v2\/pages\/140\/revisions"}],"predecessor-version":[{"id":173,"href":"https:\/\/lcdglass.biz\/fr\/wp-json\/wp\/v2\/pages\/140\/revisions\/173"}],"wp:attachment":[{"href":"https:\/\/lcdglass.biz\/fr\/wp-json\/wp\/v2\/media?parent=140"}],"curies":[{"name":"wp","href":"https:\/\/api.w.org\/{rel}","templated":true}]}}