{"id":135,"date":"2014-01-25T23:06:30","date_gmt":"2014-01-25T23:06:30","guid":{"rendered":"http:\/\/lcdglass.info\/?page_id=135"},"modified":"2014-03-22T17:19:45","modified_gmt":"2014-03-22T16:19:45","slug":"resellers","status":"publish","type":"page","link":"https:\/\/lcdglass.biz\/fr\/resellers\/","title":{"rendered":"Revendeurs"},"content":{"rendered":"<p>Nous sommes constamment \u00e0 la recherche de revendeurs et de distributeurs exclusifs dans le <strong>monde entier.<\/strong><\/p>\n<p>Si vous \u00eates un particulier ou une entreprise avec un socle minimal de comp\u00e9tences techniques dans l&rsquo;installation de cadres de porte\/fen\u00eatre et les vitres et vous \u00eates int\u00e9ress\u00e9s \u00e0 devenir notre distributeur exclusif ou tout simplement revendre notre verre LCD PRIVAGLASS, s&rsquo;il vous pla\u00eet contactez-nous imm\u00e9diatement.<\/p>\n<p>Nous avons fait la technologie du syst\u00e8me SPECTRADOME PRIVAGLASS totalement transf\u00e9rable et nous sommes actuellement en mesure de vous fournir tout ce qui est n\u00e9cessaire pour d\u00e9marrer une entreprise extr\u00eamement lucrative avec pratiquement pas de concurrence dans votre r\u00e9gion.<\/p>\n<p>Qu&rsquo;avons-nous \u00e0 offrir? Beaucoup de choses:<\/p>\n<ul>\n<li>un produit vraiment unique dont l&rsquo;assemblage et le fonctionnement sont enti\u00e8rement bas\u00e9es sur les nanotechnologies;<\/li>\n<li>marges b\u00e9n\u00e9ficiaires tr\u00e8s \u00e9lev\u00e9es<\/li>\n<li>possibilit\u00e9 de minimiser les investissements<\/li>\n<li>possibilit\u00e9 de revendre une solution compl\u00e8te (produit + installation) \u00e0 vos clients, ainsi augmentant l&rsquo;ensemble des profits encore plus<\/li>\n<li>toute la fiabilit\u00e9 et la s\u00e9curit\u00e9 que seul un syst\u00e8me de qualit\u00e9 et professionnel peut vous offrir.<\/li>\n<\/ul>\n<p>Comment puis-je devenir un affili\u00e9\/distributeur ?<br \/>\nIl est en fait tr\u00e8s simple: tout d&rsquo;abord, s&rsquo;il vous pla\u00eet veuillez d\u00e9cider si vous \u00eates int\u00e9ress\u00e9 par une simple revente ou le statut de distribution exclusive. Alors que la revente simple n&rsquo;implique aucun engagement sp\u00e9cifique autre que de placer un ordre d&rsquo;achat sous conditions les conditions de revente, une distribution exclusive signifie que vous obtenez une zone d&rsquo;exclusivit\u00e9 sur un engagement qui pr\u00e9voit la confirmation d&rsquo;une commande d&rsquo;achat substantielle imm\u00e9diate et la <span class=\"short_text\" id=\"result_box\" lang=\"fr\"><span class=\"hps\">r\u00e9alisation<\/span><\/span> d&rsquo;un chiffre d&rsquo;affaires annuel minimum.<\/p>\n<p>En suite, il vous suffit de nous contacter pour nous informer de votre choix.<\/p>\n<p>Pour les deux options et \u00e0 la seule exclusion des frais de transport, il n&rsquo;y a pas d&rsquo;autres frais suppl\u00e9mentaires ou cach\u00e9s \u00e0 payer par le revendeur\/distributeur, comme nous allons prendre soin de la fabrication et de la fourniture des panneaux de verre \u00e0 cristaux liquides aux distributeurs et revendeurs directement, lors de la r\u00e9ception de leurs commandes.<\/p>\n<p>Nous encourageons toutes les entreprises et les personnes int\u00e9ress\u00e9es \u00e0 conclure une entente de distribution exclusive ou revente pour le syst\u00e8me de verre LCD PRIVAGLASS\u00a0 \u00e0 nous contacter en utilisant l&rsquo;une des r\u00e9f\u00e9rences suivantes :<\/p>\n<p>t\u00e9l\u00e9phone : +41 4450 87 068 ( Suisse ) ou +39 051 051 69 89 ( Italie )<\/p>\n<p>fax : +39 06 233 123 54<\/p>\n<p>e-mail : s&rsquo;il vous pla\u00eet utiliser le formulaire disponible sur la page \u00ab\u00a0nous contacter\u00a0\u00bb<\/p>","protected":false},"excerpt":{"rendered":"<p>Nous sommes constamment \u00e0 la recherche de revendeurs et de distributeurs exclusifs dans le monde entier. Si vous \u00eates un particulier ou une entreprise avec un socle minimal de comp\u00e9tences techniques dans l&rsquo;installation de cadres de porte\/fen\u00eatre et les vitres et vous \u00eates int\u00e9ress\u00e9s \u00e0 devenir notre distributeur exclusif ou \u2026<\/p>\n<p class=\"continue-reading-button\"> <a class=\"continue-reading-link\" href=\"https:\/\/lcdglass.biz\/fr\/resellers\/\">Continue reading<i class=\"crycon-right-dir\"><\/i><\/a><\/p>\n","protected":false},"author":2,"featured_media":0,"parent":0,"menu_order":0,"comment_status":"closed","ping_status":"open","template":"","meta":{"footnotes":""},"class_list":["post-135","page","type-page","status-publish","hentry"],"aioseo_notices":[],"_links":{"self":[{"href":"https:\/\/lcdglass.biz\/fr\/wp-json\/wp\/v2\/pages\/135","targetHints":{"allow":["GET"]}}],"collection":[{"href":"https:\/\/lcdglass.biz\/fr\/wp-json\/wp\/v2\/pages"}],"about":[{"href":"https:\/\/lcdglass.biz\/fr\/wp-json\/wp\/v2\/types\/page"}],"author":[{"embeddable":true,"href":"https:\/\/lcdglass.biz\/fr\/wp-json\/wp\/v2\/users\/2"}],"replies":[{"embeddable":true,"href":"https:\/\/lcdglass.biz\/fr\/wp-json\/wp\/v2\/comments?post=135"}],"version-history":[{"count":5,"href":"https:\/\/lcdglass.biz\/fr\/wp-json\/wp\/v2\/pages\/135\/revisions"}],"predecessor-version":[{"id":163,"href":"https:\/\/lcdglass.biz\/fr\/wp-json\/wp\/v2\/pages\/135\/revisions\/163"}],"wp:attachment":[{"href":"https:\/\/lcdglass.biz\/fr\/wp-json\/wp\/v2\/media?parent=135"}],"curies":[{"name":"wp","href":"https:\/\/api.w.org\/{rel}","templated":true}]}}