{"id":131,"date":"2014-01-25T23:03:58","date_gmt":"2014-01-25T23:03:58","guid":{"rendered":"http:\/\/lcdglass.info\/?page_id=131"},"modified":"2014-03-22T17:19:44","modified_gmt":"2014-03-22T16:19:44","slug":"how-to-buy","status":"publish","type":"page","link":"https:\/\/lcdglass.biz\/fr\/how-to-buy\/","title":{"rendered":"Comment acheter"},"content":{"rendered":"<p><a href=\"http:\/\/lcdglass.info\/wp-content\/uploads\/2014\/01\/MR-OFF.jpg\"><img loading=\"lazy\" decoding=\"async\" class=\"alignright size-medium wp-image-366\" alt=\"MR-OFF\" src=\"http:\/\/lcdglass.info\/wp-content\/uploads\/2014\/01\/MR-OFF-300x199.jpg\" width=\"300\" height=\"199\" srcset=\"https:\/\/lcdglass.biz\/wp-content\/uploads\/2014\/01\/MR-OFF-300x199.jpg 300w, https:\/\/lcdglass.biz\/wp-content\/uploads\/2014\/01\/MR-OFF-225x150.jpg 225w, https:\/\/lcdglass.biz\/wp-content\/uploads\/2014\/01\/MR-OFF-150x99.jpg 150w, https:\/\/lcdglass.biz\/wp-content\/uploads\/2014\/01\/MR-OFF.jpg 700w\" sizes=\"auto, (max-width: 300px) 100vw, 300px\" \/><\/a>Le syst\u00e8me en verre LCD PRIVAGLASS et ses variantes, sont une technologie tr\u00e8s avanc\u00e9e et enti\u00e8rement personnalis\u00e9 avec laquelle nous sommes en mesure de fournir des solutions enti\u00e8rement personnalis\u00e9es, pour tous nos clients priv\u00e9s ainsi que pour les grandes entreprises.<\/p>\n<p>Les informations suivantes sont n\u00e9cessaires avant d&rsquo;envoyer une estimation des co\u00fbts enti\u00e8rement personnalis\u00e9e, y compris les co\u00fbts d&rsquo;installation :<\/p>\n<p>dimensions exactes au millim\u00e8tre et le nombre des panneaux \u00e0 cristaux liquides ou la surface LCD globale ;<br \/>\nle type et l&rsquo;\u00e9paisseur du verre utilis\u00e9 ou n\u00e9cessaire pour l&rsquo;installation avec des informations d\u00e9taill\u00e9es (y compris les dimensions et les tol\u00e9rances ) pour le type de trame \u00e0 utiliser;<br \/>\ndessins techniques ou des rendus du type d&rsquo;application ou installation n\u00e9cessaire avec l&rsquo;indication de l&rsquo;environnement d&rsquo;installation pr\u00e9vu ( salon, bureau, magasin, b\u00e2timent, etc.);<br \/>\ntoute personnalisation requise (type de contr\u00f4le, int\u00e9gration domotique , ou , par exemple , si vous voulez que chaque panneau poss\u00e8de son propre interrupteur pour \u00eatre command\u00e9 s\u00e9par\u00e9ment , ou que tous les panneaux sont command\u00e9s par un seul interrupteur );<br \/>\ndocumentation photographique et addresse concernant le site ou l&rsquo;environnement d&rsquo;installation et les appareils pr\u00e9sents ou que vous pr\u00e9voyez d&rsquo;utiliser\/installer.<br \/>\nLes panneaux LCD PRIVAGLASS sont aussi adaptables \u00e0 des surfaces de verre existants et peuvent \u00eatre personnalis\u00e9s dans presque tous les formats et types de verre, selon les exigences du client.<\/p>\n<p>\u00catre le verre LCD PRIVAGLASS une qualit\u00e9 compl\u00e8tement personnalis\u00e9 et haut (les plaques de verre LCD sont totalement \u00ab\u00a0Made in Italy\u00a0\u00bb et fabriqu\u00e9s selon les sp\u00e9cifications du client), le paiement est 100% \u00e0 l&rsquo;avance par virement bancaire.<br \/>\nNous n&rsquo;acceptons pas les autres formes de paiement. Chaque livraison du produit ou service est pr\u00e9c\u00e9d\u00e9e d&rsquo;une \u00e9tude de faisabilit\u00e9 approfondie et r\u00e9gi par un contrat d\u00e9taill\u00e9 qui inclut tous les \u00e9l\u00e9ments du produit et\/ou service achet\u00e9.<\/p>","protected":false},"excerpt":{"rendered":"<p>Le syst\u00e8me en verre LCD PRIVAGLASS et ses variantes, sont une technologie tr\u00e8s avanc\u00e9e et enti\u00e8rement personnalis\u00e9 avec laquelle nous sommes en mesure de fournir des solutions enti\u00e8rement personnalis\u00e9es, pour tous nos clients priv\u00e9s ainsi que pour les grandes entreprises. Les informations suivantes sont n\u00e9cessaires avant d&rsquo;envoyer une estimation des \u2026<\/p>\n<p class=\"continue-reading-button\"> <a class=\"continue-reading-link\" href=\"https:\/\/lcdglass.biz\/fr\/how-to-buy\/\">Continue reading<i class=\"crycon-right-dir\"><\/i><\/a><\/p>\n","protected":false},"author":2,"featured_media":0,"parent":0,"menu_order":0,"comment_status":"closed","ping_status":"open","template":"","meta":{"footnotes":""},"class_list":["post-131","page","type-page","status-publish","hentry"],"aioseo_notices":[],"_links":{"self":[{"href":"https:\/\/lcdglass.biz\/fr\/wp-json\/wp\/v2\/pages\/131","targetHints":{"allow":["GET"]}}],"collection":[{"href":"https:\/\/lcdglass.biz\/fr\/wp-json\/wp\/v2\/pages"}],"about":[{"href":"https:\/\/lcdglass.biz\/fr\/wp-json\/wp\/v2\/types\/page"}],"author":[{"embeddable":true,"href":"https:\/\/lcdglass.biz\/fr\/wp-json\/wp\/v2\/users\/2"}],"replies":[{"embeddable":true,"href":"https:\/\/lcdglass.biz\/fr\/wp-json\/wp\/v2\/comments?post=131"}],"version-history":[{"count":7,"href":"https:\/\/lcdglass.biz\/fr\/wp-json\/wp\/v2\/pages\/131\/revisions"}],"predecessor-version":[{"id":161,"href":"https:\/\/lcdglass.biz\/fr\/wp-json\/wp\/v2\/pages\/131\/revisions\/161"}],"wp:attachment":[{"href":"https:\/\/lcdglass.biz\/fr\/wp-json\/wp\/v2\/media?parent=131"}],"curies":[{"name":"wp","href":"https:\/\/api.w.org\/{rel}","templated":true}]}}