{"id":129,"date":"2014-01-25T23:02:29","date_gmt":"2014-01-25T23:02:29","guid":{"rendered":"http:\/\/lcdglass.info\/?page_id=129"},"modified":"2014-03-22T17:19:44","modified_gmt":"2014-03-22T16:19:44","slug":"products","status":"publish","type":"page","link":"https:\/\/lcdglass.biz\/fr\/products\/","title":{"rendered":"Produits"},"content":{"rendered":"<p>Nous offrons des solutions de verre haute technologie enti\u00e8rement personnalis\u00e9es.<a href=\"http:\/\/lcdglass.info\/wp-content\/uploads\/2014\/01\/kitchen.jpg\"><img loading=\"lazy\" decoding=\"async\" class=\"alignright size-medium wp-image-364\" alt=\"kitchen\" src=\"http:\/\/lcdglass.info\/wp-content\/uploads\/2014\/01\/kitchen-300x245.jpg\" width=\"300\" height=\"245\" srcset=\"https:\/\/lcdglass.biz\/wp-content\/uploads\/2014\/01\/kitchen-300x245.jpg 300w, https:\/\/lcdglass.biz\/wp-content\/uploads\/2014\/01\/kitchen-183x150.jpg 183w, https:\/\/lcdglass.biz\/wp-content\/uploads\/2014\/01\/kitchen-150x122.jpg 150w, https:\/\/lcdglass.biz\/wp-content\/uploads\/2014\/01\/kitchen.jpg 564w\" sizes=\"auto, (max-width: 300px) 100vw, 300px\" \/><\/a><br \/>\nQu&rsquo;il s&rsquo;agisse de verre LCD, verre LED, verre intimit\u00e9, verre holographique ou de verre LCD avec fonctions interactives, notre personnel comp\u00e9tent est toujours en mesure de r\u00e9pondre aux exigences tr\u00e8s personnalis\u00e9es de nos clients.<br \/>\nNous sommes en mesure d&rsquo;offrir des produits uniques, comme par example comme nos fen\u00eatres artistiques, produits qui sont enti\u00e8rement fabriqu\u00e9s en Italie avec technologie suisse: panneaux LCD et fen\u00eatres en verre LCD ainsi que tout autre type de verre disponibles, tous fabriqu\u00e9s selon les plus hauts standards de qualit\u00e9.<a href=\"http:\/\/lcdglass.info\/wp-content\/uploads\/2014\/01\/LED-glass-Elevator.jpg\"><img loading=\"lazy\" decoding=\"async\" class=\"alignright size-medium wp-image-365\" alt=\"LED glass-Elevator\" src=\"http:\/\/lcdglass.info\/wp-content\/uploads\/2014\/01\/LED-glass-Elevator-225x300.jpg\" width=\"225\" height=\"300\" srcset=\"https:\/\/lcdglass.biz\/wp-content\/uploads\/2014\/01\/LED-glass-Elevator-225x300.jpg 225w, https:\/\/lcdglass.biz\/wp-content\/uploads\/2014\/01\/LED-glass-Elevator-450x600.jpg 450w, https:\/\/lcdglass.biz\/wp-content\/uploads\/2014\/01\/LED-glass-Elevator-112x150.jpg 112w, https:\/\/lcdglass.biz\/wp-content\/uploads\/2014\/01\/LED-glass-Elevator.jpg 480w\" sizes=\"auto, (max-width: 225px) 100vw, 225px\" \/><\/a><\/p>\n<p>Notre entreprise est fi\u00e8re d&rsquo;offrir \u00e0 nos clients un seul point de r\u00e9f\u00e9rence puor r\u00e9pondre \u00e0 leurs besoins et leurs exigences relatives aux produits que nous vendons, de la fabrication \u00e0 l&rsquo;exp\u00e9dition de la commande et de l&rsquo;\u00e9tude de faisabilit\u00e9 \u00e0 l&rsquo;installation avec test final du syst\u00e8me achet\u00e9.<\/p>\n<p>Nos produits sont vendus dans le monde entier et nous pouvons envoyer notre \u00e9quipe d&rsquo;installation dans n&rsquo;importe quel pays du monde: s&rsquo;il vous pla\u00eet n&rsquo;h\u00e9sitez pas \u00e0 nous contacter en toute confiance si vous souhaitez confirmer une commande pour nos produits et syst\u00e8mes.<\/p>","protected":false},"excerpt":{"rendered":"<p>Nous offrons des solutions de verre haute technologie enti\u00e8rement personnalis\u00e9es. Qu&rsquo;il s&rsquo;agisse de verre LCD, verre LED, verre intimit\u00e9, verre holographique ou de verre LCD avec fonctions interactives, notre personnel comp\u00e9tent est toujours en mesure de r\u00e9pondre aux exigences tr\u00e8s personnalis\u00e9es de nos clients. Nous sommes en mesure d&rsquo;offrir des \u2026<\/p>\n<p class=\"continue-reading-button\"> <a class=\"continue-reading-link\" href=\"https:\/\/lcdglass.biz\/fr\/products\/\">Continue reading<i class=\"crycon-right-dir\"><\/i><\/a><\/p>\n","protected":false},"author":2,"featured_media":0,"parent":0,"menu_order":0,"comment_status":"closed","ping_status":"open","template":"","meta":{"footnotes":""},"class_list":["post-129","page","type-page","status-publish","hentry"],"aioseo_notices":[],"_links":{"self":[{"href":"https:\/\/lcdglass.biz\/fr\/wp-json\/wp\/v2\/pages\/129","targetHints":{"allow":["GET"]}}],"collection":[{"href":"https:\/\/lcdglass.biz\/fr\/wp-json\/wp\/v2\/pages"}],"about":[{"href":"https:\/\/lcdglass.biz\/fr\/wp-json\/wp\/v2\/types\/page"}],"author":[{"embeddable":true,"href":"https:\/\/lcdglass.biz\/fr\/wp-json\/wp\/v2\/users\/2"}],"replies":[{"embeddable":true,"href":"https:\/\/lcdglass.biz\/fr\/wp-json\/wp\/v2\/comments?post=129"}],"version-history":[{"count":7,"href":"https:\/\/lcdglass.biz\/fr\/wp-json\/wp\/v2\/pages\/129\/revisions"}],"predecessor-version":[{"id":368,"href":"https:\/\/lcdglass.biz\/fr\/wp-json\/wp\/v2\/pages\/129\/revisions\/368"}],"wp:attachment":[{"href":"https:\/\/lcdglass.biz\/fr\/wp-json\/wp\/v2\/media?parent=129"}],"curies":[{"name":"wp","href":"https:\/\/api.w.org\/{rel}","templated":true}]}}