{"id":127,"date":"2014-01-25T23:01:01","date_gmt":"2014-01-25T23:01:01","guid":{"rendered":"http:\/\/lcdglass.info\/?page_id=127"},"modified":"2016-09-21T17:24:51","modified_gmt":"2016-09-21T16:24:51","slug":"about-us","status":"publish","type":"page","link":"https:\/\/lcdglass.biz\/fr\/about-us\/","title":{"rendered":"Qui nous sommes"},"content":{"rendered":"<p><a href=\"http:\/\/lcdglass.biz\/wp-content\/uploads\/2014\/01\/company.jpg\"><img loading=\"lazy\" decoding=\"async\" class=\"alignright wp-image-362 size-medium\" src=\"http:\/\/lcdglass.info\/wp-content\/uploads\/2014\/01\/company-300x201.jpg\" alt=\"our company\" width=\"300\" height=\"201\" srcset=\"https:\/\/lcdglass.biz\/wp-content\/uploads\/2014\/01\/company-300x201.jpg 300w, https:\/\/lcdglass.biz\/wp-content\/uploads\/2014\/01\/company-223x150.jpg 223w, https:\/\/lcdglass.biz\/wp-content\/uploads\/2014\/01\/company-150x100.jpg 150w, https:\/\/lcdglass.biz\/wp-content\/uploads\/2014\/01\/company.jpg 500w\" sizes=\"auto, (max-width: 300px) 100vw, 300px\" \/><\/a>SPECTRADOME est un enterprise italo-suisse sp\u00e9cialis\u00e9e dans le domaine de la surveillance et de l&rsquo;\u00e9lectronique de d\u00e9fense, de conseil et de conception de syst\u00e8mes \u00e9lectroniques: nous op\u00e9rons au niveau international et nous avons trouv\u00e9 une partie de la meilleure technologie dans l&rsquo;industrie.<\/p>\n<p>En plus d&rsquo;une s\u00e9lection tr\u00e8s compl\u00e8te , qui s&rsquo;\u00e9tend de s\u00e9curit\u00e9 et de surveillance des produits de l&rsquo;\u00e9lectronique SPECTRADOME est sp\u00e9cialis\u00e9 dans la conception et la fabrication de produits technologiques de haute qualit\u00e9 et utilisation sp\u00e9cifique : le syst\u00e8me PRIVAGLASS (verre LCD \u00e0 cristaux liquides ) est non seulement l&rsquo;un de nos plus grandes r\u00e9alisations, mais surtout un outil parfait pour tous ceux qui veulent prot\u00e9ger leur vie priv\u00e9e avec une touche de style.<\/p>\n<p>Notre offre de produits est unique dans le monde et nous permet d&rsquo;offrir quatre compos\u00e9s diff\u00e9rents LCD en conjonction avec n&rsquo;importe quel type de verre,\u00a0\u00e0 partire du verre isotherme jusqu&rsquo;\u00e0 la vitre pare-balles. Gr\u00e2ce \u00e0 notre comp\u00e9tente division technique et \u00e0 notre \u00e9quipe qualifi\u00e9e d&rsquo;experts, nous sommes en mesure d&rsquo;installer notre verre LCD \u00e0 cristaux liquides dans n&rsquo;importe quel contexte, m\u00eame dans le cas de surfaces de verre d\u00e9j\u00e0 pr\u00e9sents et sans avoir besoin de les remplacer .<\/p>\n<p>Dans la page \u00ab\u00a0produits\u00a0\u00bb sur ce site, nous avons mis \u00e0 disposition une description d\u00e9taill\u00e9e de chacun de nos produits disponibles, qui comprennent des syst\u00e8mes en verre LCD, verre LED, verre holographique , vitrage multim\u00e9dia et vitrage \u00a0\u00bb voir \u00e0 travers \u00a0\u00bb pour la vision unidirectionnelle . Sur les autres pages de ce site sont disponibles ainsi que des documents photographiques et vid\u00e9o, les documents imprimables au format PDF, mis \u00e0 disposition pour permettre \u00e0 tous nos clients une \u00e9valuation imm\u00e9diate de la performance de notre verre LCD PRIVAGLASS.<\/p>\n<p>Nous sommes disponibles pour r\u00e9pondre \u00e0 toutes questions concernant notre syst\u00e8me en verre LCD PRIVAGLASS, en vitrage LED et tous les autres produits et syst\u00e8mes disponibles chez nous.<\/p>\n<p>Pour tous ceux qui souhaitent revendre nos produits, des informations compl\u00e9mentaires sont disponibles dans les pages \u00ab\u00a0revendeurs\u00a0\u00bb et \u00a0\u00bb comment acheter \u00a0\u00bb sur notre site Web .<\/p>","protected":false},"excerpt":{"rendered":"<p>SPECTRADOME est un enterprise italo-suisse sp\u00e9cialis\u00e9e dans le domaine de la surveillance et de l&rsquo;\u00e9lectronique de d\u00e9fense, de conseil et de conception de syst\u00e8mes \u00e9lectroniques: nous op\u00e9rons au niveau international et nous avons trouv\u00e9 une partie de la meilleure technologie dans l&rsquo;industrie. En plus d&rsquo;une s\u00e9lection tr\u00e8s compl\u00e8te , qui \u2026<\/p>\n<p class=\"continue-reading-button\"> <a class=\"continue-reading-link\" href=\"https:\/\/lcdglass.biz\/fr\/about-us\/\">Continue reading<i class=\"crycon-right-dir\"><\/i><\/a><\/p>\n","protected":false},"author":2,"featured_media":0,"parent":0,"menu_order":0,"comment_status":"closed","ping_status":"open","template":"","meta":{"footnotes":""},"class_list":["post-127","page","type-page","status-publish","hentry"],"aioseo_notices":[],"_links":{"self":[{"href":"https:\/\/lcdglass.biz\/fr\/wp-json\/wp\/v2\/pages\/127","targetHints":{"allow":["GET"]}}],"collection":[{"href":"https:\/\/lcdglass.biz\/fr\/wp-json\/wp\/v2\/pages"}],"about":[{"href":"https:\/\/lcdglass.biz\/fr\/wp-json\/wp\/v2\/types\/page"}],"author":[{"embeddable":true,"href":"https:\/\/lcdglass.biz\/fr\/wp-json\/wp\/v2\/users\/2"}],"replies":[{"embeddable":true,"href":"https:\/\/lcdglass.biz\/fr\/wp-json\/wp\/v2\/comments?post=127"}],"version-history":[{"count":8,"href":"https:\/\/lcdglass.biz\/fr\/wp-json\/wp\/v2\/pages\/127\/revisions"}],"predecessor-version":[{"id":439,"href":"https:\/\/lcdglass.biz\/fr\/wp-json\/wp\/v2\/pages\/127\/revisions\/439"}],"wp:attachment":[{"href":"https:\/\/lcdglass.biz\/fr\/wp-json\/wp\/v2\/media?parent=127"}],"curies":[{"name":"wp","href":"https:\/\/api.w.org\/{rel}","templated":true}]}}