{"id":391,"date":"2014-03-14T00:18:41","date_gmt":"2014-03-13T23:18:41","guid":{"rendered":"http:\/\/lcdglass.info\/?page_id=391"},"modified":"2014-03-22T17:19:44","modified_gmt":"2014-03-22T16:19:44","slug":"dynamic-led-glass","status":"publish","type":"page","link":"https:\/\/lcdglass.biz\/es\/products\/dynamic-led-glass\/","title":{"rendered":"Vidrio LED din\u00e1mico"},"content":{"rendered":"<p>El cristal LED din\u00e1mico es un producto revolucionario que puede servir a dos importantes funciones en una: se puede utilizar como un mueble o pared divisoria y actuar como un instrumento de publicidad muy atractivo al mismo tiempo.<br \/>\nDe hecho, gracias a sus tecnolog\u00eda peculiar, el vidrio LED din\u00e1mico es programable y puede mostrar mensajes, im\u00e1genes o logotipos.<br \/>\nEl logotipo de su empresa, una imagen de puntos monocrom\u00e1tica o mensajes de hasta 250 caracteres, puede ser programado para aparecer en una secuencia din\u00e1mica en la superficie del cristal LED, no importa cu\u00e1n grande o peque\u00f1o que esto va a ser.<br \/>\nNuestro vidrio din\u00e1mico LED puede llegar ya sea una peque\u00f1a ventana o toda la fachada de un edificio en un espacio de publicidad futurista: en realidad, las posibles aplicaciones son muy numerosas y de gran efecto est\u00e9tico.<\/p>\n<p><a href=\"http:\/\/lcdglass.info\/wp-content\/uploads\/2014\/03\/Combination-is-available-Polydigit.jpg\"><img loading=\"lazy\" decoding=\"async\" class=\"aligncenter size-medium wp-image-393\" alt=\"Combination is available - Polydigit\" src=\"http:\/\/lcdglass.info\/wp-content\/uploads\/2014\/03\/Combination-is-available-Polydigit-300x168.jpg\" width=\"300\" height=\"168\" srcset=\"https:\/\/lcdglass.biz\/wp-content\/uploads\/2014\/03\/Combination-is-available-Polydigit-300x168.jpg 300w, https:\/\/lcdglass.biz\/wp-content\/uploads\/2014\/03\/Combination-is-available-Polydigit-250x140.jpg 250w, https:\/\/lcdglass.biz\/wp-content\/uploads\/2014\/03\/Combination-is-available-Polydigit-150x84.jpg 150w, https:\/\/lcdglass.biz\/wp-content\/uploads\/2014\/03\/Combination-is-available-Polydigit.jpg 458w\" sizes=\"auto, (max-width: 300px) 100vw, 300px\" \/><\/a><\/p>","protected":false},"excerpt":{"rendered":"<p>El cristal LED din\u00e1mico es un producto revolucionario que puede servir a dos importantes funciones en una: se puede utilizar como un mueble o pared divisoria y actuar como un instrumento de publicidad muy atractivo al mismo tiempo. De hecho, gracias a sus tecnolog\u00eda peculiar, el vidrio LED din\u00e1mico es \u2026<\/p>\n<p class=\"continue-reading-button\"> <a class=\"continue-reading-link\" href=\"https:\/\/lcdglass.biz\/es\/products\/dynamic-led-glass\/\">Continue reading<i class=\"crycon-right-dir\"><\/i><\/a><\/p>\n","protected":false},"author":2,"featured_media":0,"parent":129,"menu_order":0,"comment_status":"closed","ping_status":"open","template":"","meta":{"footnotes":""},"class_list":["post-391","page","type-page","status-publish","hentry"],"aioseo_notices":[],"_links":{"self":[{"href":"https:\/\/lcdglass.biz\/es\/wp-json\/wp\/v2\/pages\/391","targetHints":{"allow":["GET"]}}],"collection":[{"href":"https:\/\/lcdglass.biz\/es\/wp-json\/wp\/v2\/pages"}],"about":[{"href":"https:\/\/lcdglass.biz\/es\/wp-json\/wp\/v2\/types\/page"}],"author":[{"embeddable":true,"href":"https:\/\/lcdglass.biz\/es\/wp-json\/wp\/v2\/users\/2"}],"replies":[{"embeddable":true,"href":"https:\/\/lcdglass.biz\/es\/wp-json\/wp\/v2\/comments?post=391"}],"version-history":[{"count":3,"href":"https:\/\/lcdglass.biz\/es\/wp-json\/wp\/v2\/pages\/391\/revisions"}],"predecessor-version":[{"id":395,"href":"https:\/\/lcdglass.biz\/es\/wp-json\/wp\/v2\/pages\/391\/revisions\/395"}],"up":[{"embeddable":true,"href":"https:\/\/lcdglass.biz\/es\/wp-json\/wp\/v2\/pages\/129"}],"wp:attachment":[{"href":"https:\/\/lcdglass.biz\/es\/wp-json\/wp\/v2\/media?parent=391"}],"curies":[{"name":"wp","href":"https:\/\/api.w.org\/{rel}","templated":true}]}}