{"id":384,"date":"2014-03-13T21:10:59","date_gmt":"2014-03-13T20:10:59","guid":{"rendered":"http:\/\/lcdglass.info\/?page_id=384"},"modified":"2014-03-22T17:19:45","modified_gmt":"2014-03-22T16:19:45","slug":"lcd-switchable-windows","status":"publish","type":"page","link":"https:\/\/lcdglass.biz\/es\/products\/lcd-switchable-windows\/","title":{"rendered":"Ventanas LCD"},"content":{"rendered":"<p>Reserve su ventana LCD personalizada ahora!<a href=\"http:\/\/lcdglass.info\/wp-content\/uploads\/2014\/03\/LCDwindowoff.jpg\"><img loading=\"lazy\" decoding=\"async\" class=\"alignright size-medium wp-image-387\" alt=\"LCDwindowoff\" src=\"http:\/\/lcdglass.info\/wp-content\/uploads\/2014\/03\/LCDwindowoff-167x300.jpg\" width=\"167\" height=\"300\" srcset=\"https:\/\/lcdglass.biz\/wp-content\/uploads\/2014\/03\/LCDwindowoff-167x300.jpg 167w, https:\/\/lcdglass.biz\/wp-content\/uploads\/2014\/03\/LCDwindowoff-334x600.jpg 334w, https:\/\/lcdglass.biz\/wp-content\/uploads\/2014\/03\/LCDwindowoff-83x150.jpg 83w, https:\/\/lcdglass.biz\/wp-content\/uploads\/2014\/03\/LCDwindowoff.jpg 421w\" sizes=\"auto, (max-width: 167px) 100vw, 167px\" \/><\/a><\/p>\n<p>Usted puede substituir f\u00e1cilmente los cristales ordinarios en sus ventanas con nuestro vidrio LCD simplemente quitando sus cristales normales, desde el marco de la ventana y llevar a cabo la instalaci\u00f3n de nuestro vidrio LCD para convertir su ventana ordinaria en una ventana LCD conmutable.<br \/>\nDespu\u00e9s de se\u00f1alar el tama\u00f1o exacto del vidrio actualmente en el marco de la ventana, apenas nos dice el tama\u00f1o y ordenar sus ventanas LCD: ser\u00e1n enviados directamente a su puerta y simplemente siguiendo las instrucciones que se incluyen, la instalaci\u00f3n se va a ser f\u00e1cil y todo lo que necesita es la ayuda de un electricista calificado y de un instalador de ventanas y puertas en su \u00e1rea.<br \/>\nLa instalaci\u00f3n de bricolaje tambi\u00e9n es posible si usted posee las habilidades requeridas.<a href=\"http:\/\/lcdglass.info\/wp-content\/uploads\/2014\/03\/LCDwindowon.jpg\"><img loading=\"lazy\" decoding=\"async\" class=\"alignright size-medium wp-image-388\" alt=\"LCDwindowon\" src=\"http:\/\/lcdglass.info\/wp-content\/uploads\/2014\/03\/LCDwindowon-160x300.jpg\" width=\"160\" height=\"300\" srcset=\"https:\/\/lcdglass.biz\/wp-content\/uploads\/2014\/03\/LCDwindowon-160x300.jpg 160w, https:\/\/lcdglass.biz\/wp-content\/uploads\/2014\/03\/LCDwindowon-320x600.jpg 320w, https:\/\/lcdglass.biz\/wp-content\/uploads\/2014\/03\/LCDwindowon-80x150.jpg 80w, https:\/\/lcdglass.biz\/wp-content\/uploads\/2014\/03\/LCDwindowon.jpg 410w\" sizes=\"auto, (max-width: 160px) 100vw, 160px\" \/><\/a><\/p>\n<p>La transformaci\u00f3n de la ventana normal en ventana LCD conmutable se recomienda especialmente cuando la exposici\u00f3n de sus ventanas al sol es alta y constante: gracias a las propiedades del cristal l\u00edquido, de hecho, los rayos UV se reflejan casi en su totalidad, lo que contribuye a evitar que la temperatura interna de la sala aumenta.<\/p>\n<p>La configuraci\u00f3n est\u00e1ndar de la ventana LCD es de vidrio doble con aislamiento termo-ac\u00fastico sellado y espesor de 25mm: personalizaciones adicionales del tipo de comandos de vidrio, espesor, mezcla de cristal l\u00edquido y de activaci\u00f3n est\u00e1n disponibles bajo petici\u00f3n.<\/p>","protected":false},"excerpt":{"rendered":"<p>Reserve su ventana LCD personalizada ahora! Usted puede substituir f\u00e1cilmente los cristales ordinarios en sus ventanas con nuestro vidrio LCD simplemente quitando sus cristales normales, desde el marco de la ventana y llevar a cabo la instalaci\u00f3n de nuestro vidrio LCD para convertir su ventana ordinaria en una ventana LCD \u2026<\/p>\n<p class=\"continue-reading-button\"> <a class=\"continue-reading-link\" href=\"https:\/\/lcdglass.biz\/es\/products\/lcd-switchable-windows\/\">Continue reading<i class=\"crycon-right-dir\"><\/i><\/a><\/p>\n","protected":false},"author":2,"featured_media":0,"parent":129,"menu_order":0,"comment_status":"closed","ping_status":"open","template":"","meta":{"footnotes":""},"class_list":["post-384","page","type-page","status-publish","hentry"],"aioseo_notices":[],"_links":{"self":[{"href":"https:\/\/lcdglass.biz\/es\/wp-json\/wp\/v2\/pages\/384","targetHints":{"allow":["GET"]}}],"collection":[{"href":"https:\/\/lcdglass.biz\/es\/wp-json\/wp\/v2\/pages"}],"about":[{"href":"https:\/\/lcdglass.biz\/es\/wp-json\/wp\/v2\/types\/page"}],"author":[{"embeddable":true,"href":"https:\/\/lcdglass.biz\/es\/wp-json\/wp\/v2\/users\/2"}],"replies":[{"embeddable":true,"href":"https:\/\/lcdglass.biz\/es\/wp-json\/wp\/v2\/comments?post=384"}],"version-history":[{"count":3,"href":"https:\/\/lcdglass.biz\/es\/wp-json\/wp\/v2\/pages\/384\/revisions"}],"predecessor-version":[{"id":390,"href":"https:\/\/lcdglass.biz\/es\/wp-json\/wp\/v2\/pages\/384\/revisions\/390"}],"up":[{"embeddable":true,"href":"https:\/\/lcdglass.biz\/es\/wp-json\/wp\/v2\/pages\/129"}],"wp:attachment":[{"href":"https:\/\/lcdglass.biz\/es\/wp-json\/wp\/v2\/media?parent=384"}],"curies":[{"name":"wp","href":"https:\/\/api.w.org\/{rel}","templated":true}]}}