{"id":165,"date":"2014-01-26T02:39:52","date_gmt":"2014-01-26T02:39:52","guid":{"rendered":"http:\/\/lcdglass.info\/?page_id=165"},"modified":"2019-11-27T16:51:12","modified_gmt":"2019-11-27T15:51:12","slug":"home","status":"publish","type":"page","link":"https:\/\/lcdglass.biz\/es\/home\/","title":{"rendered":"Inicio"},"content":{"rendered":"<p>LCDglass.biz es el nuevo sitio web completamente dedicado a los productos de vidrio LCD, as\u00ed como a nuestras soluciones de alta tecnolog\u00eda para el cristal.<br \/>\nLos distintos tipos de cristal LCD que vendemos son fabricados en Italia, de acuerdo con las especificaciones muy particulares exigidos por nuestros clientes: por eso estamos orgullosos de decir que ofrecemos un tipo de vidrio LCD verdaderamente personalizado, no productos est\u00e1ndar.<br \/>\nNuestro vidrio LCD est\u00e1 disponible en tres mezclas diferentes y pr\u00e1cticamente cualquier tipo de vidrio: una divisi\u00f3n t\u00e9cnica competente le guiar\u00e1 a trav\u00e9s de su proceso de compra y tambi\u00e9n ofrecemos soluciones totalmente llave en mano, incluyendo la instalaci\u00f3n de paneles de vidrio LCD en cualquier lugar del mundo.<\/p>\n<p>Dentro de este sitio web, usted encontrar\u00e1 una gran cantidad de informaci\u00f3n con respecto a nuestra selecci\u00f3n completa de productos y los servicios de instalaci\u00f3n que ofrecemos: para satisfacer cualquiera de sus necesidades y requerimientos de cristal LCD, creemos que nuestra experiencia y profesionalidad le har\u00e1 un cliente realmente satisfecho.<br \/>\nPor favor, p\u00f3ngase en contacto con nosotros por tel\u00e9fono:<br \/>\n+41 44 50 87 068 o 39 051 051 69 89 o env\u00edenos un correo electr\u00f3nico a trav\u00e9s del formulario de contacto en l\u00ednea que est\u00e1 disponible en la p\u00e1gina \u00bb Cont\u00e1ctenos\u00bb de nuestro sitio web www.lcdglass.biz.<\/p>\n<p><a href=\"http:\/\/lcdglass.info\/wp-content\/uploads\/2014\/01\/3LCDblends.jpg\"><img loading=\"lazy\" decoding=\"async\" class=\"aligncenter size-full wp-image-407\" src=\"http:\/\/lcdglass.info\/wp-content\/uploads\/2014\/01\/3LCDblends.jpg\" alt=\"3LCDblends\" width=\"540\" height=\"208\" srcset=\"https:\/\/lcdglass.biz\/wp-content\/uploads\/2014\/01\/3LCDblends.jpg 540w, https:\/\/lcdglass.biz\/wp-content\/uploads\/2014\/01\/3LCDblends-300x115.jpg 300w, https:\/\/lcdglass.biz\/wp-content\/uploads\/2014\/01\/3LCDblends-250x96.jpg 250w, https:\/\/lcdglass.biz\/wp-content\/uploads\/2014\/01\/3LCDblends-150x57.jpg 150w\" sizes=\"auto, (max-width: 540px) 100vw, 540px\" \/><\/a><\/p>","protected":false},"excerpt":{"rendered":"<p>LCDglass.biz es el nuevo sitio web completamente dedicado a los productos de vidrio LCD, as\u00ed como a nuestras soluciones de alta tecnolog\u00eda para el cristal. Los distintos tipos de cristal LCD que vendemos son fabricados en Italia, de acuerdo con las especificaciones muy particulares exigidos por nuestros clientes: por eso \u2026<\/p>\n<p class=\"continue-reading-button\"> <a class=\"continue-reading-link\" href=\"https:\/\/lcdglass.biz\/es\/home\/\">Continue reading<i class=\"crycon-right-dir\"><\/i><\/a><\/p>\n","protected":false},"author":2,"featured_media":0,"parent":0,"menu_order":0,"comment_status":"closed","ping_status":"open","template":"","meta":{"footnotes":""},"class_list":["post-165","page","type-page","status-publish","hentry"],"aioseo_notices":[],"_links":{"self":[{"href":"https:\/\/lcdglass.biz\/es\/wp-json\/wp\/v2\/pages\/165","targetHints":{"allow":["GET"]}}],"collection":[{"href":"https:\/\/lcdglass.biz\/es\/wp-json\/wp\/v2\/pages"}],"about":[{"href":"https:\/\/lcdglass.biz\/es\/wp-json\/wp\/v2\/types\/page"}],"author":[{"embeddable":true,"href":"https:\/\/lcdglass.biz\/es\/wp-json\/wp\/v2\/users\/2"}],"replies":[{"embeddable":true,"href":"https:\/\/lcdglass.biz\/es\/wp-json\/wp\/v2\/comments?post=165"}],"version-history":[{"count":14,"href":"https:\/\/lcdglass.biz\/es\/wp-json\/wp\/v2\/pages\/165\/revisions"}],"predecessor-version":[{"id":512,"href":"https:\/\/lcdglass.biz\/es\/wp-json\/wp\/v2\/pages\/165\/revisions\/512"}],"wp:attachment":[{"href":"https:\/\/lcdglass.biz\/es\/wp-json\/wp\/v2\/media?parent=165"}],"curies":[{"name":"wp","href":"https:\/\/api.w.org\/{rel}","templated":true}]}}