{"id":140,"date":"2014-01-25T23:10:49","date_gmt":"2014-01-25T23:10:49","guid":{"rendered":"http:\/\/lcdglass.info\/?page_id=140"},"modified":"2014-03-22T17:19:44","modified_gmt":"2014-03-22T16:19:44","slug":"f-a-q","status":"publish","type":"page","link":"https:\/\/lcdglass.biz\/es\/f-a-q\/","title":{"rendered":"Preguntas m\u00e1s comunes"},"content":{"rendered":"<p>&#8211; P. : \u00bfCu\u00e1nto cuesta?<br \/>\n&#8211; R.: no es un producto barato. El gasto total, incluyendo todos los gastos (de productos, accesorios y la instalaci\u00f3n) para nuestro sistema LCD suele ser bastante m\u00e1s de EUR1200 por metro cuadrado. Este gasto puede aumentar o disminuir dependiendo de una variedad de factores, tales como el \u00e1rea de LCD total adquirido, ning\u00fan trabajo adicional, accesorio o personalizaci\u00f3n solicitada (mandos a distancia, controles especiales, etc.)<\/p>\n<p>&#8211; P. : \u00bfSon los resultados est\u00e9ticos garantizados ?<br \/>\n&#8211; R. : si usted sigue el consejo dado por nuestra divisi\u00f3n t\u00e9cnica, la est\u00e9tica despu\u00e9s de la instalaci\u00f3n es excelente.<\/p>\n<p>&#8211; P. : \u00bfSe garantiza mi privacidad?<br \/>\n&#8211; A.: absolutamente. No hay manera posible ver a trav\u00e9s de los paneles de vidrio LCD cuando son opacos. Bajo ciertas circunstancias de iluminaci\u00f3n y en la presencia de personas de pie en entre la fuente de luz y el vidrio LCD, puede producirse proyecci\u00f3n de sombras sobre la superficie de la pantalla LCD, pero incluso en este caso toda posibilidad de mostrar m\u00e1s detalles debe ser excluido.<\/p>\n<p>&#8211; P. : \u00bfQu\u00e9 otros beneficios puedo obtener, adem\u00e1s de la est\u00e9tica y la privacidad?<br \/>\n&#8211; R. : nuestro sistema se basa en el uso de la nanotecnolog\u00eda LCD, algo que optimiza el uso del producto en todos los sentidos. Por ejemplo, el compuesto de cristal l\u00edquido utilizado permite el rechazo tanto de la radiaci\u00f3n infrarroja y ultravioleta, con lo que el producto respetuoso con el medio ambiente y ayuda a mantener los entornos en los que las losas LCD est\u00e1n instalados proporcionalmente m\u00e1s fresco en verano y c\u00e1lido en invierno.<\/p>\n<p>&#8211; P. : \u00bfqui\u00e9n se encarga de la instalaci\u00f3n?<br \/>\n&#8211; R.: hacemos. Podemos ofrecer soluciones llave en mano que incluyen tanto el producto como los servicios de instalaci\u00f3n, lo que ofrece a nuestros clientes un punto de referencia \u00fanico para la total satisfacci\u00f3n de sus necesidades con respecto a este producto. Un equipo de instalaci\u00f3n competente est\u00e9 dispuesto y sea capaz de hacer frente incluso a situaciones complejas, no importa donde la instalaci\u00f3n se va a realizar , con las ventanas y las puertas ya que presenta o sentar. Por otra parte, la instalaci\u00f3n podr\u00e1 ser invitado a uno de nuestros socios de negocios autorizados: en tal caso, las condiciones y los costes de suministro pueden estar sujetos a cambios.<\/p>\n<p>&#8211; P.: \u00bfes el precio de instalaci\u00f3n incluido en el precio por metro cuadrado?<br \/>\n&#8211; R.: no. La instalaci\u00f3n es la etapa m\u00e1s delicada y cr\u00edtica en todo el proceso de entrega de un sistema plenamente operativo para el cliente. Como tal, requiere un personal altamente capacitado y competente, as\u00ed como una asignaci\u00f3n de recursos t\u00e9cnicos para el uso exclusivo de la instalaci\u00f3n y las pruebas del sistema LCD, junto con una serie de condiciones que deben verificarse en el sitio durante la instalaci\u00f3n. Una cantidad tan extraordinaria de valor no puede (y no debe) ser incluido en el precio del producto.<\/p>\n<p>&#8211; P. : \u00bfusted vende paneles LCD peque\u00f1os ?<br \/>\n&#8211; R.: s\u00ed. La tecnolog\u00eda en particular que usamos tambi\u00e9n hacen posible la fabricaci\u00f3n de paneles LCD peque\u00f1os o muy peque\u00f1os (hasta unos pocos dec\u00edmetros cuadrados).<\/p>\n<p>&#8211; Q : \u00bfEst\u00e1 el vidrio puro proporciona junto con la mezcla LCD?<br \/>\n&#8211; A. : depende. Podemos servir casi todos los tipos de instalaci\u00f3n: en esta perspectiva, podemos proporcionar hojas completas de vidrio LCD, as\u00ed como aplicar LCD directamente a los cristales o ventanas que ya est\u00e1n instaladas y sin la necesidad de reemplazarlos.<\/p>\n<p>&#8211; P.: \u00bfen caso de una instalaci\u00f3n en superficies de vidrio ya existentes, que los tipos de vidrio son compatibles con la instalaci\u00f3n?<br \/>\n&#8211; R. : casi todos ellos. A excepci\u00f3n de cristal arenado o esos cristales con superficie rugosa\/irregular, la instalaci\u00f3n del sistema PRIVAGLASS LCD puede ocurrir en todos los tipos de paneles de vidrio (incluida la inastillable o blindado\/a prueba de balas).<\/p>\n<p>&#8211; P.: \u00bfpuede el sistema LCD da\u00f1arse f\u00e1cilmente ?<br \/>\n&#8211; R. : depende. Si LCD se ahog\u00f3 en el vidrio, la resistencia es alta y s\u00f3lo por romper el vidrio que puede entregar un da\u00f1o significativo a la propia pantalla LCD. Por otro lado, si est\u00e1 instalado en las ventanas existentes, el sistema es mucho m\u00e1s delicado y debemos usar las mismas precauciones que son t\u00edpicos para un monitor de ordenador LCD. En estos casos, golpes, ara\u00f1azos, el uso de disolventes o detergentes agresivos para la limpieza son todos que hay que evitar para garantizar un uso a largo plazo del sistema en el tiempo.<\/p>\n<p>&#8211; P. : \u00bfqu\u00e9 tipo de formas est\u00e1n disponibles para sus ventanas de cristal LCD ?<br \/>\n&#8211; A. : casi cualquier tipo. Gracias a un personal t\u00e9cnico competente y t\u00e9cnicas avanzadas de fabricaci\u00f3n, podemos ofrecer a nuestros paneles de LCD en forma cuadrada, rectangular, circular, semicircular y arqueado. Por todas estas opciones (especialmente en forma de arco, circulares y semicirculares ), debe proporcionar los dibujos t\u00e9cnicos con mediciones precisas de las diversas aplicaciones de LCD esperados.<\/p>\n<p>&#8211; P.: \u00bfcu\u00e1les son los costos de instalaci\u00f3n que se a\u00f1adir\u00e1n al precio de los paneles LCD ?<br \/>\n&#8211; R.: la instalaci\u00f3n los costes relacionados con la mano de obra, los costos de transferencia de personal, transporte seguro de las s\u00e1banas, los viajes del personal y el alojamiento (especialmente en el caso de los clientes que se encuentren lejos de nuestra sede o en el caso de instalaciones complicadas por unos d\u00edas). En promedio, la instalaci\u00f3n de un cierto n\u00famero de cristales LCD ( superficie total m\u00e1s grande que o igual a 10 metros cuadrados), los costes de instalaci\u00f3n representan un porcentaje que var\u00eda de 25 % a 45 % del coste total de la superficie del LCD comprada.<\/p>\n<p>&#8211; P.: \u00bfC\u00f3mo puedo solicitar un presupuesto?<br \/>\n&#8211; R.: para emitir una cotizaci\u00f3n requerimos una amplia informaci\u00f3n que nos permitir\u00e1 entender exactamente c\u00f3mo debe llevarse a cabo una venta e instalaci\u00f3n determinada. Las fotograf\u00edas, dibujos t\u00e9cnicos, planos, descripci\u00f3n detallada del tipo de accesorios y vidrio que se utilizar\u00e1 para la instalaci\u00f3n, son absolutamente necesarias, y pueden ser enviados directamente a la direcci\u00f3n de correo electr\u00f3nico de nuestra divisi\u00f3n t\u00e9cnica.<\/p>\n<p>&#8211; P. : \u00bfpor qu\u00e9 es tanto la informaci\u00f3n necesaria para hacer un presupuesto?<br \/>\n&#8211; R. : esencialmente por dos razones. La primera raz\u00f3n se refiere a la complejidad del proceso de instalaci\u00f3n, lo que nos obliga a conocer la situaci\u00f3n hasta el m\u00e1s m\u00ednimo detalle, sin dejar nada al azar. La segunda raz\u00f3n es puramente pr\u00e1ctico en la naturaleza y se relaciona con el hecho de que los paneles LCD son fabricados de acuerdo a las especificaciones totalmente personalizados para cada cliente y, una vez que salen de la l\u00ednea de fabricaci\u00f3n, no hay manera de modificar o recortar de nuevo sin destruir ellos.<\/p>\n<p>&#8211; P.: \u00bfpuedo usar su sistema LCD para conseguir un entorno completamente oscurecida ?<br \/>\n&#8211; R.: Siempre y cuando no es imposible ver a trav\u00e9s de las placas de la pantalla LCD cuando \u00e9stos son opacos, que a\u00fan poseen un cierto grado de permeabilidad a las ondas de luz, por lo tanto, esto no permite obtener un oscurecimiento total de una habitaci\u00f3n interior o el medio ambiente en un edificio.<\/p>\n<p>&#8211; P.: \u00bfes posible utilizar el sistema de proyecci\u00f3n LCD?<br \/>\n&#8211; R.: S\u00ed , y los resultados suelen ser muy buenos. Sin embargo, hay una serie de elementos que deben ser considerados cuidadosamente antes de completar la instalaci\u00f3n final, si el cliente tiene un inter\u00e9s en el uso de paneles LCD para fines de proyecci\u00f3n LCD.<\/p>\n<p>&#8211; P.: \u00bf Puede usted ofrecer personalizaciones en cuanto a la parte el\u00e9ctrica del sistema?<br \/>\n&#8211; R.: s\u00ed. Nuestro personal t\u00e9cnico es capaz de explotar el sistema PRIVAGLASS LCD hasta su extensi\u00f3n m\u00e1xima. Esto significa que son posibles personalizaciones relacionadas con la parte el\u00e9ctrica del sistema, tales como diferentes tipos de controles de potencia, encendido\/apaga , la integraci\u00f3n con los sistemas de dom\u00f3tica y sistemas audiovisuales asistidas por ordenador.<\/p>\n<p>&#8211; P.: \u00bfpuede proporcionar instalaciones personalizadas en los muebles o armarios?<br \/>\n&#8211; R.: por lo general s\u00ed. La confirmaci\u00f3n final, sin embargo, s\u00f3lo puede darse despu\u00e9s del an\u00e1lisis de los documentos y la informaci\u00f3n proporcionada por el cliente a efectos de la evaluaci\u00f3n de proyectos y la formulaci\u00f3n del presupuesto.<\/p>\n<p>&#8211; P.: \u00bfes posible aplicar el vaso de cristal l\u00edquido para ventanas de coches?<br \/>\n&#8211; R. : aunque te\u00f3ricamente posible , este tipo de aplicaci\u00f3n presenta muchas cuestiones t\u00e9cnicas y no se recomienda.<\/p>\n<p>&#8211; P.: \u00bfes posible aplicar el cristal LCD para barcos y buques?<br \/>\n&#8211; R. : aplicar nuestra copa de cristal l\u00edquido para barcos y yates presenta menos problemas t\u00e9cnicos que en los veh\u00edculos de motor y de estas aplicaciones es normalmente posible en confirmar su viabilidad en nuestra divisi\u00f3n t\u00e9cnica (para lo cual es indispensable la transmisi\u00f3n de documentos de informaci\u00f3n y de proyectos).<\/p>\n<p>&#8211; P.: \u00bfc\u00f3mo puedo confirmar un pedido ?<br \/>\n&#8211; R. : por lo general , despu\u00e9s de proporcionar toda la informaci\u00f3n y los datos t\u00e9cnicos solicitados en su proyecto, un precio de cotizaci\u00f3n es recibido por nuestro cliente. En este punto, nuestro cliente decide si confirma la orden de compra o no. Si se confirma una orden de compra, el cliente nos env\u00eda (generalmente por fax) el contrato aceptado, el cual tambi\u00e9n incluye una descripci\u00f3n detallada de la cantidad y calidad de los productos y servicios adquiridos.<\/p>\n<p>&#8211; P.: \u00bfQu\u00e9 m\u00e9todos de pago aceptan ?<br \/>\n&#8211; R. : el \u00fanico m\u00e9todo aceptado de pago es por transferencia bancaria por el importe total del contrato de compra. Puesto que los paneles de cristal LCD que ofrecemos son totalmente personalizados, el pago debe ser por adelantado por el importe total de la oferta.<\/p>\n<p>&#8211; P.: despu\u00e9s de firmar el contrato y hacer el pago he cambiado de opini\u00f3n y deseo de retirarse, \u00bfpuedo hacerlo ?<br \/>\n&#8211; R.: no. Todas las ventas son finales y los bienes adquiridos (paneles de vidrio LCD) se fabrican exclusivamente en las especificaciones del cliente.<\/p>","protected":false},"excerpt":{"rendered":"<p>&#8211; P. : \u00bfCu\u00e1nto cuesta? &#8211; R.: no es un producto barato. El gasto total, incluyendo todos los gastos (de productos, accesorios y la instalaci\u00f3n) para nuestro sistema LCD suele ser bastante m\u00e1s de EUR1200 por metro cuadrado. Este gasto puede aumentar o disminuir dependiendo de una variedad de factores, \u2026<\/p>\n<p class=\"continue-reading-button\"> <a class=\"continue-reading-link\" href=\"https:\/\/lcdglass.biz\/es\/f-a-q\/\">Continue reading<i class=\"crycon-right-dir\"><\/i><\/a><\/p>\n","protected":false},"author":2,"featured_media":0,"parent":0,"menu_order":0,"comment_status":"closed","ping_status":"open","template":"","meta":{"footnotes":""},"class_list":["post-140","page","type-page","status-publish","hentry"],"aioseo_notices":[],"_links":{"self":[{"href":"https:\/\/lcdglass.biz\/es\/wp-json\/wp\/v2\/pages\/140","targetHints":{"allow":["GET"]}}],"collection":[{"href":"https:\/\/lcdglass.biz\/es\/wp-json\/wp\/v2\/pages"}],"about":[{"href":"https:\/\/lcdglass.biz\/es\/wp-json\/wp\/v2\/types\/page"}],"author":[{"embeddable":true,"href":"https:\/\/lcdglass.biz\/es\/wp-json\/wp\/v2\/users\/2"}],"replies":[{"embeddable":true,"href":"https:\/\/lcdglass.biz\/es\/wp-json\/wp\/v2\/comments?post=140"}],"version-history":[{"count":6,"href":"https:\/\/lcdglass.biz\/es\/wp-json\/wp\/v2\/pages\/140\/revisions"}],"predecessor-version":[{"id":173,"href":"https:\/\/lcdglass.biz\/es\/wp-json\/wp\/v2\/pages\/140\/revisions\/173"}],"wp:attachment":[{"href":"https:\/\/lcdglass.biz\/es\/wp-json\/wp\/v2\/media?parent=140"}],"curies":[{"name":"wp","href":"https:\/\/api.w.org\/{rel}","templated":true}]}}