{"id":135,"date":"2014-01-25T23:06:30","date_gmt":"2014-01-25T23:06:30","guid":{"rendered":"http:\/\/lcdglass.info\/?page_id=135"},"modified":"2014-03-22T17:19:45","modified_gmt":"2014-03-22T16:19:45","slug":"resellers","status":"publish","type":"page","link":"https:\/\/lcdglass.biz\/es\/resellers\/","title":{"rendered":"Distribuidores"},"content":{"rendered":"<p><span id=\"result_box\" lang=\"es\" tabindex=\"-1\"><span title=\"We are constantly searching for resellers and exclusive distributors worldwide.\n\n\">Estamos en constante b\u00fasqueda de revendedores y distribuidores exclusivos en todo el mundo.<br \/>\n<\/span><\/span><\/p>\n<p><span id=\"result_box\" lang=\"es\" tabindex=\"-1\"><span title=\"If you are a private individual or a business with a minimum base of technical skills in installing door\/window frames and glass panes and you are interested in becoming our exclusive distributor or simply resell our PRIVAGLASS privacy LCD glass, please contact us immediately.\n\n\">Si usted es un particular o una empresa con una base m\u00ednima de conocimientos t\u00e9cnicos en la instalaci\u00f3n de marcos de puertas\/ventanas y paneles de vidrio y est\u00e1 interesado en ser nuestro distribuidor exclusivo o simplemente revender nuestro vidrio LCD PRIVAGLASS, por favor p\u00f3ngase en contacto con nosotros inmediatamente.<\/p>\n<p><\/span><span title=\"We have made the SPECTRADOME PRIVAGLASS system technology easily transferrable and we are currently in a position to provide you with everything that is needed to start an extremely lucrative business with virtually no competition in your area.\n\n\">Hemos hecho la tecnolog\u00eda del sistema SPECTRADOME PRIVAGLASS f\u00e1cilmente transferibles y estamos actualmente en condiciones de ofrecerle todo lo que se necesita para iniciar un negocio muy lucrativo , pr\u00e1cticamente sin competencia en su \u00e1rea.<\/p>\n<p><\/span><span title=\"What have we got to offer?\">\u00bfQu\u00e9 tenemos para ofrecer? <\/span><span title=\"A LOT of things:\n\n\u00a0\u00a0\u00a0\u00a0\">Un mont\u00f3n de cosas:<\/p>\n<p><\/span><\/span><\/p>\n<ol>\n<li><span id=\"result_box\" lang=\"es\" tabindex=\"-1\"><span title=\"A LOT of things:\n\n\u00a0\u00a0\u00a0\u00a0\">\u00a0<\/span><span title=\"a truly unique hi-tech product whose assembly and operation are fully based on nano technologies;\n\u00a0\u00a0\u00a0\u00a0\">un producto verdaderamente \u00fanico de alta tecnolog\u00eda cuyo montaje y funcionamiento se basan totalmente en las nanotecnolog\u00edas;<\/span><\/span><\/li>\n<li><span id=\"result_box\" lang=\"es\" tabindex=\"-1\"><span title=\"outsanding profit margins\n\u00a0\u00a0\u00a0\u00a0\">altos m\u00e1rgenes de beneficio<\/span><\/span><\/li>\n<li><span id=\"result_box\" lang=\"es\" tabindex=\"-1\"><span title=\"opportunity to minimize investments\n\u00a0\u00a0\u00a0\u00a0\">oportunidad para minimizar las inversiones<\/span><\/span><\/li>\n<li><span id=\"result_box\" lang=\"es\" tabindex=\"-1\"><span title=\"opportunity to resell a complete solution (product+installation) to your customers, thus encreasing overall profits even more\n\u00a0\u00a0\u00a0\u00a0\">oportunidad de revender una soluci\u00f3n completa (producto + instalaci\u00f3n) a sus clientes<\/span><\/span><\/li>\n<li><span id=\"result_box\" lang=\"es\" tabindex=\"-1\"><span title=\"all the reliability and safety that only a quality and professional system can offer.\n\n\">toda la fiabilidad y la seguridad de que s\u00f3lo un sistema de calidad y profesional puede ofrecer.<\/span><\/span><\/li>\n<\/ol>\n<p><span id=\"result_box\" lang=\"es\" tabindex=\"-1\"><span title=\"How do I become an affiliate\/distributor?\n\">\u00bfC\u00f3mo puedo ser un afiliado \/ distribuidor ?<br \/>\n<\/span><span title=\"It is actually very simple: first of all, please decide if you are interested in a simple resale or exclusive distributorship status.\">En realidad, es muy simple: en primer lugar, por favor, decidir si usted est\u00e1 interesado en una reventa simple o condici\u00f3n de exclusividad de distribuci\u00f3n . <\/span><span title=\"While simple resale does not involve any specific commitment other than placing a purchase order under reseller's terms conditions, exclusive distributorship means you get an area of exclusivity against a commitment which contemplates the confirmation of an immediate substantial purchase order and the meeting of a yearly sales turnover\">Mientras que la simple reventa no implica ning\u00fan compromiso espec\u00edfico que no sea la colocaci\u00f3n de una orden de compra bajo condiciones de los t\u00e9rminos de los revendedores, distribuidora exclusiva significa que usted obtiene un \u00e1rea de exclusividad en contra de un compromiso que contempla la confirmaci\u00f3n de una orden de compra sustancial inmediata y la reuni\u00f3n de un volumen de negocios anual <\/span><span title=\"quota.\n\n\">cuota.<br \/>\n<\/span><\/span><\/p>\n<p><span id=\"result_box\" lang=\"es\" tabindex=\"-1\"><span title=\"Second, you just need to contact us to inform us about your choice.\n\n\">En segundo lugar, s\u00f3lo tiene que ponerse en contacto con nosotros para informarnos sobre su elecci\u00f3n.<\/p>\n<p><\/span><span title=\"For both options and with the only exclusion of shipping costs, there are no other additional or hidden costs to be paid by the reseller\/distributor, as we are going to take care of manufacturing and supplying the LCD glass panels to distributors and resellers directly,\">Para ambas opciones, y con la \u00fanica exclusi\u00f3n de los gastos de env\u00edo, no hay otros costos adicionales u ocultos que se pagar\u00e1n por el revendedor\/distribuidor, ya que vamos a cuidar de fabricaci\u00f3n y suministro de los paneles de vidrio de cristal l\u00edquido para distribuidores y revendedores de forma directa, <\/span><span title=\"upon receipt of their orders.\n\n\">tras la recepci\u00f3n de sus pedidos.<\/p>\n<p><\/span><span title=\"We encourage all companies and individuals interested in finalizing an exclusive or resale distributorship agreement for the PRIVAGLASS customized LCD glass system to contact us by using one of the following references:\n\n\">Alentamos a todas las empresas y personas interesadas en la finalizaci\u00f3n de un acuerdo de distribuci\u00f3n exclusiva o de participaci\u00f3n en el sistema de cristal LCD PRIVAGLASS personalizado para ponerse en contacto con nosotros a trav\u00e9s de una de las siguientes referencias :<\/p>\n<p><\/span><span title=\"phone: +41 4450 87 068 (Switzerland) or +39 051 051 69 89 (Italy)\n\n\">tel\u00e9fono : <span class=\"skype_c2c_container\" dir=\"ltr\" tabindex=\"-1\"><span class=\"skype_c2c_highlighting_inactive_common\" dir=\"ltr\"><span class=\"skype_c2c_textarea_span\"><img decoding=\"async\" class=\"skype_c2c_logo_img\" alt=\"\" src=\"resource:\/\/skype_ff_extension-at-jetpack\/skype_ff_extension\/data\/call_skype_logo.png\" \/><span class=\"skype_c2c_text_span\">+41 4450 87 068<\/span><\/span><\/span><\/span> (Suiza ) o <span class=\"skype_c2c_print_container\">39 051 051 69 89<\/span><span class=\"skype_c2c_container\" dir=\"ltr\" tabindex=\"-1\" onmouseover=\"SkypeClick2Call.MenuInjectionHandler.showMenu(this, event)\" onmouseout=\"SkypeClick2Call.MenuInjectionHandler.hideMenu(event)\"><span class=\"skype_c2c_highlighting_inactive_common\" dir=\"ltr\"><span class=\"skype_c2c_textarea_span\"><img decoding=\"async\" class=\"skype_c2c_logo_img\" alt=\"\" src=\"resource:\/\/skype_ff_extension-at-jetpack\/skype_ff_extension\/data\/call_skype_logo.png\" \/><span class=\"skype_c2c_text_span\">39 051 051 69 89<\/span><\/span><\/span><\/span> (Italia )<\/p>\n<p><\/span><span title=\"fax: +39 06 233 123 54\n\n\">fax: +39 06 233 123 54<\/p>\n<p><\/span><span title=\"email: please use the form provided on \"contact us\" page\">correo electr\u00f3nico : por favor, utilice el formulario previsto en \u00bb Cont\u00e1ctenos\u00bb<\/span><\/span><\/p>\n<div class=\"skype_c2c_menu_container\" id=\"skype_c2c_menu_container\" style=\"display: none;\" onmouseover=\"SkypeClick2Call.MenuInjectionHandler.showMenu(this, event)\" onmouseout=\"SkypeClick2Call.MenuInjectionHandler.hideMenu(event)\">\n<div class=\"skype_c2c_menu_click2call\"><a class=\"skype_c2c_menu_click2call_action\" id=\"skype_c2c_menu_click2call_action\"><\/a>Call<\/div>\n<div class=\"skype_c2c_menu_click2sms\"><a class=\"skype_c2c_menu_click2sms_action\" id=\"skype_c2c_menu_click2sms_action\"><\/a>Send SMS<\/div>\n<div class=\"skype_c2c_menu_add2skype\"><a class=\"skype_c2c_menu_add2skype_text\" id=\"skype_c2c_menu_add2skype_text\"><\/a>Add to Skype<\/div>\n<div class=\"skype_c2c_menu_toll_info\"><span class=\"skype_c2c_menu_toll_callcredit\">You&#8217;ll need Skype Credit<\/span><span class=\"skype_c2c_menu_toll_free\">Free via Skype<\/span><\/div>\n<\/div>\n<p><\/p>","protected":false},"excerpt":{"rendered":"<p>Estamos en constante b\u00fasqueda de revendedores y distribuidores exclusivos en todo el mundo. Si usted es un particular o una empresa con una base m\u00ednima de conocimientos t\u00e9cnicos en la instalaci\u00f3n de marcos de puertas\/ventanas y paneles de vidrio y est\u00e1 interesado en ser nuestro distribuidor exclusivo o simplemente revender \u2026<\/p>\n<p class=\"continue-reading-button\"> <a class=\"continue-reading-link\" href=\"https:\/\/lcdglass.biz\/es\/resellers\/\">Continue reading<i class=\"crycon-right-dir\"><\/i><\/a><\/p>\n","protected":false},"author":2,"featured_media":0,"parent":0,"menu_order":0,"comment_status":"closed","ping_status":"open","template":"","meta":{"footnotes":""},"class_list":["post-135","page","type-page","status-publish","hentry"],"aioseo_notices":[],"_links":{"self":[{"href":"https:\/\/lcdglass.biz\/es\/wp-json\/wp\/v2\/pages\/135","targetHints":{"allow":["GET"]}}],"collection":[{"href":"https:\/\/lcdglass.biz\/es\/wp-json\/wp\/v2\/pages"}],"about":[{"href":"https:\/\/lcdglass.biz\/es\/wp-json\/wp\/v2\/types\/page"}],"author":[{"embeddable":true,"href":"https:\/\/lcdglass.biz\/es\/wp-json\/wp\/v2\/users\/2"}],"replies":[{"embeddable":true,"href":"https:\/\/lcdglass.biz\/es\/wp-json\/wp\/v2\/comments?post=135"}],"version-history":[{"count":5,"href":"https:\/\/lcdglass.biz\/es\/wp-json\/wp\/v2\/pages\/135\/revisions"}],"predecessor-version":[{"id":163,"href":"https:\/\/lcdglass.biz\/es\/wp-json\/wp\/v2\/pages\/135\/revisions\/163"}],"wp:attachment":[{"href":"https:\/\/lcdglass.biz\/es\/wp-json\/wp\/v2\/media?parent=135"}],"curies":[{"name":"wp","href":"https:\/\/api.w.org\/{rel}","templated":true}]}}