{"id":129,"date":"2014-01-25T23:02:29","date_gmt":"2014-01-25T23:02:29","guid":{"rendered":"http:\/\/lcdglass.info\/?page_id=129"},"modified":"2014-03-22T17:19:44","modified_gmt":"2014-03-22T16:19:44","slug":"products","status":"publish","type":"page","link":"https:\/\/lcdglass.biz\/es\/products\/","title":{"rendered":"Productos"},"content":{"rendered":"<p>Ofrecemos soluciones de vidrio de alta tecnolog\u00eda totalmente personalizadas.<a href=\"http:\/\/lcdglass.info\/wp-content\/uploads\/2014\/01\/kitchen.jpg\"><img loading=\"lazy\" decoding=\"async\" class=\"alignright size-medium wp-image-364\" alt=\"kitchen\" src=\"http:\/\/lcdglass.info\/wp-content\/uploads\/2014\/01\/kitchen-300x245.jpg\" width=\"300\" height=\"245\" srcset=\"https:\/\/lcdglass.biz\/wp-content\/uploads\/2014\/01\/kitchen-300x245.jpg 300w, https:\/\/lcdglass.biz\/wp-content\/uploads\/2014\/01\/kitchen-183x150.jpg 183w, https:\/\/lcdglass.biz\/wp-content\/uploads\/2014\/01\/kitchen-150x122.jpg 150w, https:\/\/lcdglass.biz\/wp-content\/uploads\/2014\/01\/kitchen.jpg 564w\" sizes=\"auto, (max-width: 300px) 100vw, 300px\" \/><\/a><br \/>\nNo importa si se trata de vidrio de cristal l\u00edquido LCD, vidrio LED, vidrio de privacidad , vidrio hologr\u00e1fico o vidrio en cristal LCD con caracter\u00edsticas interactivas, nuestro personal t\u00e9cnico competente tiene siempre la respuesta correcta para cumplir con los requisitos altamente personalizados de nuestros clientes.<br \/>\nEstamos en condiciones de ofrecer productos realmente \u00fanicos, como las ventanas artisticas LCD, totalmente realizados en Italia con tecnolog\u00eda suiza: las ventanas LCD y paneles de vidrio LCD, as\u00ed como cualquier otro tipo de vidrio que ofrecemos, se fabrican todo de acuerdo con los m\u00e1s altos est\u00e1ndares de calidad en la industria.<a href=\"http:\/\/lcdglass.info\/wp-content\/uploads\/2014\/01\/LED-glass-Elevator.jpg\"><img loading=\"lazy\" decoding=\"async\" class=\"alignright size-medium wp-image-365\" alt=\"LED glass-Elevator\" src=\"http:\/\/lcdglass.info\/wp-content\/uploads\/2014\/01\/LED-glass-Elevator-225x300.jpg\" width=\"225\" height=\"300\" srcset=\"https:\/\/lcdglass.biz\/wp-content\/uploads\/2014\/01\/LED-glass-Elevator-225x300.jpg 225w, https:\/\/lcdglass.biz\/wp-content\/uploads\/2014\/01\/LED-glass-Elevator-450x600.jpg 450w, https:\/\/lcdglass.biz\/wp-content\/uploads\/2014\/01\/LED-glass-Elevator-112x150.jpg 112w, https:\/\/lcdglass.biz\/wp-content\/uploads\/2014\/01\/LED-glass-Elevator.jpg 480w\" sizes=\"auto, (max-width: 225px) 100vw, 225px\" \/><\/a><\/p>\n<p>Nuestra empresa se \u200b\u200benorgullece de ofrecer a nuestros clientes un punto de referencia fiable y \u00fanico para cumplir completamente sus necesidades de los productos que vendemos, desde la fabricaci\u00f3n a env\u00edo de la orden y del estudio de factibilidad a la instalaci\u00f3n final y las pruebas del sistema adquirido.<\/p>\n<p>Vendemos nuestros productos en todo el mundo y podemos enviar nuestro equipo de instalaci\u00f3n a cualquier pa\u00eds en el mundo: por favor no dude en ponerse en contacto con nosotros con confianza para cualquier compra necesidades que pueda tener acerca de nuestros productos y sistemas.<\/p>","protected":false},"excerpt":{"rendered":"<p>Ofrecemos soluciones de vidrio de alta tecnolog\u00eda totalmente personalizadas. No importa si se trata de vidrio de cristal l\u00edquido LCD, vidrio LED, vidrio de privacidad , vidrio hologr\u00e1fico o vidrio en cristal LCD con caracter\u00edsticas interactivas, nuestro personal t\u00e9cnico competente tiene siempre la respuesta correcta para cumplir con los requisitos \u2026<\/p>\n<p class=\"continue-reading-button\"> <a class=\"continue-reading-link\" href=\"https:\/\/lcdglass.biz\/es\/products\/\">Continue reading<i class=\"crycon-right-dir\"><\/i><\/a><\/p>\n","protected":false},"author":2,"featured_media":0,"parent":0,"menu_order":0,"comment_status":"closed","ping_status":"open","template":"","meta":{"footnotes":""},"class_list":["post-129","page","type-page","status-publish","hentry"],"aioseo_notices":[],"_links":{"self":[{"href":"https:\/\/lcdglass.biz\/es\/wp-json\/wp\/v2\/pages\/129","targetHints":{"allow":["GET"]}}],"collection":[{"href":"https:\/\/lcdglass.biz\/es\/wp-json\/wp\/v2\/pages"}],"about":[{"href":"https:\/\/lcdglass.biz\/es\/wp-json\/wp\/v2\/types\/page"}],"author":[{"embeddable":true,"href":"https:\/\/lcdglass.biz\/es\/wp-json\/wp\/v2\/users\/2"}],"replies":[{"embeddable":true,"href":"https:\/\/lcdglass.biz\/es\/wp-json\/wp\/v2\/comments?post=129"}],"version-history":[{"count":7,"href":"https:\/\/lcdglass.biz\/es\/wp-json\/wp\/v2\/pages\/129\/revisions"}],"predecessor-version":[{"id":368,"href":"https:\/\/lcdglass.biz\/es\/wp-json\/wp\/v2\/pages\/129\/revisions\/368"}],"wp:attachment":[{"href":"https:\/\/lcdglass.biz\/es\/wp-json\/wp\/v2\/media?parent=129"}],"curies":[{"name":"wp","href":"https:\/\/api.w.org\/{rel}","templated":true}]}}