{"id":230,"date":"2014-01-31T23:07:24","date_gmt":"2014-01-31T23:07:24","guid":{"rendered":"http:\/\/lcdglass.info\/?page_id=230"},"modified":"2014-03-22T17:19:45","modified_gmt":"2014-03-22T16:19:45","slug":"privacy-glass","status":"publish","type":"page","link":"https:\/\/lcdglass.biz\/en\/products\/privacy-glass\/","title":{"rendered":"Privacy glass"},"content":{"rendered":"<p>The brand new &#8220;one-way-see-through&#8221; privacy windows represent a truly unique product in our selection for privacy protection applications.<br \/>\nThe &#8220;one-way-see-through&#8221; glass is a hi-tech pane of special glass and polarizing material which allows one-way observation from inside a room or building at the same time preventing the people on the outside to be able to see inside the same room or building.<br \/>\nThe outdoor side of our privacy windows is colorful and its nuance changes according to the angle of incidence of the ambient\/solar light thus making it perfect for building decoration as well (two products into one).<\/p>\n<p>The SPECTRADOME one-way-see-through privacy windows are fully coated to deliver acoustic and thermal insulation (UV filtered) and are all custom-built upon customer&#8217;s requirement.<br \/>\nMinimum thickness is 1&#8243;\/25mm.<br \/>\nCustomized glass types (e.g.: smashproof, bulletproof, etc.) are available upon request.<\/p>\n<p><div class=\"flagallerywraper\" style=\"text-align:right;\"><div class=\"flagallery phantom_skin\" id=\"FlaGallery_sc1_4\" style=\"width:420;margin-left: auto;\"><style type=\"text\/css\" class=\"flagallery_skin_style_import\">#FlaGallery_sc1_4 .flagPhantom_ThumbContainer {width:200px; height:180px;}#FlaGallery_sc1_4 .flagPhantom_MobileView .flagPhantom_ThumbContainer {width:150px; height:135px;}#FlaGallery_sc1_4 .flagPhantom_Container {margin-left:auto;margin-right:auto;}#FlaGallery_sc1_4 .flagPhantom_ThumbContainer {margin:8px 0 0 8px;}#FlaGallery_sc1_4 .flagPhantom_ThumbContainer {padding:2px;}#FlaGallery_sc1_4 .flagPhantom_LabelBottom .flagPhantom_ThumbContainer {padding-bottom:36px;}#FlaGallery_sc1_4 .flagPhantom_ThumbContainer,#FlaGallery_sc1_4 .flagPhantom_LabelBottom .flagPhantom_ThumbLabel {background-color:#ffffff;}#FlaGallery_sc1_4 .flagPhantom_ThumbContainer .flagPhantom_Thumb {opacity:0.9;}#FlaGallery_sc1_4 .flagPhantom_ThumbContainer:hover .flagPhantom_Thumb {opacity:1;}#FlaGallery_sc1_4 .flagPhantom_ThumbContainer {border:1px solid #cccccc;}#FlaGallery_sc1_4 .flagPhantom_ThumbContainer {box-shadow:0 0 5px -2px #cccccc;}#FlaGallery_sc1_4 .flagPhantom_ThumbLabel {color:#0b0b0b;}#FlaGallery_sc1_4 .flagPhantom_ThumbLabel a {color:#3695E7;}#FlaGallery_sc1_4 .flagPhantom_LabelInside .flagPhantom_ThumbLabel,#FlaGallery_sc1_4 .flagPhantom_LabelHover .flagPhantom_ThumbLabel {color:#ffffff;}#FlaGallery_sc1_4 .flagPhantom_LabelInside .flagPhantom_ThumbLabel a,#FlaGallery_sc1_4 .flagPhantom_LabelHover .flagPhantom_ThumbLabel a,#FlaGallery_sc1_4 .flagPhantom_LabelInside .flagPhantom_ThumbLabel a:hover,#FlaGallery_sc1_4 .flagPhantom_LabelHover .flagPhantom_ThumbLabel a:hover {color:#e7e179;}<\/style> <div class=\"flagPhantom_Container noLightbox\" style=\"opacity:0\"> <h3>See-through glass<\/h3><div class=\"flagPhantom_galleryDescription\"><p>One-way see-through glass and windows<\/p><\/div> <div class=\"flagPhantom_thumbsWrapper flagPhantom_ThumbScale flagPhantom_LabelHover\"> <div class=\"flagPhantom_ThumbContainer flagPhantom_ThumbLoader\" data-id=\"11\" data-ratio=\"1\" data-title=\"One-way see-through glass\" data-views=\"852\" data-likes=\"0\"> <a href=\"https:\/\/lcdglass.biz\/wp-content\/flagallery\/see-through-glass\/webview\/build-in.jpg\" class=\"flagPhantom_Thumb\"><img decoding=\"async\" class=\"noLazy\" src=\"https:\/\/lcdglass.biz\/wp-content\/flagallery\/see-through-glass\/thumbs\/thumbs_build-in.jpg\" data-src=\"https:\/\/lcdglass.biz\/wp-content\/flagallery\/see-through-glass\/webview\/build-in.jpg\" alt=\"One-way see-through glass\"\/><\/a> <div class=\"flagPhantom_ThumbLabel\"> <span class=\"flagPhantom_ThumbLabel_title\">One-way see-through glass<\/span><\/div> <div style=\"display:none;\" class=\"flagPhantom_Details\"> <div class=\"flagPhantom_description\"> <div class=\"flagPhantom_title\">One-way see-through glass<\/div> <div class=\"flagPhantom_text\"><p>View from inside the building<br \/>Vue de l'int\u00e9rieur du b\u00e2timent<br \/>Vista da interno edificio<br \/>Vista desde el interior del edificio<\/p><\/div> <\/div> <\/div> <\/div> <div class=\"flagPhantom_ThumbContainer flagPhantom_ThumbLoader\" data-id=\"12\" data-ratio=\"1.5013404825737\" data-title=\"One-way see-through glass\" data-views=\"753\" data-likes=\"0\"> <a href=\"https:\/\/lcdglass.biz\/wp-content\/flagallery\/see-through-glass\/webview\/build-out.jpg\" class=\"flagPhantom_Thumb\"><img decoding=\"async\" class=\"noLazy\" src=\"https:\/\/lcdglass.biz\/wp-content\/flagallery\/see-through-glass\/thumbs\/thumbs_build-out.jpg\" data-src=\"https:\/\/lcdglass.biz\/wp-content\/flagallery\/see-through-glass\/webview\/build-out.jpg\" alt=\"One-way see-through glass\"\/><\/a> <div class=\"flagPhantom_ThumbLabel\"> <span class=\"flagPhantom_ThumbLabel_title\">One-way see-through glass<\/span><\/div> <div style=\"display:none;\" class=\"flagPhantom_Details\"> <div class=\"flagPhantom_description\"> <div class=\"flagPhantom_title\">One-way see-through glass<\/div> <div class=\"flagPhantom_text\"><p>View from outside the building<br \/>Vue de l'ext\u00e9rieur du b\u00e2timent<br \/>Vista da esterno edificio<br \/>Vista desde el exterior del edificio<\/p><\/div> <\/div> <\/div> <\/div> <div class=\"flagPhantom_ThumbContainer flagPhantom_ThumbLoader\" data-id=\"13\" data-ratio=\"1.3333333333333\" data-title=\"One-way see-through glass\" data-views=\"659\" data-likes=\"0\"> <a href=\"https:\/\/lcdglass.biz\/wp-content\/flagallery\/see-through-glass\/webview\/church-inside.jpg\" class=\"flagPhantom_Thumb\"><img decoding=\"async\" class=\"noLazy\" src=\"https:\/\/lcdglass.biz\/wp-content\/flagallery\/see-through-glass\/thumbs\/thumbs_church-inside.jpg\" data-src=\"https:\/\/lcdglass.biz\/wp-content\/flagallery\/see-through-glass\/webview\/church-inside.jpg\" alt=\"One-way see-through glass\"\/><\/a> <div class=\"flagPhantom_ThumbLabel\"> <span class=\"flagPhantom_ThumbLabel_title\">One-way see-through glass<\/span><\/div> <div style=\"display:none;\" class=\"flagPhantom_Details\"> <div class=\"flagPhantom_description\"> <div class=\"flagPhantom_title\">One-way see-through glass<\/div> <div class=\"flagPhantom_text\"><p>View from inside the building<br \/>Vue de l'int\u00e9rieur du b\u00e2timent<br \/>Vista da interno edificio<br \/>Vista desde el interior del edificio<\/p><\/div> <\/div> <\/div> <\/div> <div class=\"flagPhantom_ThumbContainer flagPhantom_ThumbLoader\" data-id=\"14\" data-ratio=\"1.3333333333333\" data-title=\"One-way see-through glass\" data-views=\"628\" data-likes=\"0\"> <a href=\"https:\/\/lcdglass.biz\/wp-content\/flagallery\/see-through-glass\/webview\/church-outside.jpg\" class=\"flagPhantom_Thumb\"><img decoding=\"async\" class=\"noLazy\" src=\"https:\/\/lcdglass.biz\/wp-content\/flagallery\/see-through-glass\/thumbs\/thumbs_church-outside.jpg\" data-src=\"https:\/\/lcdglass.biz\/wp-content\/flagallery\/see-through-glass\/webview\/church-outside.jpg\" alt=\"One-way see-through glass\"\/><\/a> <div class=\"flagPhantom_ThumbLabel\"> <span class=\"flagPhantom_ThumbLabel_title\">One-way see-through glass<\/span><\/div> <div style=\"display:none;\" class=\"flagPhantom_Details\"> <div class=\"flagPhantom_description\"> <div class=\"flagPhantom_title\">One-way see-through glass<\/div> <div class=\"flagPhantom_text\"><p>View from outside the building<br \/>Vue de l'ext\u00e9rieur du b\u00e2timent<br \/>Vista da esterno edificio<br \/>Vista desde el exterior del edificio<\/p><\/div> <\/div> <\/div> <\/div> <div class=\"flagPhantom_ThumbContainer flagPhantom_ThumbLoader\" data-id=\"15\" data-ratio=\"1\" data-title=\"One-way see-through glass\" data-views=\"639\" data-likes=\"0\"> <a href=\"https:\/\/lcdglass.biz\/wp-content\/flagallery\/see-through-glass\/webview\/ext-int.jpg\" class=\"flagPhantom_Thumb\"><img decoding=\"async\" class=\"noLazy\" src=\"https:\/\/lcdglass.biz\/wp-content\/flagallery\/see-through-glass\/thumbs\/thumbs_ext-int.jpg\" data-src=\"https:\/\/lcdglass.biz\/wp-content\/flagallery\/see-through-glass\/webview\/ext-int.jpg\" alt=\"One-way see-through glass\"\/><\/a> <div class=\"flagPhantom_ThumbLabel\"> <span class=\"flagPhantom_ThumbLabel_title\">One-way see-through glass<\/span><\/div> <div style=\"display:none;\" class=\"flagPhantom_Details\"> <div class=\"flagPhantom_description\"> <div class=\"flagPhantom_title\">One-way see-through glass<\/div> <div class=\"flagPhantom_text\"><p>View from outside the building<br \/>Vue de l'ext\u00e9rieur du b\u00e2timent<br \/>Vista da esterno edificio<br \/>Vista desde el exterior del edificio<\/p><\/div> <\/div> <\/div> <\/div> <div class=\"flagPhantom_ThumbContainer flagPhantom_ThumbLoader\" data-id=\"16\" data-ratio=\"1\" data-title=\"One-way see-through glass\" data-views=\"624\" data-likes=\"0\"> <a href=\"https:\/\/lcdglass.biz\/wp-content\/flagallery\/see-through-glass\/webview\/int-ext.jpg\" class=\"flagPhantom_Thumb\"><img decoding=\"async\" class=\"noLazy\" src=\"https:\/\/lcdglass.biz\/wp-content\/flagallery\/see-through-glass\/thumbs\/thumbs_int-ext.jpg\" data-src=\"https:\/\/lcdglass.biz\/wp-content\/flagallery\/see-through-glass\/webview\/int-ext.jpg\" alt=\"One-way see-through glass\"\/><\/a> <div class=\"flagPhantom_ThumbLabel\"> <span class=\"flagPhantom_ThumbLabel_title\">One-way see-through glass<\/span><\/div> <div style=\"display:none;\" class=\"flagPhantom_Details\"> <div class=\"flagPhantom_description\"> <div class=\"flagPhantom_title\">One-way see-through glass<\/div> <div class=\"flagPhantom_text\"><p>View from inside the building<br \/>Vue de l'int\u00e9rieur du b\u00e2timent<br \/>Vista da interno edificio<br \/>Vista desde el interior del edificio<\/p><\/div> <\/div> <\/div> <\/div> <div class=\"flagPhantom_ThumbContainer flagPhantom_ThumbLoader\" data-id=\"17\" data-ratio=\"1.2121212121212\" data-title=\"One-way see-through glass\" data-views=\"552\" data-likes=\"0\"> <a href=\"https:\/\/lcdglass.biz\/wp-content\/flagallery\/see-through-glass\/webview\/ledonewayglass.jpg\" class=\"flagPhantom_Thumb\"><img decoding=\"async\" class=\"noLazy\" src=\"https:\/\/lcdglass.biz\/wp-content\/flagallery\/see-through-glass\/thumbs\/thumbs_ledonewayglass.jpg\" data-src=\"https:\/\/lcdglass.biz\/wp-content\/flagallery\/see-through-glass\/webview\/ledonewayglass.jpg\" alt=\"One-way see-through glass\"\/><\/a> <div class=\"flagPhantom_ThumbLabel\"> <span class=\"flagPhantom_ThumbLabel_title\">One-way see-through glass<\/span><\/div> <div style=\"display:none;\" class=\"flagPhantom_Details\"> <div class=\"flagPhantom_description\"> <div class=\"flagPhantom_title\">One-way see-through glass<\/div> <div class=\"flagPhantom_text\"><p>LED glass + See-through glass<br \/>Verre LED + verre avec vue \u00e0 sens unique<br \/>Vetro LED + vetro \"see-through\"<br \/>Vidrio LED + vidrio de privacidad<\/p><\/div> <\/div> <\/div> <\/div> <div class=\"flagPhantom_ThumbContainer flagPhantom_ThumbLoader\" data-id=\"18\" data-ratio=\"1\" data-title=\"One-way see-through glass\" data-views=\"536\" data-likes=\"0\"> <a href=\"https:\/\/lcdglass.biz\/wp-content\/flagallery\/see-through-glass\/webview\/ston-int1.jpg\" class=\"flagPhantom_Thumb\"><img decoding=\"async\" class=\"noLazy\" src=\"https:\/\/lcdglass.biz\/wp-content\/flagallery\/see-through-glass\/thumbs\/thumbs_ston-int1.jpg\" data-src=\"https:\/\/lcdglass.biz\/wp-content\/flagallery\/see-through-glass\/webview\/ston-int1.jpg\" alt=\"One-way see-through glass\"\/><\/a> <div class=\"flagPhantom_ThumbLabel\"> <span class=\"flagPhantom_ThumbLabel_title\">One-way see-through glass<\/span><\/div> <div style=\"display:none;\" class=\"flagPhantom_Details\"> <div class=\"flagPhantom_description\"> <div class=\"flagPhantom_title\">One-way see-through glass<\/div> <div class=\"flagPhantom_text\"><p>See-through glass interior design application<br \/>Arredamento d'interni con vetro in visione a senso unico<br \/>Verre avec vue \u00e0 sens unique dans une d\u00e9coration int\u00e9rieure<br \/>Vidrio de privacidad en la decoraci\u00f3n de interiores<\/p><\/div> <\/div> <\/div> <\/div> <div class=\"flagPhantom_ThumbContainer flagPhantom_ThumbLoader\" data-id=\"19\" data-ratio=\"1\" data-title=\"One-way see-through glass\" data-views=\"513\" data-likes=\"0\"> <a href=\"https:\/\/lcdglass.biz\/wp-content\/flagallery\/see-through-glass\/webview\/ston-int2.jpg\" class=\"flagPhantom_Thumb\"><img decoding=\"async\" class=\"noLazy\" src=\"https:\/\/lcdglass.biz\/wp-content\/flagallery\/see-through-glass\/thumbs\/thumbs_ston-int2.jpg\" data-src=\"https:\/\/lcdglass.biz\/wp-content\/flagallery\/see-through-glass\/webview\/ston-int2.jpg\" alt=\"One-way see-through glass\"\/><\/a> <div class=\"flagPhantom_ThumbLabel\"> <span class=\"flagPhantom_ThumbLabel_title\">One-way see-through glass<\/span><\/div> <div style=\"display:none;\" class=\"flagPhantom_Details\"> <div class=\"flagPhantom_description\"> <div class=\"flagPhantom_title\">One-way see-through glass<\/div> <div class=\"flagPhantom_text\"><p>See-through glass interior design application<br \/>Arredamento d'interni con vetro in visione a senso unico<br \/>Verre \"see-through\" dans une d\u00e9coration int\u00e9rieure<br \/>Vidrio \"see-through\" en la decoraci\u00f3n de interiores<br \/>See-through glass interior design application<br \/>Arredamento d'interni con vetro in visione a senso unico<br \/>Verre avec vue \u00e0 sens unique dans une d\u00e9coration int\u00e9rieure<br \/>Vidrio de privacidad en la decoraci\u00f3n de interiores<\/p><\/div> <\/div> <\/div> <\/div> <div class=\"flagPhantom_ThumbContainer flagPhantom_ThumbLoader\" data-id=\"20\" data-ratio=\"1.3333333333333\" data-title=\"One-way see-through glass\" data-views=\"491\" data-likes=\"0\"> <a href=\"https:\/\/lcdglass.biz\/wp-content\/flagallery\/see-through-glass\/webview\/ston-int3.jpg\" class=\"flagPhantom_Thumb\"><img decoding=\"async\" class=\"noLazy\" src=\"https:\/\/lcdglass.biz\/wp-content\/flagallery\/see-through-glass\/thumbs\/thumbs_ston-int3.jpg\" data-src=\"https:\/\/lcdglass.biz\/wp-content\/flagallery\/see-through-glass\/webview\/ston-int3.jpg\" alt=\"One-way see-through glass\"\/><\/a> <div class=\"flagPhantom_ThumbLabel\"> <span class=\"flagPhantom_ThumbLabel_title\">One-way see-through glass<\/span><\/div> <div style=\"display:none;\" class=\"flagPhantom_Details\"> <div class=\"flagPhantom_description\"> <div class=\"flagPhantom_title\">One-way see-through glass<\/div> <div class=\"flagPhantom_text\"><p>See-through glass interior design application<br \/>Arredamento d'interni con vetro in visione a senso unico<br \/>Verre avec vue \u00e0 sens unique dans une d\u00e9coration int\u00e9rieure<br \/>Vidrio de privacidad en la decoraci\u00f3n de interiores<\/p><\/div> <\/div> <\/div> <\/div> <div class=\"flagPhantom_ThumbContainer flagPhantom_ThumbLoader\" data-id=\"21\" data-ratio=\"1.3333333333333\" data-title=\"One-way see-through glass\" data-views=\"461\" data-likes=\"0\"> <a href=\"https:\/\/lcdglass.biz\/wp-content\/flagallery\/see-through-glass\/webview\/wall-in.jpg\" class=\"flagPhantom_Thumb\"><img decoding=\"async\" class=\"noLazy\" src=\"https:\/\/lcdglass.biz\/wp-content\/flagallery\/see-through-glass\/thumbs\/thumbs_wall-in.jpg\" data-src=\"https:\/\/lcdglass.biz\/wp-content\/flagallery\/see-through-glass\/webview\/wall-in.jpg\" alt=\"One-way see-through glass\"\/><\/a> <div class=\"flagPhantom_ThumbLabel\"> <span class=\"flagPhantom_ThumbLabel_title\">One-way see-through glass<\/span><\/div> <div style=\"display:none;\" class=\"flagPhantom_Details\"> <div class=\"flagPhantom_description\"> <div class=\"flagPhantom_title\">One-way see-through glass<\/div> <div class=\"flagPhantom_text\"><p>View from inside the building<br \/>Vue de l'int\u00e9rieur du b\u00e2timent<br \/>Vista da interno edificio<br \/>Vista desde el interior del edificio<\/p><\/div> <\/div> <\/div> <\/div> <div class=\"flagPhantom_ThumbContainer flagPhantom_ThumbLoader\" data-id=\"22\" data-ratio=\"1\" data-title=\"One-way see-through glass\" data-views=\"447\" data-likes=\"0\"> <a href=\"https:\/\/lcdglass.biz\/wp-content\/flagallery\/see-through-glass\/webview\/wall-out.jpg\" class=\"flagPhantom_Thumb\"><img decoding=\"async\" class=\"noLazy\" src=\"https:\/\/lcdglass.biz\/wp-content\/flagallery\/see-through-glass\/thumbs\/thumbs_wall-out.jpg\" data-src=\"https:\/\/lcdglass.biz\/wp-content\/flagallery\/see-through-glass\/webview\/wall-out.jpg\" alt=\"One-way see-through glass\"\/><\/a> <div class=\"flagPhantom_ThumbLabel\"> <span class=\"flagPhantom_ThumbLabel_title\">One-way see-through glass<\/span><\/div> <div style=\"display:none;\" class=\"flagPhantom_Details\"> <div class=\"flagPhantom_description\"> <div class=\"flagPhantom_title\">One-way see-through glass<\/div> <div class=\"flagPhantom_text\"><p>View from outside the building<br \/>Vue de l'ext\u00e9rieur du b\u00e2timent<br \/>Vista da esterno edificio<br \/>Vista desde el exterior del edificio<\/p><\/div> <\/div> <\/div> <\/div> <\/div> <\/div> <script type=\"text\/javascript\"> jQuery(function(){ var settings = {\"maxheight\":\"0\",\"thumbCols\":\"0\",\"thumbRows\":\"0\",\"thumbsNavigation\":\"scroll\",\"bgColor\":\"#ffffff\",\"bgAlpha\":\"0\",\"thumbWidth\":\"200\",\"thumbHeight\":\"180\",\"thumbWidthMobile\":\"150\",\"thumbHeightMobile\":\"135\",\"thumbsSpacing\":\"8\",\"thumbsVerticalPadding\":\"4\",\"thumbsHorizontalPadding\":\"4\",\"thumbsAlign\":\"center\",\"thumbScale\":\"1\",\"thumbBG\":\"#ffffff\",\"thumbAlpha\":\"90\",\"thumbAlphaHover\":\"100\",\"thumbBorderSize\":\"1\",\"thumbBorderColor\":\"#cccccc\",\"thumbPadding\":\"2\",\"thumbsInfo\":\"label\",\"labelOnHover\":\"1\",\"labelTextColor\":\"#ffffff\",\"labelLinkColor\":\"#e7e179\",\"label8TextColor\":\"#0b0b0b\",\"label8LinkColor\":\"#3695E7\",\"tooltipTextColor\":\"#0b0b0b\",\"tooltipBgColor\":\"#ffffff\",\"tooltipStrokeColor\":\"#000000\",\"lightboxControlsColor\":\"#ffffff\",\"lightboxTitleColor\":\"#f3f3f3\",\"lightboxTextColor\":\"#f3f3f3\",\"lightboxBGColor\":\"#0b0b0b\",\"lightboxBGAlpha\":\"80\",\"socialShareEnabled\":\"1\",\"deepLinks\":\"1\",\"sidebarBGColor\":\"#ffffff\",\"lightbox800HideArrows\":\"0\",\"viewsEnabled\":\"1\",\"likesEnabled\":\"1\",\"thumb2link\":\"0\",\"show_title\":\"1\",\"initRPdelay\":\"200\",\"key\":\"\",\"name\":\"\",\"mfp_css\":\"\\r\\n#mfp_gm_sc1_4 .mfp-arrow-right:after,\\r\\n#mfp_gm_sc1_4 .mfp-arrow-right .mfp-a {border-left-color:#ffffff;}\\r\\n#mfp_gm_sc1_4 .mfp-arrow-left:after,\\r\\n#mfp_gm_sc1_4 .mfp-arrow-left .mfp-a {border-right-color:#ffffff;}\\r\\n#mfp_gm_sc1_4 .mfp-close,\\r\\n#mfp_gm_sc1_4 .mfp-likes,\\r\\n#mfp_gm_sc1_4 .mfp-share {color:#ffffff;}\\r\\n#mfp_gm_sc1_4 .mfp-preloader {background-color:#ffffff;}\\r\\n#mfp_gm_sc1_4 .flagPhantom_title,\\r\\n#mfp_gm_sc1_4 .mfp-counter {color:#f3f3f3;}\\r\\n#mfp_gm_sc1_4 .flagPhantom_text {color:#f3f3f3;}\\r\\n#mfp_gm_sc1_4_bg.mfp-bg {background-color:#0b0b0b;}\\r\\n#mfp_gm_sc1_4_bg.mfp-bg {opacity:0.8;}\\r\\n#mfp_gm_sc1_4_bg.mfp-zoom-in.mfp-bg {opacity:0}\\r\\n#mfp_gm_sc1_4_bg.mfp-zoom-in.mfp-ready.mfp-bg {opacity:0.8;}\\r\\n#mfp_gm_sc1_4_bg.mfp-zoom-in.mfp-removing.mfp-bg {opacity:0}\"}; jQuery('#FlaGallery_sc1_4').flagPhantom([settings]); }); <\/script><\/div><\/div><noscript id=\"noscript_FlaGallery_sc1_4\"><img class=\"skip-lazy no-lazyload noLazy\" data-lazy-src=\"\" src =\"https:\/\/lcdglass.biz\/wp-content\/flagallery\/see-through-glass\/build-in.jpg\" alt=\"One-way see-through glass\" \/><img class=\"skip-lazy no-lazyload noLazy\" data-lazy-src=\"\" src =\"https:\/\/lcdglass.biz\/wp-content\/flagallery\/see-through-glass\/build-out.jpg\" alt=\"One-way see-through glass\" \/><img class=\"skip-lazy no-lazyload noLazy\" data-lazy-src=\"\" src =\"https:\/\/lcdglass.biz\/wp-content\/flagallery\/see-through-glass\/church-inside.jpg\" alt=\"One-way see-through glass\" \/><img class=\"skip-lazy no-lazyload noLazy\" data-lazy-src=\"\" src =\"https:\/\/lcdglass.biz\/wp-content\/flagallery\/see-through-glass\/church-outside.jpg\" alt=\"One-way see-through glass\" \/><img class=\"skip-lazy no-lazyload noLazy\" data-lazy-src=\"\" src =\"https:\/\/lcdglass.biz\/wp-content\/flagallery\/see-through-glass\/ext-int.jpg\" alt=\"One-way see-through glass\" \/><img class=\"skip-lazy no-lazyload noLazy\" data-lazy-src=\"\" src =\"https:\/\/lcdglass.biz\/wp-content\/flagallery\/see-through-glass\/int-ext.jpg\" alt=\"One-way see-through glass\" \/><img class=\"skip-lazy no-lazyload noLazy\" data-lazy-src=\"\" src =\"https:\/\/lcdglass.biz\/wp-content\/flagallery\/see-through-glass\/ledonewayglass.jpg\" alt=\"One-way see-through glass\" \/><img class=\"skip-lazy no-lazyload noLazy\" data-lazy-src=\"\" src =\"https:\/\/lcdglass.biz\/wp-content\/flagallery\/see-through-glass\/ston-int1.jpg\" alt=\"One-way see-through glass\" \/><img class=\"skip-lazy no-lazyload noLazy\" data-lazy-src=\"\" src =\"https:\/\/lcdglass.biz\/wp-content\/flagallery\/see-through-glass\/ston-int2.jpg\" alt=\"One-way see-through glass\" \/><img class=\"skip-lazy no-lazyload noLazy\" data-lazy-src=\"\" src =\"https:\/\/lcdglass.biz\/wp-content\/flagallery\/see-through-glass\/ston-int3.jpg\" alt=\"One-way see-through glass\" \/><img class=\"skip-lazy no-lazyload noLazy\" data-lazy-src=\"\" src =\"https:\/\/lcdglass.biz\/wp-content\/flagallery\/see-through-glass\/wall-in.jpg\" alt=\"One-way see-through glass\" \/><img class=\"skip-lazy no-lazyload noLazy\" data-lazy-src=\"\" src =\"https:\/\/lcdglass.biz\/wp-content\/flagallery\/see-through-glass\/wall-out.jpg\" alt=\"One-way see-through glass\" \/><\/noscript><\/p>","protected":false},"excerpt":{"rendered":"<p>The brand new &#8220;one-way-see-through&#8221; privacy windows represent a truly unique product in our selection for privacy protection applications. The &#8220;one-way-see-through&#8221; glass is a hi-tech pane of special glass and polarizing material which allows one-way observation from inside a room or building at the same time preventing the people on the \u2026<\/p>\n<p class=\"continue-reading-button\"> <a class=\"continue-reading-link\" href=\"https:\/\/lcdglass.biz\/en\/products\/privacy-glass\/\">Continue reading<i class=\"crycon-right-dir\"><\/i><\/a><\/p>\n","protected":false},"author":2,"featured_media":0,"parent":129,"menu_order":0,"comment_status":"closed","ping_status":"open","template":"","meta":{"footnotes":""},"class_list":["post-230","page","type-page","status-publish","hentry"],"aioseo_notices":[],"_links":{"self":[{"href":"https:\/\/lcdglass.biz\/en\/wp-json\/wp\/v2\/pages\/230","targetHints":{"allow":["GET"]}}],"collection":[{"href":"https:\/\/lcdglass.biz\/en\/wp-json\/wp\/v2\/pages"}],"about":[{"href":"https:\/\/lcdglass.biz\/en\/wp-json\/wp\/v2\/types\/page"}],"author":[{"embeddable":true,"href":"https:\/\/lcdglass.biz\/en\/wp-json\/wp\/v2\/users\/2"}],"replies":[{"embeddable":true,"href":"https:\/\/lcdglass.biz\/en\/wp-json\/wp\/v2\/comments?post=230"}],"version-history":[{"count":4,"href":"https:\/\/lcdglass.biz\/en\/wp-json\/wp\/v2\/pages\/230\/revisions"}],"predecessor-version":[{"id":281,"href":"https:\/\/lcdglass.biz\/en\/wp-json\/wp\/v2\/pages\/230\/revisions\/281"}],"up":[{"embeddable":true,"href":"https:\/\/lcdglass.biz\/en\/wp-json\/wp\/v2\/pages\/129"}],"wp:attachment":[{"href":"https:\/\/lcdglass.biz\/en\/wp-json\/wp\/v2\/media?parent=230"}],"curies":[{"name":"wp","href":"https:\/\/api.w.org\/{rel}","templated":true}]}}