{"id":127,"date":"2014-01-25T23:01:01","date_gmt":"2014-01-25T23:01:01","guid":{"rendered":"http:\/\/lcdglass.info\/?page_id=127"},"modified":"2016-09-21T17:24:51","modified_gmt":"2016-09-21T16:24:51","slug":"about-us","status":"publish","type":"page","link":"https:\/\/lcdglass.biz\/en\/about-us\/","title":{"rendered":"About us"},"content":{"rendered":"<p><span id=\"result_box\" lang=\"en\"><span title=\"SPECTRADOME \u00e8 un'azienda italo-svizzera specializzata nel settore della sorveglianza e difesa elettronica, consulenza e progettazione di sistemi elettronici: operiamo a livello internazionale e disponiamo di alcuni dei migliori ritrovati tecnologici del settore. \"><a href=\"http:\/\/lcdglass.biz\/wp-content\/uploads\/2014\/01\/company.jpg\"><img loading=\"lazy\" decoding=\"async\" class=\"alignright wp-image-362 size-medium\" src=\"http:\/\/lcdglass.info\/wp-content\/uploads\/2014\/01\/company-300x201.jpg\" alt=\"our company\" width=\"300\" height=\"201\" srcset=\"https:\/\/lcdglass.biz\/wp-content\/uploads\/2014\/01\/company-300x201.jpg 300w, https:\/\/lcdglass.biz\/wp-content\/uploads\/2014\/01\/company-223x150.jpg 223w, https:\/\/lcdglass.biz\/wp-content\/uploads\/2014\/01\/company-150x100.jpg 150w, https:\/\/lcdglass.biz\/wp-content\/uploads\/2014\/01\/company.jpg 500w\" sizes=\"auto, (max-width: 300px) 100vw, 300px\" \/><\/a>SPECTRADOME is an Italian-Swiss company operating extensively in the field of surveillance and defense electronics, consulting and design of electronic systems : we operate at an international level and currently possess some of the best technology in the industry.<\/span><\/span><\/p>\n<p><span title=\"Oltre ad una selezione estremamente completa, che si estende dai prodotti per la sorveglianza e sicurezza alle apparecchiature elettroniche pi\u00f9 costose, SPECTRADOME \u00e8 specializzata nella progettazione e manifattura di prodotti hi-tech di alta qualit\u00e0 e ad uso specifico: il sistema PRIVAGLASS (vetro LCD a\">In addition to an extremely comprehensive selection , which extends from security and surveillance products to more complicated electronics, SPECTRADOME specializes in the design and manufacture of hi-tech products: the PRIVAGLASS LCD glass system represents<\/span><span title=\"cristalli liquidi) costituisce non solo uno dei nostri maggiori successi, ma soprattutto uno strumento perfetto per chiunque desideri tutelare la propria privacy e riservatezza con un tocco di stile. \"> not only one of our greatest achievements, but above all it is a perfect tool for anyone who wants to protect their privacy in everyday&#8217;s personal and business life without neglecting a touch of style .<\/span><\/p>\n<p><span title=\"cristalli liquidi) costituisce non solo uno dei nostri maggiori successi, ma soprattutto uno strumento perfetto per chiunque desideri tutelare la propria privacy e riservatezza con un tocco di stile. \">Our product selection is unique in the world and we are proud to be able to offer our LCD switchable glass in four different LCD blends and virtually any type of glass make, ranging from ordinary thermopane to bulletproof slabs. Thanks to a competent technical division and an extremely skilled installation crew, we are able to provide complete turn-key solutions that include LCD glass and its installation in virtually any situation and even if ordinary glass slabs or windows are already in place, without the need to replace them.<br \/>\nWe are accustomed to serve clients worldwide and our installation crew can definitely perform or supervise installations of our PRIVAGLASS LCD glass system all over the world.<br \/>\n<\/span><\/p>\n<p><span id=\"result_box\" lang=\"en\"><span title=\"All'interno della pagina \u201cprodotti\u201d abbiamo reso disponibile una descrizione dettagliata per ognuno dei nostri prodotti disponibili, che comprendono vetri LCD a cristallo liquido, vetri LED, vetri olografici, vetri multimediali e vetri \">Within this website, we have made available a detailed description for each of our systems, which include liquid crystal LCD glass , LED glass , holographic glass, multimedia windows and &#8220;see-through&#8221; privacy glass for one-way vision applications<\/span><span title=\".\">. <\/span><\/span><\/p>\n<p><span id=\"result_box\" lang=\"en\"><span title=\"Nelle altre pagine di questo sito sono disponibili documenti video e fotografici oltre a documenti stampabili in formato PDF, resi disponibili per permettere una valutazione immediata delle prestazioni dei nostri vetri LCD PRIVAGLASS. \">On the various other pages of this website, various photographic and video files as well as downloadable PDF documents are available to allow our clients an immediate evaluation of both performance and aesthetics of our PRIVAGLASS LCD glass systems.<\/span><\/span><\/p>\n<p><span title=\"Siamo a disposizione per qualsiasi chiarimento relativamente al nostro sistema con lastra vetro oscurabile LCD PRIVAGLASS, ai vetri LED ed a tutti gli altri nostri prodotti e sistemi, come pure per richieste relative ad affiliazione e rivendita. \">We are available to answer any questions regarding our LCD glass system as well as the other systems in our selection.<\/span><\/p>\n<p><span title=\"Ulteriori informazioni sono disponibili nelle sezioni \u201crivenditori\u201d e \u201ccome comprare\u201d del nostro sito.\">Our company also offers resale and dealership opportunities for our LCD window and glass systems: additional information concerning affiliation and resale is available by browsing the &#8220;resellers&#8221; and &#8220;how to buy&#8221; sections of our website.<\/span><\/p>","protected":false},"excerpt":{"rendered":"<p>SPECTRADOME is an Italian-Swiss company operating extensively in the field of surveillance and defense electronics, consulting and design of electronic systems : we operate at an international level and currently possess some of the best technology in the industry. In addition to an extremely comprehensive selection , which extends from \u2026<\/p>\n<p class=\"continue-reading-button\"> <a class=\"continue-reading-link\" href=\"https:\/\/lcdglass.biz\/en\/about-us\/\">Continue reading<i class=\"crycon-right-dir\"><\/i><\/a><\/p>\n","protected":false},"author":2,"featured_media":0,"parent":0,"menu_order":0,"comment_status":"closed","ping_status":"open","template":"","meta":{"footnotes":""},"class_list":["post-127","page","type-page","status-publish","hentry"],"aioseo_notices":[],"_links":{"self":[{"href":"https:\/\/lcdglass.biz\/en\/wp-json\/wp\/v2\/pages\/127","targetHints":{"allow":["GET"]}}],"collection":[{"href":"https:\/\/lcdglass.biz\/en\/wp-json\/wp\/v2\/pages"}],"about":[{"href":"https:\/\/lcdglass.biz\/en\/wp-json\/wp\/v2\/types\/page"}],"author":[{"embeddable":true,"href":"https:\/\/lcdglass.biz\/en\/wp-json\/wp\/v2\/users\/2"}],"replies":[{"embeddable":true,"href":"https:\/\/lcdglass.biz\/en\/wp-json\/wp\/v2\/comments?post=127"}],"version-history":[{"count":8,"href":"https:\/\/lcdglass.biz\/en\/wp-json\/wp\/v2\/pages\/127\/revisions"}],"predecessor-version":[{"id":439,"href":"https:\/\/lcdglass.biz\/en\/wp-json\/wp\/v2\/pages\/127\/revisions\/439"}],"wp:attachment":[{"href":"https:\/\/lcdglass.biz\/en\/wp-json\/wp\/v2\/media?parent=127"}],"curies":[{"name":"wp","href":"https:\/\/api.w.org\/{rel}","templated":true}]}}